{"id":3143,"date":"2025-06-17T06:39:15","date_gmt":"2025-06-17T06:39:15","guid":{"rendered":"https:\/\/betterselfcoaching.com\/?page_id=3143"},"modified":"2026-03-20T12:03:35","modified_gmt":"2026-03-20T12:03:35","slug":"conoce-a-tu-coach","status":"publish","type":"page","link":"https:\/\/betterselfcoaching.com\/es\/conoce-a-tu-coach\/","title":{"rendered":"Conoce a tu Coach"},"content":{"rendered":"\n<div class=\"wp-block-uagb-container uagb-block-3c3c8cca alignfull uagb-is-root-container\"><div class=\"uagb-container-inner-blocks-wrap\">\n<div class=\"wp-block-uagb-advanced-heading uagb-block-ceaf28e8\"><h1 class=\"uagb-heading-text\"><strong>Conoce a tu Coach<\/strong><\/h1><div class=\"uagb-separator\"><\/div><\/div>\n\n\n\n<p><strong> <\/strong><\/p>\n<\/div><\/div>\n\n\n\n<div class=\"wp-block-uagb-container uagb-block-5fe1efa9 default uagb-is-root-container\">\n<div class=\"wp-block-uagb-container uagb-block-16c5453a\">\n<div class=\"wp-block-uagb-image alignleft uagb-block-49c8c1d8 wp-block-uagb-image--layout-default wp-block-uagb-image--effect-static wp-block-uagb-image--align-left\"><figure class=\"wp-block-uagb-image__figure\"><img decoding=\"async\" srcset=\"https:\/\/betterselfcoaching.com\/wp-content\/uploads\/2025\/06\/IMG_6593.png ,https:\/\/betterselfcoaching.com\/wp-content\/uploads\/2025\/06\/IMG_6593.png 780w, https:\/\/betterselfcoaching.com\/wp-content\/uploads\/2025\/06\/IMG_6593-225x300.png 360w\" sizes=\"auto, (max-width: 480px) 150px\" src=\"https:\/\/betterselfcoaching.com\/wp-content\/uploads\/2025\/06\/IMG_6593.png\" alt=\"Gabriela, coach de vida trans, con cabello rizado casta\u00f1o y maquillaje natural, en un retrato con luz suave para BetterSelf Coaching.\" class=\"uag-image-2910\" width=\"440\" height=\"520\" title=\"Gabriela \u2014 Coach de Vida Trans\" loading=\"lazy\" role=\"img\"\/><\/figure><\/div>\n<\/div>\n\n\n\n<div class=\"wp-block-uagb-container uagb-block-8a18a153\">\n<div class=\"wp-block-uagb-info-box uagb-block-fafa4063 uagb-infobox__content-wrap  uagb-infobox-icon-above-title uagb-infobox-image-valign-top\"><div class=\"uagb-ifb-content\"><div class=\"uagb-ifb-title-wrap\"><h4 class=\"uagb-ifb-title\">Soy Gabriela, <\/h4><\/div><div class=\"uagb-ifb-separator\"><\/div><p class=\"uagb-ifb-desc\">Mi trabajo consiste en ayudar a las mujeres a recordar su poder \u2014 especialmente a aquellas que saben lo que es sentirse como una extra\u00f1a \u2014 en un mundo que sigue intentando dividirnos.<br><br>S\u00e9 lo que es moverse por el mundo como alguien que otros esperaban fueras \u2014 asignada y moldeada al nacer \u2014 y lo que significa, por fin, vivir como quien siempre he tenido la certeza de ser.&nbsp;<br><br>Y en ese camino descubr\u00ed algo fundamental: <strong>la presencia aut\u00e9ntica no es solo transformaci\u00f3n personal. Es resistencia pol\u00edtica. Es resiliencia,&nbsp; Es poder.<\/strong><br><br>Lo que viv\u00ed no fue una transici\u00f3n \u2014 fue una emergencia. El valor de dejar de actuar y empezar a vivir. Y a trav\u00e9s de este mi sendero, aprend\u00ed algo: nuestras luchas m\u00e1s profundas a menudo contienen nuestra mayor sabidur\u00eda.<br><br>Hoy, uso esa sabidur\u00eda para ayudar a otras a reencontrarse consigo mismas \u2014 y a reclamar su lugar dentro de una feminidad que tiene espacio para todas nosotras.<br><br><strong>Mi enfoque combina coaching de vida pr\u00e1ctico con inteligencia emocional y trabajo som\u00e1tico.<\/strong>&nbsp;<br><br>Pero lo que hace diferente nuestro trabajo juntas es esto: conozco el costo de vivir aut\u00e9nticamente en un mundo que no siempre hace espacio para quien realmente eres.<br><br>S\u00e9 lo que se necesita para reclamar tu identidad, tu voz, tu derecho a existir plenamente &#8211; tu fuerza y tu destino.<br><br><\/p><\/div><\/div>\n<\/div>\n\n\n\n<div class=\"wp-block-uagb-container uagb-block-797dc144\">\n<div class=\"wp-block-uagb-info-box uagb-block-4681c401 uagb-infobox__content-wrap  uagb-infobox-icon-above-title uagb-infobox-image-valign-top\"><div class=\"uagb-ifb-content\"><div class=\"uagb-ifb-title-wrap\"><h5 class=\"uagb-ifb-title\"><strong><strong>Soy una mujer trans, coach de vida y constructora de puentes.<\/strong><\/strong><\/h5><\/div><div class=\"uagb-ifb-separator\"><\/div><p class=\"uagb-ifb-desc\">Ya seas alguien que cuestiona todo lo que cre\u00edas saber sobre ti misma, que desaf\u00eda normas obsoletas, que atraviesa su propio sendero de emergencia, que se siente atacada, sola, silenciosamente agotada, o simplemente lista para dejar de encogerse para encajar en espacios que nunca estuvieron hechos para tu verdad \u2014 <strong>te veo<\/strong>. He estado ah\u00ed. Y conozco el camino hacia adelante.<br><br>Estoy radicada en la costa sureste del Reino Unido, soy originalmente de Espa\u00f1a y trabajo con personas de todo el mundo, en ingl\u00e9s y en espa\u00f1ol.<br>Porque la transformaci\u00f3n no tiene fronteras \u2014 y la necesidad de volver a casa a ti misma, tampoco.<br><br><strong>Esto es para ti si est\u00e1s lista para:<\/strong><br>Dejar de actuar y empezar a vivir aut\u00e9nticamente<br>Navegar tu identidad y grandes transiciones con alguien que lo entiende<br>Construir puentes en lugar de muros &#8211; con otros y dentro de s\u00ed mismas<br>Cambiar lo superficial por una transformaci\u00f3n profunda y duradera<br>Entrar en tu pleno poder \u2014 sin disculpas<br><br><strong>Sin f\u00f3rmulas prefabricadas. Sin presi\u00f3n para encajar.<\/strong><br>Solo t\u00fa, yo, y el valor de encarnar esa versi\u00f3n tuya que est\u00e1 lista para emerger.<br>Y lo sabes, lo sientes, est\u00e1s lista.<br><strong>Porque ni rota, ni descosida.<\/strong><br><br><strong>\u00bfLista para recordar tu poder?<\/strong><br><br><em>\u00abLa transformaci\u00f3n no solo es posible \u2014 es natural.\u00bb<\/em><br><br><br><\/p><\/div><\/div>\n<\/div>\n<\/div>\n\n\n\n<div class=\"wp-block-uagb-container uagb-block-84176ae9 default uagb-is-root-container\">\n<div class=\"wp-block-uagb-container uagb-block-9ebf274b\">\n<div class=\"wp-block-uagb-advanced-heading uagb-block-3015b2b0\"><h2 class=\"uagb-heading-text\"><strong>Mi Trabajo<\/strong><\/h2><\/div>\n\n\n\n<p><strong>Mi trabajo<\/strong> se basa en algo poco com\u00fan: la tormenta perfecta de formaci\u00f3n acad\u00e9mica y maestr\u00eda vivida.<\/p>\n\n\n\n<p>Ens\u00e9\u00f1ame una cualificaci\u00f3n que te ense\u00f1e a reconstruir tu vida entera desde cero, con nada m\u00e1s que tu verdad.<br><strong>Te espero.<\/strong><\/p>\n\n\n\n<div class=\"wp-block-uagb-advanced-heading uagb-block-669dd1d1\"><h3 class=\"uagb-heading-text\"><strong><strong><strong>Lo Que Tengo&nbsp;<\/strong><br><strong>(Formaci\u00f3n Acad\u00e9mica)<\/strong><\/strong><\/strong><\/h3><\/div>\n\n\n\n<ul class=\"wp-block-list\">\n<li>Certificaci\u00f3n en Life Coaching y seguro completo<br><\/li>\n\n\n\n<li>Tres titulaciones incluyendo estudios e investigaci\u00f3n acad\u00e9mica en identidad de g\u00e9nero y feminismo<br><\/li>\n\n\n\n<li>20 a\u00f1os como artista perform\u00e1tica profesional (la transformaci\u00f3n es mi forma de arte)<br><\/li>\n\n\n\n<li>Formaci\u00f3n avanzada en Mindfulness, trabajo Som\u00e1tico, EFT y PNL<br><\/li>\n\n\n\n<li>Pr\u00e1ctica biling\u00fce sirviendo a una comunidad global<\/li>\n<\/ul>\n<\/div>\n\n\n\n<div class=\"wp-block-uagb-container uagb-block-508279e5\">\n<div class=\"wp-block-uagb-advanced-heading uagb-block-8c875c0b\"><h3 class=\"uagb-heading-text\"><strong><strong><strong>Lo Que Realmente Aporto&nbsp;<\/strong><br><strong>(Maestr\u00eda Vivida)<\/strong><\/strong><\/strong><\/h3><\/div>\n\n\n\n<ul class=\"wp-block-list\">\n<li>55 a\u00f1os de experiencia pr\u00e1ctica en resiliencia<br><\/li>\n\n\n\n<li>Superviviente del activismo desde la era de Franco, pasando por la Movida madrile\u00f1a hasta el mundo art\u00edstico londinense<br><\/li>\n\n\n\n<li>Maestr\u00eda navegando sistemas que no fueron construidos para personas como yo\u2014como nosotras\u2014como T\u00da<br><\/li>\n\n\n\n<li>Neurodivergente (dispraxia) \u2014 entendiendo diferentes formas de ser, pensar y sentir<br><\/li>\n\n\n\n<li>Resiliencia a prueba de fuego en el mundo real<\/li>\n<\/ul>\n\n\n\n<div class=\"wp-block-uagb-advanced-heading uagb-block-44d96028\"><h3 class=\"uagb-heading-text\"><strong><strong>La Verdadera Pregunta<\/strong><\/strong><\/h3><\/div>\n\n\n\n<p>La pregunta no es si estoy cualificada. M\u00edrame. Soy todas las credenciales que alguien podr\u00eda necesitar.<\/p>\n\n\n\n<p><strong>Mi vida es una clase magistral en resiliencia, reinvenci\u00f3n y resurgir de las cenizas<\/strong> (literalmente de las cenizas). <\/p>\n\n\n\n<p>No solo est\u00e1s contratando a una coach de vida mujer trans \u2014 est\u00e1s accediendo a d\u00e9cadas de sabidur\u00eda de alguien que ha caminado todos los senderos hacia la autenticidad y ha emergido victoriosa.<\/p>\n\n\n\n<p>Alguien que desaf\u00eda poder social, creencia limitante, leyes, normas de g\u00e9nero, barreras de edad y fronteras de idioma, pa\u00eds y cultura\u2014en una cruzada por su propia verdad. Por una feminidad inclusiva, fuerte y poderosa \u2014 sin muros. En nombre de la libertad, la diversidad y la igualdad interseccional.<\/p>\n\n\n\n<p>La pregunta es si T\u00da est\u00e1s lista para una coach de vida que no solo ense\u00f1a la transformaci\u00f3n, sino que la personifica por completo<\/p>\n\n\n\n<div class=\"wp-block-button\"><a class=\"wp-block-button__link wp-element-button\" href=\"https:\/\/betterselfcoaching.com\/es\/trabaja-conmigo\/\">Trabaja Conmigo<\/a><\/div>\n\n\n\n<div class=\"wp-block-button\"><a class=\"wp-block-button__link wp-element-button\" href=\"https:\/\/betterselfcoaching.com\/es\/autoempoderamiento-2\/\">EL Trabajo<\/a><\/div>\n<\/div>\n<\/div>\n\n\n\n<div class=\"wp-block-uagb-container uagb-block-496163b7 default uagb-is-root-container\">\n<div class=\"wp-block-uagb-advanced-heading uagb-block-ac67201e\"><h2 class=\"uagb-heading-text\"><strong>Lo Que Dicen Mis Clientes<\/strong><\/h2><\/div>\n\n\n\n<div class=\"wp-block-uagb-info-box uagb-block-3fe81058 uagb-infobox__content-wrap  uagb-infobox-icon-above-title uagb-infobox-image-valign-top\"><div class=\"uagb-ifb-content\"><div class=\"uagb-ifb-title-wrap\"><\/div><div class=\"uagb-ifb-separator\"><\/div><\/div><\/div>\n\n\n\n<div class=\"wp-block-uagb-container uagb-block-d019377b default uagb-is-root-container\">\n<div class=\"wp-block-uagb-container uagb-block-f48d2b0c\">      \n\t\t\t<div class=\"uagb-icon-wrapper uagb-block-60c5f9a2      \"\n\t\t\tstyle=\"\" >\n\t\t\t\t\t\t\t\t\t<span class=\"uagb-svg-wrapper\" \n\t\t\t\t\t aria-label=\"quote-left\"\t\t\t\t\ttabindex=\"0\">\t\t\n\t\t\t\t\t\t\t\t\t\t<svg xmlns=\"https:\/\/www.w3.org\/2000\/svg\" viewBox= \"0 0 448 512\" role=\"graphics-symbol\" aria-hidden=\"false\" aria-label=\"\"><path d=\"M96 224C84.72 224 74.05 226.3 64 229.9V224c0-35.3 28.7-64 64-64c17.67 0 32-14.33 32-32S145.7 96 128 96C57.42 96 0 153.4 0 224v96c0 53.02 42.98 96 96 96s96-42.98 96-96S149 224 96 224zM352 224c-11.28 0-21.95 2.305-32 5.879V224c0-35.3 28.7-64 64-64c17.67 0 32-14.33 32-32s-14.33-32-32-32c-70.58 0-128 57.42-128 128v96c0 53.02 42.98 96 96 96s96-42.98 96-96S405 224 352 224z\"><\/path><\/svg>\n\t\t\t\t\t\t\t\t\t<\/span>\n\t\t\t\t\t\t\t<\/div>\n\t\t\t\n\n\n<h3 class=\"wp-block-heading has-medium-font-size\"><strong><strong>Qu\u00e9 puedes esperar<\/strong><\/strong><\/h3>\n\n\n\n<p>\u00abMe siento m\u00e1s libre \u2014 como si finalmente tuviera espacio para escucharme.\u00bb<\/p>\n\n\n\n<p><br>\u00abDesenred\u00e9 cosas que ni siquiera sab\u00eda que estaban conectadas.\u00bb<\/p>\n\n\n\n<p><br>\u00abNo se trata de tener todas las respuestas \u2014 se trata de finalmente hacer las preguntas correctas.\u00bb<\/p>\n\n\n\n<p><em>Muchas personas salen de las sesiones sinti\u00e9ndose m\u00e1s claras, m\u00e1s calmadas, y m\u00e1s conectadas consigo mismas.<\/em><\/p>\n\n\n\n<p><strong><em>El coaching de vida no es consejo \u2014 es insight, validaci\u00f3n, y espacio para crecer.<\/em><\/strong><\/p>\n<\/div>\n\n\n\n<div class=\"wp-block-uagb-container uagb-block-ce30c46f\">      \n\t\t\t<div class=\"uagb-icon-wrapper uagb-block-21687caf      \"\n\t\t\tstyle=\"\" >\n\t\t\t\t\t\t\t\t\t<span class=\"uagb-svg-wrapper\" \n\t\t\t\t\t aria-label=\"quote-left\"\t\t\t\t\ttabindex=\"0\">\t\t\n\t\t\t\t\t\t\t\t\t\t<svg xmlns=\"https:\/\/www.w3.org\/2000\/svg\" viewBox= \"0 0 448 512\" role=\"graphics-symbol\" aria-hidden=\"false\" aria-label=\"\"><path d=\"M96 224C84.72 224 74.05 226.3 64 229.9V224c0-35.3 28.7-64 64-64c17.67 0 32-14.33 32-32S145.7 96 128 96C57.42 96 0 153.4 0 224v96c0 53.02 42.98 96 96 96s96-42.98 96-96S149 224 96 224zM352 224c-11.28 0-21.95 2.305-32 5.879V224c0-35.3 28.7-64 64-64c17.67 0 32-14.33 32-32s-14.33-32-32-32c-70.58 0-128 57.42-128 128v96c0 53.02 42.98 96 96 96s96-42.98 96-96S405 224 352 224z\"><\/path><\/svg>\n\t\t\t\t\t\t\t\t\t<\/span>\n\t\t\t\t\t\t\t<\/div>\n\t\t\t\n\n\n<h3 class=\"wp-block-heading has-medium-font-size\"><strong>Trabaja con Gabriela<\/strong><\/h3>\n\n\n\n<p>\u00abNunca me sent\u00ed juzgada \u2014 solo escuchada.\u00bb<\/p>\n\n\n\n<p><br>\u00abMe ayud\u00f3 a sentirme lo suficientemente segura para explorar cosas que hab\u00eda estado evitando.\u00bb<\/p>\n\n\n\n<p><br>\u00abSe sinti\u00f3 como una conversaci\u00f3n, no como una actuaci\u00f3n.\u00bb<\/p>\n\n\n\n<p>Mi enfoque se basa en:<\/p>\n\n\n\n<ul class=\"wp-block-list\">\n<li>Escucha Profunda<\/li>\n\n\n\n<li>Presencia Aut\u00e9ntica<\/li>\n\n\n\n<li>Inteligencia Emocional<\/li>\n\n\n\n<li>Cero Juicio<\/li>\n\n\n\n<li>Calidez Genuina<\/li>\n<\/ul>\n\n\n\n<p><strong><em>Este es un espacio donde toda t\u00fa eres bienvenida<\/em><\/strong><\/p>\n<\/div>\n\n\n\n<div class=\"wp-block-uagb-container uagb-block-6509a9ea\">      \n\t\t\t<div class=\"uagb-icon-wrapper uagb-block-25b3fcde      \"\n\t\t\tstyle=\"\" >\n\t\t\t\t\t\t\t\t\t<span class=\"uagb-svg-wrapper\" \n\t\t\t\t\t aria-label=\"quote-left\"\t\t\t\t\ttabindex=\"0\">\t\t\n\t\t\t\t\t\t\t\t\t\t<svg xmlns=\"https:\/\/www.w3.org\/2000\/svg\" viewBox= \"0 0 448 512\" role=\"graphics-symbol\" aria-hidden=\"false\" aria-label=\"\"><path d=\"M96 224C84.72 224 74.05 226.3 64 229.9V224c0-35.3 28.7-64 64-64c17.67 0 32-14.33 32-32S145.7 96 128 96C57.42 96 0 153.4 0 224v96c0 53.02 42.98 96 96 96s96-42.98 96-96S149 224 96 224zM352 224c-11.28 0-21.95 2.305-32 5.879V224c0-35.3 28.7-64 64-64c17.67 0 32-14.33 32-32s-14.33-32-32-32c-70.58 0-128 57.42-128 128v96c0 53.02 42.98 96 96 96s96-42.98 96-96S405 224 352 224z\"><\/path><\/svg>\n\t\t\t\t\t\t\t\t\t<\/span>\n\t\t\t\t\t\t\t<\/div>\n\t\t\t\n\n\n<h3 class=\"wp-block-heading has-medium-font-size\"><strong>Qu\u00e9 NO esperar<\/strong><\/h3>\n\n\n\n<p>El coaching conmigo no se trata de arreglarte \u2014 porque no est\u00e1s rota.<\/p>\n\n\n\n<p>Yo no tengo las respuestas, lo que tengo son todas las preguntas correctas.<\/p>\n\n\n\n<p>No es:<\/p>\n\n\n\n<ul class=\"wp-block-list\">\n<li>Terapia o apoyo en crisis<\/li>\n\n\n\n<li>Dar consejos o decirte qu\u00e9 hacer<\/li>\n\n\n\n<li>Una soluci\u00f3n r\u00e1pida o universal<\/li>\n\n\n\n<li>Un lugar donde tienes que probarte a ti misma<\/li>\n<\/ul>\n\n\n\n<p><strong><em>Se trata de crecer \u2014 no de actuar. Y t\u00fa marcas el ritmo.<\/em><\/strong><\/p>\n<\/div>\n<\/div>\n\n\n\n<div class=\"wp-block-uagb-container uagb-block-05746df8 alignfull uagb-is-root-container\"><div class=\"uagb-container-inner-blocks-wrap\"><\/div><\/div>\n\n\n\n<div class=\"wp-block-button\"><a class=\"wp-block-button__link wp-element-button\" href=\"https:\/\/betterselfcoaching.com\/es\/trabaja-conmigo\/\">Trabaja Conmigo<\/a><\/div>\n<\/div>\n","protected":false},"excerpt":{"rendered":"<p>Conoce a tu Coach Mi Trabajo Mi trabajo se basa en algo poco com\u00fan: la tormenta perfecta de formaci\u00f3n acad\u00e9mica y maestr\u00eda vivida. Ens\u00e9\u00f1ame una cualificaci\u00f3n que te ense\u00f1e a reconstruir tu vida entera desde cero, con nada m\u00e1s que tu verdad.Te espero. Lo Que Tengo&nbsp;(Formaci\u00f3n Acad\u00e9mica) Lo Que Realmente Aporto&nbsp;(Maestr\u00eda Vivida) La Verdadera Pregunta [&hellip;]<\/p>\n","protected":false},"author":1,"featured_media":0,"parent":0,"menu_order":0,"comment_status":"closed","ping_status":"closed","template":"","meta":{"_uag_custom_page_level_css":"","site-sidebar-layout":"no-sidebar","site-content-layout":"page-builder","ast-site-content-layout":"full-width-container","site-content-style":"unboxed","site-sidebar-style":"unboxed","ast-global-header-display":"","ast-banner-title-visibility":"","ast-main-header-display":"","ast-hfb-above-header-display":"","ast-hfb-below-header-display":"","ast-hfb-mobile-header-display":"","site-post-title":"disabled","ast-breadcrumbs-content":"","ast-featured-img":"disabled","footer-sml-layout":"","ast-disable-related-posts":"","theme-transparent-header-meta":"enabled","adv-header-id-meta":"","stick-header-meta":"","header-above-stick-meta":"","header-main-stick-meta":"","header-below-stick-meta":"","astra-migrate-meta-layouts":"set","ast-page-background-enabled":"default","ast-page-background-meta":{"desktop":{"background-color":"","background-image":"","background-repeat":"repeat","background-position":"center center","background-size":"auto","background-attachment":"scroll","background-type":"","background-media":"","overlay-type":"","overlay-color":"","overlay-opacity":"","overlay-gradient":""},"tablet":{"background-color":"","background-image":"","background-repeat":"repeat","background-position":"center center","background-size":"auto","background-attachment":"scroll","background-type":"","background-media":"","overlay-type":"","overlay-color":"","overlay-opacity":"","overlay-gradient":""},"mobile":{"background-color":"","background-image":"","background-repeat":"repeat","background-position":"center center","background-size":"auto","background-attachment":"scroll","background-type":"","background-media":"","overlay-type":"","overlay-color":"","overlay-opacity":"","overlay-gradient":""}},"ast-content-background-meta":{"desktop":{"background-color":"var(--ast-global-color-5)","background-image":"","background-repeat":"repeat","background-position":"center center","background-size":"auto","background-attachment":"scroll","background-type":"","background-media":"","overlay-type":"","overlay-color":"","overlay-opacity":"","overlay-gradient":""},"tablet":{"background-color":"var(--ast-global-color-5)","background-image":"","background-repeat":"repeat","background-position":"center center","background-size":"auto","background-attachment":"scroll","background-type":"","background-media":"","overlay-type":"","overlay-color":"","overlay-opacity":"","overlay-gradient":""},"mobile":{"background-color":"var(--ast-global-color-5)","background-image":"","background-repeat":"repeat","background-position":"center center","background-size":"auto","background-attachment":"scroll","background-type":"","background-media":"","overlay-type":"","overlay-color":"","overlay-opacity":"","overlay-gradient":""}},"footnotes":""},"class_list":["post-3143","page","type-page","status-publish","hentry"],"aioseo_notices":[],"uagb_featured_image_src":{"full":false,"thumbnail":false,"medium":false,"medium_large":false,"large":false,"1536x1536":false,"2048x2048":false},"uagb_author_info":{"display_name":"Gabriela","author_link":"https:\/\/betterselfcoaching.com\/es\/author\/betterselfbyggmail-com\/"},"uagb_comment_info":0,"uagb_excerpt":"Conoce a tu Coach Mi Trabajo Mi trabajo se basa en algo poco com\u00fan: la tormenta perfecta de formaci\u00f3n acad\u00e9mica y maestr\u00eda vivida. Ens\u00e9\u00f1ame una cualificaci\u00f3n que te ense\u00f1e a reconstruir tu vida entera desde cero, con nada m\u00e1s que tu verdad.Te espero. Lo Que Tengo&nbsp;(Formaci\u00f3n Acad\u00e9mica) Lo Que Realmente Aporto&nbsp;(Maestr\u00eda Vivida) La Verdadera Pregunta&hellip;","_links":{"self":[{"href":"https:\/\/betterselfcoaching.com\/es\/wp-json\/wp\/v2\/pages\/3143","targetHints":{"allow":["GET"]}}],"collection":[{"href":"https:\/\/betterselfcoaching.com\/es\/wp-json\/wp\/v2\/pages"}],"about":[{"href":"https:\/\/betterselfcoaching.com\/es\/wp-json\/wp\/v2\/types\/page"}],"author":[{"embeddable":true,"href":"https:\/\/betterselfcoaching.com\/es\/wp-json\/wp\/v2\/users\/1"}],"replies":[{"embeddable":true,"href":"https:\/\/betterselfcoaching.com\/es\/wp-json\/wp\/v2\/comments?post=3143"}],"version-history":[{"count":44,"href":"https:\/\/betterselfcoaching.com\/es\/wp-json\/wp\/v2\/pages\/3143\/revisions"}],"predecessor-version":[{"id":5938,"href":"https:\/\/betterselfcoaching.com\/es\/wp-json\/wp\/v2\/pages\/3143\/revisions\/5938"}],"wp:attachment":[{"href":"https:\/\/betterselfcoaching.com\/es\/wp-json\/wp\/v2\/media?parent=3143"}],"curies":[{"name":"wp","href":"https:\/\/api.w.org\/{rel}","templated":true}]}}