{"id":3150,"date":"2025-06-17T06:39:16","date_gmt":"2025-06-17T06:39:16","guid":{"rendered":"https:\/\/betterselfcoaching.com\/?page_id=3150"},"modified":"2026-03-21T11:45:54","modified_gmt":"2026-03-21T11:45:54","slug":"contacto","status":"publish","type":"page","link":"https:\/\/betterselfcoaching.com\/es\/contacto\/","title":{"rendered":"Contacto"},"content":{"rendered":"\n<div class=\"wp-block-uagb-container uagb-block-6fbca592 alignfull uagb-is-root-container\"><div class=\"uagb-container-inner-blocks-wrap\">\n<div class=\"wp-block-uagb-advanced-heading uagb-block-ceaf28e8\"><h1 class=\"uagb-heading-text\">Contacto<\/h1><div class=\"uagb-separator\"><\/div><\/div>\n<\/div><\/div>\n\n\n\n<div class=\"wp-block-uagb-container uagb-block-a00e26a2 alignfull uagb-is-root-container\"><div class=\"uagb-container-inner-blocks-wrap\">\n<div class=\"wp-block-uagb-container uagb-block-f3bdb0f1 alignfull uagb-is-root-container\"><div class=\"uagb-container-inner-blocks-wrap\">\n<div class=\"wp-block-uagb-container uagb-block-f1515b2a\"><div class=\"wpforms-container wpforms-block wpforms-block-0957cb48-228d-4ae9-a169-79f7e3848955\" id=\"wpforms-5659\"><form id=\"wpforms-form-5659\" class=\"wpforms-validate wpforms-form wpforms-ajax-form\" data-formid=\"5659\" method=\"post\" enctype=\"multipart\/form-data\" action=\"\/es\/wp-json\/wp\/v2\/pages\/3150\" data-token=\"25a91fe9116f78b84217c3e7400a1f03\" data-token-time=\"1778071067\"><noscript class=\"wpforms-error-noscript\">Por favor, activa JavaScript en tu navegador para completar este formulario.<\/noscript><div class=\"wpforms-field-container\"><div id=\"wpforms-5659-field_4-container\" class=\"wpforms-field wpforms-field-name\" data-field-id=\"4\"><label class=\"wpforms-field-label\" for=\"wpforms-5659-field_4\">Nombre completo <span class=\"wpforms-required-label\">*<\/span><\/label><input type=\"text\" id=\"wpforms-5659-field_4\" class=\"wpforms-field-medium wpforms-field-required\" name=\"wpforms[fields][4]\" required><\/div><div id=\"wpforms-5659-field_1-container\" class=\"wpforms-field wpforms-field-email\" data-field-id=\"1\"><label class=\"wpforms-field-label\" for=\"wpforms-5659-field_1\">Correo Electronico  <span class=\"wpforms-required-label\">*<\/span><\/label><input type=\"email\" id=\"wpforms-5659-field_1\" class=\"wpforms-field-medium wpforms-field-required\" name=\"wpforms[fields][1]\" spellcheck=\"false\" required><\/div>\t\t<div id=\"wpforms-5659-field_5-container\"\n\t\t\tclass=\"wpforms-field wpforms-field-text\"\n\t\t\tdata-field-type=\"text\"\n\t\t\tdata-field-id=\"5\"\n\t\t\t>\n\t\t\t<label class=\"wpforms-field-label\" for=\"wpforms-5659-field_5\" >Correo GDPR <\/label>\n\t\t\t<input type=\"text\" id=\"wpforms-5659-field_5\" class=\"wpforms-field-medium\" name=\"wpforms[fields][5]\" >\n\t\t<\/div>\n\t\t<div id=\"wpforms-5659-field_2-container\" class=\"wpforms-field wpforms-field-textarea\" data-field-id=\"2\"><label class=\"wpforms-field-label\" for=\"wpforms-5659-field_2\">Mensaje  <span class=\"wpforms-required-label\">*<\/span><\/label><textarea id=\"wpforms-5659-field_2\" class=\"wpforms-field-medium wpforms-field-required\" name=\"wpforms[fields][2]\" required><\/textarea><\/div><div id=\"wpforms-5659-field_3-container\" class=\"wpforms-field wpforms-field-gdpr-checkbox\" data-field-id=\"3\"><label class=\"wpforms-field-label\">GDPR Acuerdo <span class=\"wpforms-required-label\">*<\/span><\/label><ul id=\"wpforms-5659-field_3\" class=\"wpforms-field-required\"><li class=\"choice-1\"><input type=\"checkbox\" id=\"wpforms-5659-field_3_1\" name=\"wpforms[fields][3][]\" value=\"I consent to having this website store my submitted information so they can respond to my inquiry. \/ Consiento que este sitio web almacene la informaci\u00f3n que env\u00edo para poder responder a mi consulta.\" required ><label class=\"wpforms-field-label-inline\" for=\"wpforms-5659-field_3_1\">I consent to having this website store my submitted information so they can respond to my inquiry. \/ Consiento que este sitio web almacene la informaci\u00f3n que env\u00edo para poder responder a mi consulta.<\/label><\/li><\/ul><\/div><script>\n\t\t\t\t( function() {\n\t\t\t\t\tconst style = document.createElement( 'style' );\n\t\t\t\t\tstyle.appendChild( document.createTextNode( '#wpforms-5659-field_5-container { position: absolute !important; overflow: hidden !important; display: inline !important; height: 1px !important; width: 1px !important; z-index: -1000 !important; padding: 0 !important; } #wpforms-5659-field_5-container input { visibility: hidden; } #wpforms-conversational-form-page #wpforms-5659-field_5-container label { counter-increment: none; }' ) );\n\t\t\t\t\tdocument.head.appendChild( style );\n\t\t\t\t\tdocument.currentScript?.remove();\n\t\t\t\t} )();\n\t\t\t<\/script><\/div><!-- .wpforms-field-container --><div class=\"wpforms-submit-container\" ><input type=\"hidden\" name=\"wpforms[id]\" value=\"5659\"><input type=\"hidden\" name=\"page_title\" value=\"\"><input type=\"hidden\" name=\"page_url\" value=\"https:\/\/betterselfcoaching.com\/es\/wp-json\/wp\/v2\/pages\/3150\"><input type=\"hidden\" name=\"url_referer\" value=\"\"><button type=\"submit\" name=\"wpforms[submit]\" id=\"wpforms-submit-5659\" class=\"wpforms-submit\" data-alt-text=\"Ya casi est\u00e1\u2026\" data-submit-text=\"Enviar\" aria-live=\"assertive\" value=\"wpforms-submit\">Enviar<\/button><img loading=\"lazy\" decoding=\"async\" src=\"https:\/\/betterselfcoaching.com\/wp-content\/plugins\/wpforms-lite\/assets\/images\/submit-spin.svg\" class=\"wpforms-submit-spinner\" style=\"display: none;\" width=\"26\" height=\"26\" alt=\"Cargando\"><\/div><\/form><\/div>  <!-- .wpforms-container --><\/div>\n\n\n\n<div class=\"wp-block-uagb-container uagb-block-d9092889\">\n<div class=\"wp-block-uagb-info-box uagb-block-1960c517 uagb-infobox__content-wrap  uagb-infobox-icon-above-title uagb-infobox-image-valign-top\"><div class=\"uagb-ifb-content\"><div class=\"uagb-ifb-title-wrap\"><h5 class=\"uagb-ifb-title\"><strong><strong>Hablemos<\/strong><\/strong><\/h5><\/div><div class=\"uagb-ifb-separator\"><\/div><p class=\"uagb-ifb-desc\">Ya sea una pregunta, algo que quieras compartir, o no sepas por d\u00f3nde empezar\u2014escr\u00edbeme.<br>Cu\u00e9ntame qu\u00e9 est\u00e1s viviendo ahora. Qu\u00e9 quieres conseguir con coaching, Qu\u00e9 tipo de apoyo buscas. Cu\u00e1l es el sue\u00f1o o la pesadilla?<br><br>Respondo en un plazo de 2 d\u00edas.<\/p><\/div><\/div>\n<\/div>\n<\/div><\/div>\n<\/div><\/div>\n\n\n\n<div class=\"wp-block-uagb-container uagb-block-31372b2f alignfull uagb-is-root-container\"><div class=\"uagb-container-inner-blocks-wrap\">\n<p><strong>Si est\u00e1s en crisis, en riesgo de hacerte da\u00f1o, o sufriendo abuso, <\/strong>mereces ayuda profesional inmediata. El coaching no es atenci\u00f3n de emergencia, y este formulario de contacto no es un servicio de crisis.<\/p>\n\n\n\n<p>Si t\u00fa o alguien m\u00e1s est\u00e1is en peligro inmediato, llama al <strong>999<\/strong> (Reino Unido) o al <strong>112<\/strong>. Si est\u00e1s fuera del Reino Unido, llama al n\u00famero de emergencias de tu pa\u00eds.<\/p>\n\n\n\n<p><strong>Samaritans (UK &amp; ROI): 116 123<\/strong> (gratis, 24\/7)<\/p>\n\n\n\n<p><em><strong>Ni juzgando. Ni moralizando. Ni dando explicaciones de m\u00e1s. Solo \u00e9tica: l\u00edmites claros + recursos.<\/strong><\/em><\/p>\n<\/div><\/div>\n\n\n\n<p><\/p>\n","protected":false},"excerpt":{"rendered":"<p>Contacto Si est\u00e1s en crisis, en riesgo de hacerte da\u00f1o, o sufriendo abuso, mereces ayuda profesional inmediata. El coaching no es atenci\u00f3n de emergencia, y este formulario de contacto no es un servicio de crisis. Si t\u00fa o alguien m\u00e1s est\u00e1is en peligro inmediato, llama al 999 (Reino Unido) o al 112. Si est\u00e1s fuera [&hellip;]<\/p>\n","protected":false},"author":1,"featured_media":0,"parent":0,"menu_order":0,"comment_status":"closed","ping_status":"closed","template":"","meta":{"_uag_custom_page_level_css":"","site-sidebar-layout":"no-sidebar","site-content-layout":"page-builder","ast-site-content-layout":"full-width-container","site-content-style":"unboxed","site-sidebar-style":"unboxed","ast-global-header-display":"","ast-banner-title-visibility":"","ast-main-header-display":"","ast-hfb-above-header-display":"","ast-hfb-below-header-display":"","ast-hfb-mobile-header-display":"","site-post-title":"disabled","ast-breadcrumbs-content":"","ast-featured-img":"disabled","footer-sml-layout":"","ast-disable-related-posts":"","theme-transparent-header-meta":"enabled","adv-header-id-meta":"","stick-header-meta":"","header-above-stick-meta":"","header-main-stick-meta":"","header-below-stick-meta":"","astra-migrate-meta-layouts":"set","ast-page-background-enabled":"default","ast-page-background-meta":{"desktop":{"background-color":"","background-image":"","background-repeat":"repeat","background-position":"center center","background-size":"auto","background-attachment":"scroll","background-type":"","background-media":"","overlay-type":"","overlay-color":"","overlay-opacity":"","overlay-gradient":""},"tablet":{"background-color":"","background-image":"","background-repeat":"repeat","background-position":"center center","background-size":"auto","background-attachment":"scroll","background-type":"","background-media":"","overlay-type":"","overlay-color":"","overlay-opacity":"","overlay-gradient":""},"mobile":{"background-color":"","background-image":"","background-repeat":"repeat","background-position":"center center","background-size":"auto","background-attachment":"scroll","background-type":"","background-media":"","overlay-type":"","overlay-color":"","overlay-opacity":"","overlay-gradient":""}},"ast-content-background-meta":{"desktop":{"background-color":"var(--ast-global-color-5)","background-image":"","background-repeat":"repeat","background-position":"center center","background-size":"auto","background-attachment":"scroll","background-type":"","background-media":"","overlay-type":"","overlay-color":"","overlay-opacity":"","overlay-gradient":""},"tablet":{"background-color":"var(--ast-global-color-5)","background-image":"","background-repeat":"repeat","background-position":"center center","background-size":"auto","background-attachment":"scroll","background-type":"","background-media":"","overlay-type":"","overlay-color":"","overlay-opacity":"","overlay-gradient":""},"mobile":{"background-color":"var(--ast-global-color-5)","background-image":"","background-repeat":"repeat","background-position":"center center","background-size":"auto","background-attachment":"scroll","background-type":"","background-media":"","overlay-type":"","overlay-color":"","overlay-opacity":"","overlay-gradient":""}},"footnotes":""},"class_list":["post-3150","page","type-page","status-publish","hentry"],"aioseo_notices":[],"uagb_featured_image_src":{"full":false,"thumbnail":false,"medium":false,"medium_large":false,"large":false,"1536x1536":false,"2048x2048":false},"uagb_author_info":{"display_name":"Gabriela","author_link":"https:\/\/betterselfcoaching.com\/es\/author\/betterselfbyggmail-com\/"},"uagb_comment_info":0,"uagb_excerpt":"Contacto Si est\u00e1s en crisis, en riesgo de hacerte da\u00f1o, o sufriendo abuso, mereces ayuda profesional inmediata. El coaching no es atenci\u00f3n de emergencia, y este formulario de contacto no es un servicio de crisis. Si t\u00fa o alguien m\u00e1s est\u00e1is en peligro inmediato, llama al 999 (Reino Unido) o al 112. Si est\u00e1s fuera&hellip;","_links":{"self":[{"href":"https:\/\/betterselfcoaching.com\/es\/wp-json\/wp\/v2\/pages\/3150","targetHints":{"allow":["GET"]}}],"collection":[{"href":"https:\/\/betterselfcoaching.com\/es\/wp-json\/wp\/v2\/pages"}],"about":[{"href":"https:\/\/betterselfcoaching.com\/es\/wp-json\/wp\/v2\/types\/page"}],"author":[{"embeddable":true,"href":"https:\/\/betterselfcoaching.com\/es\/wp-json\/wp\/v2\/users\/1"}],"replies":[{"embeddable":true,"href":"https:\/\/betterselfcoaching.com\/es\/wp-json\/wp\/v2\/comments?post=3150"}],"version-history":[{"count":9,"href":"https:\/\/betterselfcoaching.com\/es\/wp-json\/wp\/v2\/pages\/3150\/revisions"}],"predecessor-version":[{"id":6003,"href":"https:\/\/betterselfcoaching.com\/es\/wp-json\/wp\/v2\/pages\/3150\/revisions\/6003"}],"wp:attachment":[{"href":"https:\/\/betterselfcoaching.com\/es\/wp-json\/wp\/v2\/media?parent=3150"}],"curies":[{"name":"wp","href":"https:\/\/api.w.org\/{rel}","templated":true}]}}