{"id":4489,"date":"2025-07-25T14:11:40","date_gmt":"2025-07-25T14:11:40","guid":{"rendered":"https:\/\/betterselfcoaching.com\/?page_id=4489"},"modified":"2026-03-21T11:43:18","modified_gmt":"2026-03-21T11:43:18","slug":"trabaja-conmigo","status":"publish","type":"page","link":"https:\/\/betterselfcoaching.com\/es\/trabaja-conmigo\/","title":{"rendered":"Trabaja conmigo"},"content":{"rendered":"\n<div class=\"wp-block-uagb-container uagb-block-e2708444 alignfull uagb-is-root-container\"><div class=\"uagb-container-inner-blocks-wrap\">\n<div class=\"wp-block-uagb-advanced-heading uagb-block-63223841\"><h1 class=\"uagb-heading-text\"><strong>Trabaja Conmigo<\/strong><\/h1><\/div>\n\n\n\n<div class=\"wp-block-uagb-advanced-heading uagb-block-62b675e3\"><h3 class=\"uagb-heading-text\">Te veo. Te escucho. Te tengo.<\/h3><\/div>\n\n\n\n<div class=\"wp-block-uagb-advanced-heading uagb-block-d6394c19\"><h4 class=\"uagb-heading-text\"><strong>Empoderamiento Emocional para Mujeres<\/strong><\/h4><\/div>\n\n\n\n<div class=\"wp-block-uagb-advanced-heading uagb-block-c27f20cb\"><h5 class=\"uagb-heading-text\"><strong><em>Coaching online con enfoque som\u00e1tico + inteligencia emocional.<\/em><\/strong><\/h5><\/div>\n\n\n\n<div class=\"wp-block-uagb-container uagb-block-0fbaa569\">\n<div class=\"wp-block-uagb-container uagb-block-0ff42a0d\"><\/div>\n<\/div>\n<\/div><\/div>\n\n\n\n<div class=\"wp-block-uagb-container uagb-block-ce90e5cb alignfull uagb-is-root-container\"><div class=\"uagb-container-inner-blocks-wrap\">\n<div class=\"wp-block-uagb-container uagb-block-dff420a5\"><\/div>\n\n\n\n<div class=\"wp-block-uagb-container uagb-block-4d4f5472\">\n<div class=\"wp-block-uagb-container uagb-block-1b427028\">\n<div class=\"wp-block-button\"><a class=\"wp-block-button__link wp-element-button\" href=\"https:\/\/betterselfcoaching.com\/es\/contacto\/\">Me elijo.<\/a><\/div>\n<\/div>\n\n\n\n<div class=\"wp-block-uagb-container uagb-block-32ed3136\">\n<div class=\"wp-block-uagb-advanced-heading uagb-block-56c8e0ea\"><h6 class=\"uagb-heading-text\"><strong>Abre la p\u00e1gina de contacto.<\/strong><\/h6><\/div>\n<\/div>\n\n\n\n<p>He estado ah\u00ed. Tengo la camiseta. Aprend\u00ed a llevar mis cicatrices con orgullo. Ahora dedico una gran parte de mi d\u00eda a d\u00eda a ayudar otras mujeres a prosperar\u2014sentirse vivas\u2014y abrazar su verdad absoluta, sin disculpas, sin importar lo que la vida y la sociedad les arroje en el camino.<\/p>\n\n\n\n<p><strong>Porque ni rota, ni descosida. Porque eres perfecta tal y como eres.<\/strong><\/p>\n\n\n\n<p><br><em><strong>No estoy aqu\u00ed para hacerte m\u00e1s f\u00e1cil de digerir. Estoy aqu\u00ed para ayudarte a ocupar tu espacio\u2014sin temor ni duda.<\/strong><\/em><\/p>\n\n\n\n<p>No necesitas a otra persona dici\u00e9ndote qu\u00e9 hacer.<\/p>\n\n\n\n<p><br>Necesitas espacio para respirar, donde puedas decirte la verdad a ti misma\u2014sin ser juzgada, arreglada, ni apurada. <\/p>\n\n\n\n<p>Un lugar donde <strong>t\u00fa marcas la pauta<\/strong>, porque este es tu viaje. Yo tu acompa\u00f1ante.<\/p>\n\n\n\n<p>Un espacio donde aprendes a ser t\u00fa misma todo el tiempo.<br>Donde aprendes a regular en lugar de reaccionar.<br>Donde tu empoderamiento importa\u2014porque t\u00fa importas.<br>Donde vuelves a ti, de verdad, y para quedarte.<\/p>\n\n\n\n<p><strong>Convertimos la duda en confianza. El complacer a los dem\u00e1s en l\u00edmites. El sobrevivir en vibrar.<\/strong><\/p>\n\n\n\n<p><br><strong>Eso es lo que hago. Es quien soy. <\/strong><\/p>\n\n\n\n<div class=\"wp-block-uagb-advanced-heading uagb-block-46ce7e3d\"><h4 class=\"uagb-heading-text\">POR QU\u00c9 TRABAJAR CONMIGO<\/h4><\/div>\n\n\n\n<div class=\"wp-block-uagb-advanced-heading uagb-block-494c919f\"><h6 class=\"uagb-heading-text\">Combino inteligencia emocional, trabajo som\u00e1tico y una honestidad radical\u2014anclada en experiencia vivida, no en teor\u00eda.<\/h6><\/div>\n\n\n\n<p>Porque yo no soy una coach de superficie.<\/p>\n\n\n\n<p>No voy a darme por vencida contigo. Y s\u00e9 lo que es estar \u201csola\u201d. S\u00e9 sostener espacio para toda mujer que quiera m\u00e1s\u2014aunque no sepan ponerle nombre. Solo eso ya es m\u00e1s que suficiente para comenzar.<\/p>\n\n\n\n<p>Soy tu coach si quieres:<\/p>\n\n\n\n<ul class=\"wp-block-list\">\n<li>Cero juicio y escucha profunda (sin clich\u00e9s de coaching, sin performance)<\/li>\n\n\n\n<li>Un marco interseccional e inclusivo, sin disculpas (TODAS la mujeres significa todo el espectro de la feminidad)<\/li>\n\n\n\n<li>Responsabilidad con calidez: te sostengo y te desaf\u00edo al mismo tiempo.<\/li>\n<\/ul>\n\n\n\n<p>\u00bfQuieres la historia completa detr\u00e1s de mi trabajo? <strong><a href=\"https:\/\/betterselfcoaching.com\/es\/conoce-a-tu-coach\/\" target=\"_blank\" rel=\"noopener\" title=\"\">Conoce a tu coach<\/a><\/strong><\/p>\n\n\n\n<div class=\"wp-block-uagb-advanced-heading uagb-block-36301640\"><h4 class=\"uagb-heading-text\">POR QU\u00c9 SOLO TRABAJO CON UNAS POCAS MUJERES A LA VEZ<\/h4><\/div>\n\n\n\n<p>Porque este trabajo es intenso\u2014para las dos. Y me importa cuidar a mis clientas y hacer esto de forma sostenible.<\/p>\n\n\n\n<p>No estoy aqu\u00ed para \u201ccoleccionar\u201d clientas. Estoy aqu\u00ed para hacer trabajo real y \u00e9tico\u2014con resultados reales y duraderos.<\/p>\n\n\n\n<p><strong>Si est\u00e1s lista para dar la cara por TI y elegir TU, you estoy lista para trabajar contigo.<\/strong> <\/p>\n\n\n\n<p>Ya casi estas all\u00ed, este es el \u00fanico paso yo no puedo hacer por ti.<\/p>\n\n\n\n<p>Tu necesitas abrir la puerta, necesitas elegir TU. <strong>As\u00ed es como comenzamos el trabajo.<\/strong><\/p>\n<\/div>\n\n\n\n<div class=\"wp-block-uagb-container uagb-block-737d33cc\"><\/div>\n<\/div><\/div>\n\n\n\n<div class=\"wp-block-uagb-container uagb-block-d5136afd alignfull uagb-is-root-container\"><div class=\"uagb-container-inner-blocks-wrap\">\n<div class=\"wp-block-uagb-container uagb-block-1fde3a2b\"><\/div>\n\n\n\n<div class=\"wp-block-uagb-container uagb-block-315e5281\">\n<div class=\"wp-block-button\"><a class=\"wp-block-button__link wp-element-button\" href=\"https:\/\/betterselfcoaching.com\/es\/contacto\/\">Me elijo.<\/a><\/div>\n<\/div>\n\n\n\n<div class=\"wp-block-uagb-container uagb-block-1f515a0d\"><\/div>\n<\/div><\/div>\n\n\n\n<div class=\"wp-block-uagb-container uagb-block-5c56a3f0 alignfull uagb-is-root-container\"><div class=\"uagb-container-inner-blocks-wrap\">\n<div class=\"wp-block-uagb-container uagb-block-94b487a6\"><\/div>\n\n\n\n<div class=\"wp-block-uagb-container uagb-block-e03b4c65\">\n<div class=\"wp-block-uagb-advanced-heading uagb-block-4edd3bb5\"><h6 class=\"uagb-heading-text\"><strong>Abre la p\u00e1gina de contacto.<\/strong><\/h6><\/div>\n\n\n\n<p><strong>\u00bfEst\u00e1s en crisis o en riesgo?<\/strong> El coaching no es apoyo de emergencia \u2014 llama al 999\/112 o contacta con Samaritans (116 123).<\/p>\n\n\n\n<p>Si est\u00e1s fuera del Reino Unido, llama al n\u00famero de emergencias de tu pa\u00eds.<\/p>\n<\/div>\n\n\n\n<div class=\"wp-block-uagb-container uagb-block-9fde0ac5\"><\/div>\n<\/div><\/div>\n\n\n\n<p><\/p>\n","protected":false},"excerpt":{"rendered":"<p>Trabaja Conmigo Te veo. Te escucho. Te tengo. Empoderamiento Emocional para Mujeres Coaching online con enfoque som\u00e1tico + inteligencia emocional. Me elijo. Abre la p\u00e1gina de contacto. He estado ah\u00ed. Tengo la camiseta. Aprend\u00ed a llevar mis cicatrices con orgullo. Ahora dedico una gran parte de mi d\u00eda a d\u00eda a ayudar otras mujeres a [&hellip;]<\/p>\n","protected":false},"author":1,"featured_media":0,"parent":0,"menu_order":0,"comment_status":"closed","ping_status":"closed","template":"","meta":{"_uag_custom_page_level_css":"","site-sidebar-layout":"default","site-content-layout":"","ast-site-content-layout":"full-width-container","site-content-style":"unboxed","site-sidebar-style":"default","ast-global-header-display":"","ast-banner-title-visibility":"","ast-main-header-display":"","ast-hfb-above-header-display":"","ast-hfb-below-header-display":"","ast-hfb-mobile-header-display":"","site-post-title":"disabled","ast-breadcrumbs-content":"","ast-featured-img":"","footer-sml-layout":"","ast-disable-related-posts":"","theme-transparent-header-meta":"enabled","adv-header-id-meta":"","stick-header-meta":"","header-above-stick-meta":"","header-main-stick-meta":"","header-below-stick-meta":"","astra-migrate-meta-layouts":"set","ast-page-background-enabled":"default","ast-page-background-meta":{"desktop":{"background-color":"","background-image":"","background-repeat":"repeat","background-position":"center center","background-size":"auto","background-attachment":"scroll","background-type":"","background-media":"","overlay-type":"","overlay-color":"","overlay-opacity":"","overlay-gradient":""},"tablet":{"background-color":"","background-image":"","background-repeat":"repeat","background-position":"center center","background-size":"auto","background-attachment":"scroll","background-type":"","background-media":"","overlay-type":"","overlay-color":"","overlay-opacity":"","overlay-gradient":""},"mobile":{"background-color":"","background-image":"","background-repeat":"repeat","background-position":"center center","background-size":"auto","background-attachment":"scroll","background-type":"","background-media":"","overlay-type":"","overlay-color":"","overlay-opacity":"","overlay-gradient":""}},"ast-content-background-meta":{"desktop":{"background-color":"var(--ast-global-color-5)","background-image":"","background-repeat":"repeat","background-position":"center center","background-size":"auto","background-attachment":"scroll","background-type":"","background-media":"","overlay-type":"","overlay-color":"","overlay-opacity":"","overlay-gradient":""},"tablet":{"background-color":"var(--ast-global-color-5)","background-image":"","background-repeat":"repeat","background-position":"center center","background-size":"auto","background-attachment":"scroll","background-type":"","background-media":"","overlay-type":"","overlay-color":"","overlay-opacity":"","overlay-gradient":""},"mobile":{"background-color":"var(--ast-global-color-5)","background-image":"","background-repeat":"repeat","background-position":"center center","background-size":"auto","background-attachment":"scroll","background-type":"","background-media":"","overlay-type":"","overlay-color":"","overlay-opacity":"","overlay-gradient":""}},"footnotes":""},"class_list":["post-4489","page","type-page","status-publish","hentry"],"aioseo_notices":[],"uagb_featured_image_src":{"full":false,"thumbnail":false,"medium":false,"medium_large":false,"large":false,"1536x1536":false,"2048x2048":false},"uagb_author_info":{"display_name":"Gabriela","author_link":"https:\/\/betterselfcoaching.com\/es\/author\/betterselfbyggmail-com\/"},"uagb_comment_info":0,"uagb_excerpt":"Trabaja Conmigo Te veo. Te escucho. Te tengo. Empoderamiento Emocional para Mujeres Coaching online con enfoque som\u00e1tico + inteligencia emocional. Me elijo. Abre la p\u00e1gina de contacto. He estado ah\u00ed. Tengo la camiseta. Aprend\u00ed a llevar mis cicatrices con orgullo. Ahora dedico una gran parte de mi d\u00eda a d\u00eda a ayudar otras mujeres a&hellip;","_links":{"self":[{"href":"https:\/\/betterselfcoaching.com\/es\/wp-json\/wp\/v2\/pages\/4489","targetHints":{"allow":["GET"]}}],"collection":[{"href":"https:\/\/betterselfcoaching.com\/es\/wp-json\/wp\/v2\/pages"}],"about":[{"href":"https:\/\/betterselfcoaching.com\/es\/wp-json\/wp\/v2\/types\/page"}],"author":[{"embeddable":true,"href":"https:\/\/betterselfcoaching.com\/es\/wp-json\/wp\/v2\/users\/1"}],"replies":[{"embeddable":true,"href":"https:\/\/betterselfcoaching.com\/es\/wp-json\/wp\/v2\/comments?post=4489"}],"version-history":[{"count":15,"href":"https:\/\/betterselfcoaching.com\/es\/wp-json\/wp\/v2\/pages\/4489\/revisions"}],"predecessor-version":[{"id":6000,"href":"https:\/\/betterselfcoaching.com\/es\/wp-json\/wp\/v2\/pages\/4489\/revisions\/6000"}],"wp:attachment":[{"href":"https:\/\/betterselfcoaching.com\/es\/wp-json\/wp\/v2\/media?parent=4489"}],"curies":[{"name":"wp","href":"https:\/\/api.w.org\/{rel}","templated":true}]}}