{"id":5367,"date":"2025-12-22T15:49:25","date_gmt":"2025-12-22T15:49:25","guid":{"rendered":"https:\/\/betterselfcoaching.com\/?page_id=5367"},"modified":"2026-04-05T17:26:32","modified_gmt":"2026-04-05T17:26:32","slug":"por-ti","status":"publish","type":"page","link":"https:\/\/betterselfcoaching.com\/es\/por-ti\/","title":{"rendered":"Por TI: Autopropiedad en 7 semanas | BetterSelf Coaching"},"content":{"rendered":"\n<div class=\"wp-block-uagb-advanced-heading uagb-block-1a7cbc4f\"><h1 class=\"uagb-heading-text\">Por TI<\/h1><\/div>\n\n\n\n<div class=\"wp-block-uagb-advanced-heading uagb-block-bc3f5185\"><h3 class=\"uagb-heading-text\">Autopropiedad<\/h3><\/div>\n\n\n\n<div class=\"wp-block-uagb-container uagb-block-75abfb07 alignfull uagb-is-root-container\"><div class=\"uagb-container-inner-blocks-wrap\">\n<div class=\"wp-block-uagb-container uagb-block-9c6ee55f\"><\/div>\n\n\n\n<div class=\"wp-block-uagb-container uagb-block-7115af8e\">\n<div class=\"wp-block-uagb-advanced-heading uagb-block-ae6cebea\"><h5 class=\"uagb-heading-text\"><strong>\u00bf<\/strong>Quien eliges ser?<\/h5><\/div>\n\n\n\n<p>Soy YO, estoy aqu\u00ed. Sin disculpas, excusas, ni permiso. Vivo mi vida. Y lo hago a mi manera.<\/p>\n\n\n\n<div class=\"wp-block-uagb-advanced-heading uagb-block-3209c1d4\"><h6 class=\"uagb-heading-text\"><strong>Esta fase es para guerreras hartas de:<\/strong><\/h6><\/div>\n\n\n\n<ul class=\"wp-block-list\">\n<li>Esperar permiso&nbsp;<strong>para<\/strong>&nbsp;ocupar espacio.<\/li>\n\n\n\n<li>Dudar de su valor y de su autoridad propia.<\/li>\n\n\n\n<li><strong>Jugar en peque\u00f1o<\/strong>&nbsp;o cuestionar tu val\u00eda a cada paso.<\/li>\n<\/ul>\n\n\n\n<div class=\"wp-block-uagb-advanced-heading uagb-block-d7ad132c\"><h6 class=\"uagb-heading-text\"><strong>Lo que realmente vienes a hacer aqu\u00ed:<\/strong><\/h6><\/div>\n\n\n\n<p>Encarnar una pertenencia radical a ti misma y reclamar tu espacio <strong>sin pedir permiso ni perd\u00f3n<\/strong>. Alinear tu vida con tu prop\u00f3sito y tus pasiones m\u00e1s profundas. Convertirte en una fuerza de impacto y transformaci\u00f3n\u2014por ti, por el mundo y por toda mujer.<\/p>\n\n\n\n<div class=\"wp-block-uagb-advanced-heading uagb-block-0432935c\"><h6 class=\"uagb-heading-text\">C\u00f3mo funciona<\/h6><\/div>\n\n\n\n<ul class=\"wp-block-list\">\n<li><strong>7 semanas de trabajo profundo y sin concesiones.<\/strong><\/li>\n\n\n\n<li>7 sesiones 1:1 de 90 minutos para construir liderazgo, autopropiedad y una confianza que no se vende, no se regala ni se negocia.<\/li>\n\n\n\n<li>Tareas que exigen responsabilidad, acci\u00f3n valiente y reflexi\u00f3n real.<\/li>\n\n\n\n<li>Herramientas y ejercicios dise\u00f1ados para desarrollar resiliencia, intuici\u00f3n y maestr\u00eda emocional.<\/li>\n<\/ul>\n\n\n\n<div class=\"wp-block-uagb-advanced-heading uagb-block-b97dc208\"><h4 class=\"uagb-heading-text\">Semana a Semana<\/h4><\/div>\n\n\n\n<div class=\"wp-block-uagb-advanced-heading uagb-block-fb58c530\"><h6 class=\"uagb-heading-text\"><strong><strong>Semanas 1 y 2: Descubrir (Exploraci\u00f3n y conciencia)<\/strong><\/strong><\/h6><\/div>\n\n\n\n<ul class=\"wp-block-list\">\n<li>Descubrir tus dones, pasiones y prop\u00f3sito.<\/li>\n\n\n\n<li>Identificar creencias limitantes sobre \u00e9xito y logro.<\/li>\n\n\n\n<li>Alinear tu vida con tus valores esenciales.<br><strong>Tareas:<\/strong>&nbsp;journaling, evaluaci\u00f3n de fortalezas, inventario de valores, an\u00e1lisis de tu historia de \u00e9xito<\/li>\n<\/ul>\n\n\n\n<div class=\"wp-block-uagb-advanced-heading uagb-block-14784916\"><h6 class=\"uagb-heading-text\"><strong><strong>Semanas 3 y 4: Aceptar e integrar (Procesar y sanar)<\/strong><\/strong><\/h6><\/div>\n\n\n\n<ul class=\"wp-block-list\">\n<li>Cultivar confianza en ti misma e intuici\u00f3n.<\/li>\n\n\n\n<li>Construir resiliencia y gratitud.<\/li>\n\n\n\n<li>Practicar maestr\u00eda emocional y tomar decisiones con seguridad.<br><strong>Tareas:<\/strong>&nbsp;journaling de intuici\u00f3n, reflexi\u00f3n de resiliencia, lista de gratitud, retos de autoconfianza.<\/li>\n<\/ul>\n\n\n\n<div class=\"wp-block-uagb-advanced-heading uagb-block-0229c013\"><h6 class=\"uagb-heading-text\"><strong><strong>Semanas 5 y 6: Tomar acci\u00f3n (Empoderamiento y manifestaci\u00f3n)<\/strong><\/strong><\/h6><\/div>\n\n\n\n<ul class=\"wp-block-list\">\n<li>Definir objetivos alineados con tu prop\u00f3sito.<\/li>\n\n\n\n<li>Crear planes de acci\u00f3n y gestionar tu tiempo con efectividad.<\/li>\n\n\n\n<li>Practicar t\u00e9cnicas de manifestaci\u00f3n para atraer lo que deseas (sin fantas\u00eda: con acci\u00f3n).<br><strong>Tareas:<\/strong>&nbsp;implementar pasos concretos, experimentos de gesti\u00f3n del tiempo, visualizaci\u00f3n, gratitud + manifestaci\u00f3n.<\/li>\n<\/ul>\n\n\n\n<div class=\"wp-block-uagb-advanced-heading uagb-block-68db802d\"><h6 class=\"uagb-heading-text\"><strong><strong>Semana 7: Seguimiento e integraci\u00f3n<\/strong><\/strong><\/h6><\/div>\n\n\n\n<ul class=\"wp-block-list\">\n<li>Check-in en profundidad y celebraci\u00f3n de tus avances.<\/li>\n\n\n\n<li>Recibes tu informe personalizado y tu certificado\u2014prueba de que te elegiste a TI.<\/li>\n\n\n\n<li>Planificas tus pr\u00f3ximos pasos con claridad y poder.<\/li>\n<\/ul>\n\n\n\n<div class=\"wp-block-uagb-advanced-heading uagb-block-c21554dd\"><h4 class=\"uagb-heading-text\">Tu compromiso <\/h4><\/div>\n\n\n\n<p>\u2022 Este viaje exige m\u00e1s de lo que el dinero puede comprar\u2014exige coraje, enfoque y la voluntad de presentarte aut\u00e9nticamente y seguir eligi\u00e9ndote a TI.<\/p>\n\n\n\n<p>\u2022 Este viaje es un compromiso\u2014porque aqu\u00ed nos comprometemos las dos: t\u00fa y yo. Invertimos tiempo, energ\u00eda y honestidad. El fracaso es posible\u2014pero rendirte contigo misma no es una opci\u00f3n.<\/p>\n\n\n\n<p>\u2022 Tu primer paso es simple: env\u00edame un mensaje. Cu\u00e9ntame qu\u00e9 est\u00e1s viviendo ahora y qu\u00e9 quieres en su lugar. Te responder\u00e9 por email en un plazo de 2 d\u00edas con el mejor siguiente paso.<\/p>\n\n\n\n<p>\u2022 Una vez decidamos trabajar juntas, recibir\u00e1s todo lo que necesitas para empezar: tu contrato (mi compromiso contigo, protecci\u00f3n de datos, l\u00edmites profesionales\u2014lo aburrido pero necesario para que te sientas segura), tu calendario de sesiones y un enlace de pago seguro por Stripe.<\/p>\n\n\n\n<p>\u2022 <strong>7 semanas \u2013 \u00a3850<\/strong>. Una fase de transformaci\u00f3n intensa y que cambia la vida.<\/p>\n\n\n\n<p>\u2022 Tarifas preferenciales si avanzas a las siguientes fases, el viaje completo, o si deseas repetir alguna fase.<\/p>\n\n\n\n<p>\u2022 <strong>21 semanas \u2013 \u00a32,600<\/strong>. El viaje completo y sin concesiones a trav\u00e9s de las tres fases.<\/p>\n\n\n\n<p>\u2022 <strong>Tu garant\u00eda:<\/strong>&nbsp;elijas el programa que elijas, eres libre de parar en cualquier momento. No hay reembolso por las sesiones ya realizadas\u2014pero solo se te cobrar\u00e1 por las sesiones completadas (\u00a3150 por semana), y se devolver\u00e1 cualquier saldo restante. Sin explicaciones.<br>Sesiones 1:1 semanales o quincenales, a tu ritmo.<br><br>Sin atajos. Sin paja. Sin \u201cv\u00e1monos a bailar desnudas bajo la luna\u201d.<br><br>Solo cambio real y radical\u2014de principio a fin.<br><br>Si est\u00e1s lista para invertir en ti, yo estoy lista para invertir en TI. Estoy lista para sostenerte. \u00bfEl resto? Son detalles.<\/p>\n\n\n\n<div class=\"wp-block-uagb-advanced-heading uagb-block-a1e2342d\"><h4 class=\"uagb-heading-text\"><em>\u00bfLista para tomar soberan\u00eda de tu propia vida?<\/em><\/h4><\/div>\n\n\n\n<p><strong>Esta es tu invitaci\u00f3n para comenzar la conversaci\u00f3n conmigo.<\/strong> Tu llamada a entrar de lleno en tu poder y liderar tu vida sin excusas, disculpas, ni permiso ajeno. Se acabo la espera, \u201cmejores tiempos\u201d por venir o sentirse culpable. No hay mejor tiempo que el ahora. Tu decides, La llave est\u00e1 en tu mano.<br><\/p>\n\n\n\n<div class=\"wp-block-uagb-container uagb-block-5b986fae\">\n<div class=\"wp-block-button\"><a class=\"wp-block-button__link wp-element-button\" href=\"https:\/\/betterselfcoaching.com\/es\/trabaja-conmigo\/\">Trabaja Conmigo<\/a><\/div>\n<\/div>\n\n\n\n<div class=\"wp-block-uagb-container uagb-block-2e76db86\"><\/div>\n<\/div>\n\n\n\n<div class=\"wp-block-uagb-container uagb-block-b6ed14bc\"><\/div>\n<\/div><\/div>\n\n\n\n<p style=\"padding-top:var(--wp--preset--spacing--80);padding-right:var(--wp--preset--spacing--80);padding-bottom:var(--wp--preset--spacing--80);padding-left:var(--wp--preset--spacing--80);font-size:14px\"><strong>Gabriela<\/strong> \u2022 Fundadora de BetterSelf Coaching \u2022 Coach de vida trans para todas las mujeres \u2022 Empoderamiento e identidad \u2022 Hermandad interseccional, trans\u2011afirmativa \u2022 Coach de vida certificada \u2022 Practicante de EFT y Som\u00e1tica \u2022 Coaching emocional \u2022 No est\u00e1s rota \u2022 <strong><a href=\"https:\/\/betterselfcoaching.com\/es\/conoce-a-tu-coach\/\" target=\"_blank\" rel=\"noopener\" title=\"\">Conoce a tu coach\u2794<\/a><\/strong><\/p>\n\n\n\n<p><\/p>\n","protected":false},"excerpt":{"rendered":"<p>Por TI Autopropiedad \u00bfQuien eliges ser? Soy YO, estoy aqu\u00ed. Sin disculpas, excusas, ni permiso. Vivo mi vida. Y lo hago a mi manera. Esta fase es para guerreras hartas de: Lo que realmente vienes a hacer aqu\u00ed: Encarnar una pertenencia radical a ti misma y reclamar tu espacio sin pedir permiso ni perd\u00f3n. Alinear [&hellip;]<\/p>\n","protected":false},"author":1,"featured_media":0,"parent":0,"menu_order":0,"comment_status":"closed","ping_status":"closed","template":"","meta":{"_uag_custom_page_level_css":"","site-sidebar-layout":"default","site-content-layout":"","ast-site-content-layout":"default","site-content-style":"default","site-sidebar-style":"default","ast-global-header-display":"","ast-banner-title-visibility":"","ast-main-header-display":"","ast-hfb-above-header-display":"","ast-hfb-below-header-display":"","ast-hfb-mobile-header-display":"","site-post-title":"disabled","ast-breadcrumbs-content":"","ast-featured-img":"","footer-sml-layout":"","ast-disable-related-posts":"","theme-transparent-header-meta":"","adv-header-id-meta":"","stick-header-meta":"","header-above-stick-meta":"","header-main-stick-meta":"","header-below-stick-meta":"","astra-migrate-meta-layouts":"set","ast-page-background-enabled":"default","ast-page-background-meta":{"desktop":{"background-color":"","background-image":"","background-repeat":"repeat","background-position":"center center","background-size":"auto","background-attachment":"scroll","background-type":"","background-media":"","overlay-type":"","overlay-color":"","overlay-opacity":"","overlay-gradient":""},"tablet":{"background-color":"","background-image":"","background-repeat":"repeat","background-position":"center center","background-size":"auto","background-attachment":"scroll","background-type":"","background-media":"","overlay-type":"","overlay-color":"","overlay-opacity":"","overlay-gradient":""},"mobile":{"background-color":"","background-image":"","background-repeat":"repeat","background-position":"center center","background-size":"auto","background-attachment":"scroll","background-type":"","background-media":"","overlay-type":"","overlay-color":"","overlay-opacity":"","overlay-gradient":""}},"ast-content-background-meta":{"desktop":{"background-color":"var(--ast-global-color-5)","background-image":"","background-repeat":"repeat","background-position":"center center","background-size":"auto","background-attachment":"scroll","background-type":"","background-media":"","overlay-type":"","overlay-color":"","overlay-opacity":"","overlay-gradient":""},"tablet":{"background-color":"var(--ast-global-color-5)","background-image":"","background-repeat":"repeat","background-position":"center center","background-size":"auto","background-attachment":"scroll","background-type":"","background-media":"","overlay-type":"","overlay-color":"","overlay-opacity":"","overlay-gradient":""},"mobile":{"background-color":"var(--ast-global-color-5)","background-image":"","background-repeat":"repeat","background-position":"center center","background-size":"auto","background-attachment":"scroll","background-type":"","background-media":"","overlay-type":"","overlay-color":"","overlay-opacity":"","overlay-gradient":""}},"footnotes":""},"class_list":["post-5367","page","type-page","status-publish","hentry"],"aioseo_notices":[],"uagb_featured_image_src":{"full":false,"thumbnail":false,"medium":false,"medium_large":false,"large":false,"1536x1536":false,"2048x2048":false},"uagb_author_info":{"display_name":"Gabriela","author_link":"https:\/\/betterselfcoaching.com\/es\/author\/betterselfbyggmail-com\/"},"uagb_comment_info":0,"uagb_excerpt":"Por TI Autopropiedad \u00bfQuien eliges ser? Soy YO, estoy aqu\u00ed. Sin disculpas, excusas, ni permiso. Vivo mi vida. Y lo hago a mi manera. Esta fase es para guerreras hartas de: Lo que realmente vienes a hacer aqu\u00ed: Encarnar una pertenencia radical a ti misma y reclamar tu espacio sin pedir permiso ni perd\u00f3n. Alinear&hellip;","_links":{"self":[{"href":"https:\/\/betterselfcoaching.com\/es\/wp-json\/wp\/v2\/pages\/5367","targetHints":{"allow":["GET"]}}],"collection":[{"href":"https:\/\/betterselfcoaching.com\/es\/wp-json\/wp\/v2\/pages"}],"about":[{"href":"https:\/\/betterselfcoaching.com\/es\/wp-json\/wp\/v2\/types\/page"}],"author":[{"embeddable":true,"href":"https:\/\/betterselfcoaching.com\/es\/wp-json\/wp\/v2\/users\/1"}],"replies":[{"embeddable":true,"href":"https:\/\/betterselfcoaching.com\/es\/wp-json\/wp\/v2\/comments?post=5367"}],"version-history":[{"count":13,"href":"https:\/\/betterselfcoaching.com\/es\/wp-json\/wp\/v2\/pages\/5367\/revisions"}],"predecessor-version":[{"id":6251,"href":"https:\/\/betterselfcoaching.com\/es\/wp-json\/wp\/v2\/pages\/5367\/revisions\/6251"}],"wp:attachment":[{"href":"https:\/\/betterselfcoaching.com\/es\/wp-json\/wp\/v2\/media?parent=5367"}],"curies":[{"name":"wp","href":"https:\/\/api.w.org\/{rel}","templated":true}]}}