{"id":5375,"date":"2025-12-22T15:50:33","date_gmt":"2025-12-22T15:50:33","guid":{"rendered":"https:\/\/betterselfcoaching.com\/?page_id=5375"},"modified":"2026-03-21T12:59:16","modified_gmt":"2026-03-21T12:59:16","slug":"autoempoderamiento-2","status":"publish","type":"page","link":"https:\/\/betterselfcoaching.com\/es\/autoempoderamiento-2\/","title":{"rendered":"TU Autoempoderamiento"},"content":{"rendered":"\n<div class=\"wp-block-uagb-advanced-heading uagb-block-5c0bf421\"><h1 class=\"uagb-heading-text\">Bienvenida a TU Autoempoderamiento<\/h1><div class=\"uagb-separator\"><\/div><\/div>\n\n\n\n<div class=\"wp-block-uagb-advanced-heading uagb-block-ba363180\"><h3 class=\"uagb-heading-text\"><strong>El viaje sin disculpas a trav\u00e9s de la Autoconciencia, el Autoquererte y la Autoactualizaci\u00f3n\u2014en TU Autoempoderamiento.<\/strong><\/h3><\/div>\n\n\n\n<div class=\"wp-block-uagb-container uagb-block-0a5ef1e9 alignfull uagb-is-root-container\"><div class=\"uagb-container-inner-blocks-wrap\">\n<div class=\"wp-block-uagb-container uagb-block-9ee3548c\">\n<div class=\"wp-block-uagb-advanced-heading uagb-block-39c28a62\"><h4 class=\"uagb-heading-text\">No tienes que tenerlo todo resuelto para empezar este viaje.<\/h4><\/div>\n<\/div>\n\n\n\n<div class=\"wp-block-uagb-container uagb-block-d05a25ca\">\n<p style=\"padding-right:var(--wp--preset--spacing--70);padding-left:var(--wp--preset--spacing--70)\">No est\u00e1s rota. Aqu\u00ed es donde comienzas de nuevo\u2014feroz, entera y lista para reclamar tu poder. Esto no es coaching para las que quieren consejos y palmaditas en la espalda. Esto es aceptaci\u00f3n radical\u2014 vivir plenamente sin excusas ni disculpas. Es romper cadenas de una vez por todas. Convertirte en tu \u00fanica versi\u00f3n. Crear la vida que T\u00da mereces. Dejar de sobrevivir para empezar a vibrar de vida.<\/p>\n\n\n\n<p style=\"padding-right:var(--wp--preset--spacing--70);padding-left:var(--wp--preset--spacing--70)\">ELprograma: un viaje que te cambia la vida a trav\u00e9s de tu ser m\u00e1s \u00edntimo, con un solo destino final: tu Autoempoderamiento.<\/p>\n<\/div>\n<\/div><\/div>\n\n\n\n<div class=\"wp-block-uagb-container uagb-block-e4d7cc13 alignfull uagb-is-root-container\"><div class=\"uagb-container-inner-blocks-wrap\">\n<div class=\"wp-block-uagb-advanced-heading uagb-block-92ee1ad6\"><h3 class=\"uagb-heading-text\"><strong><strong>\u201c\u00bfQu\u00e9 tan lista est\u00e1s para seguir eligi\u00e9ndote a TI\u2014sin excusas?\u201d<\/strong><\/strong><\/h3><div class=\"uagb-separator\"><\/div><\/div>\n\n\n\n<div class=\"wp-block-uagb-advanced-heading uagb-block-d47b20dd\"><h5 class=\"uagb-heading-text\"><strong>Elige tu camino. Una fase a la vez\u2014y sigue eligi\u00e9ndote a TI cada vez\u2014o entra de una vez por todas en el viaje hacia TU Autoempoderamiento: hacia ti misma, hacia casa.<\/strong><\/h5><\/div>\n\n\n\n<p style=\"padding-top:var(--wp--preset--spacing--20);padding-right:var(--wp--preset--spacing--70);padding-bottom:var(--wp--preset--spacing--20);padding-left:var(--wp--preset--spacing--70)\">Esta no es una pregunta con doble sentido\u2014ni siquiera es una pregunta. Esto es algo mucho m\u00e1s valioso. Aqu\u00ed y ahora comienza nuestro trabajo. Cuando respondes con honestidad\u2014y act\u00faas\u2014empiezas a reclamar tu poder. Comienzas a tomar el control de tu vida en este preciso momento.<\/p>\n<\/div><\/div>\n\n\n\n<div style=\"height:100px\" aria-hidden=\"true\" class=\"wp-block-spacer\"><\/div>\n\n\n\n<div class=\"wp-block-uagb-container uagb-block-6d2e6a56 alignfull uagb-is-root-container\"><div class=\"uagb-container-inner-blocks-wrap\">\n<div class=\"wp-block-uagb-container uagb-block-bf3baab9\">\n<div class=\"wp-block-uagb-advanced-heading uagb-block-43ee6bfa\"><h3 class=\"uagb-heading-text\">1. Se TU <\/h3><\/div>\n\n\n\n<div class=\"wp-block-uagb-advanced-heading uagb-block-9b432701\"><h4 class=\"uagb-heading-text\"><strong>Autoconciencia<\/strong><\/h4><\/div>\n<\/div>\n\n\n\n<div class=\"wp-block-uagb-container uagb-block-d1a022bd\">\n<ul class=\"wp-block-list\">\n<li><strong>Siete semanas<\/strong><\/li>\n\n\n\n<li>Descubre qui\u00e9n eres de verdad debajo del ruido y las expectativas.<\/li>\n\n\n\n<li>Explora tu identidad, tus valores y tu experiencia vivida.<\/li>\n\n\n\n<li>Rompe creencias limitantes y patrones que te reducen.<\/li>\n\n\n\n<li>Construye una base de aceptaci\u00f3n radical de ti misma.<br>Todo lo que necesitas es quererlo.&nbsp;<a href=\"https:\/\/betterselfcoaching.com\/es\/se-tu\/\" target=\"_blank\" rel=\"noopener\" title=\"\"><strong>ELprograma <\/strong>\u2794<\/a><\/li>\n<\/ul>\n<\/div>\n<\/div><\/div>\n\n\n\n<div style=\"height:150px\" aria-hidden=\"true\" class=\"wp-block-spacer\"><\/div>\n\n\n\n<div class=\"wp-block-uagb-container uagb-block-96a9cb44 alignfull uagb-is-root-container\"><div class=\"uagb-container-inner-blocks-wrap\">\n<div class=\"wp-block-uagb-container uagb-block-5a93ed34\">\n<div class=\"wp-block-uagb-advanced-heading uagb-block-fc3d0a75\"><h3 class=\"uagb-heading-text\">2. Haz TU<\/h3><\/div>\n\n\n\n<div class=\"wp-block-uagb-advanced-heading uagb-block-7d36922d\"><h3 class=\"uagb-heading-text\"><strong>Autoquererte<\/strong><\/h3><\/div>\n<\/div>\n\n\n\n<ul class=\"wp-block-list\">\n<li><strong>Siete semanas<\/strong><\/li>\n\n\n\n<li>Ad\u00e9ntrate en amor visceral y aceptaci\u00f3n radical de TI: las partes bonitas y las que aprenderemos a amar igual. Eres perfecta tal y como eres. As\u00ed de simple.<\/li>\n\n\n\n<li>Desaf\u00eda la duda, el autosabotaje emocional y el \u201cno soy suficiente\u201d.<\/li>\n\n\n\n<li>Cultiva l\u00edmites, autocuidado y conexi\u00f3n aut\u00e9ntica.<\/li>\n\n\n\n<li>Aprende a quererte sin disculpas.<\/li>\n\n\n\n<li>Adue\u00f1ate de tu historia. Entra en tu yo sin pedir permiso.<br><strong><a href=\"https:\/\/betterselfcoaching.com\/es\/haz-tu\/\" target=\"_blank\" rel=\"noopener\" title=\"\">ELprograma \u2794<\/a><\/strong><\/li>\n<\/ul>\n<\/div><\/div>\n\n\n\n<div style=\"height:150px\" aria-hidden=\"true\" class=\"wp-block-spacer\"><\/div>\n\n\n\n<div class=\"wp-block-uagb-container uagb-block-4ccd157c alignfull uagb-is-root-container\"><div class=\"uagb-container-inner-blocks-wrap\">\n<div class=\"wp-block-uagb-container uagb-block-3b04bb22\">\n<div class=\"wp-block-uagb-advanced-heading uagb-block-e8af5ace\"><h3 class=\"uagb-heading-text\">3 Por TI<\/h3><\/div>\n\n\n\n<div class=\"wp-block-uagb-advanced-heading uagb-block-1a1156ea\"><h4 class=\"uagb-heading-text\"><strong>Autopropiedad<\/strong><\/h4><\/div>\n<\/div>\n\n\n\n<div class=\"wp-block-uagb-container uagb-block-8a48d5c2\">\n<ul class=\"wp-block-list\">\n<li><strong>Siete semanas<\/strong><\/li>\n\n\n\n<li>Vive tu verdad completa y con valent\u00eda.<\/li>\n\n\n\n<li>Alinea tu vida con tu prop\u00f3sito y tus pasiones.<\/li>\n\n\n\n<li>Desarrolla resiliencia, intuici\u00f3n y maestr\u00eda emocional.<\/li>\n\n\n\n<li>Encarna a la mujer que siempre estuviste destinada a ser.<br>Aqu\u00ed es donde llegas a casa para quedarte.<strong><a href=\"https:\/\/betterselfcoaching.com\/es\/por-ti\/\" target=\"_blank\" rel=\"noopener\" title=\"\">&nbsp;ELprograma\u2794<\/a><\/strong><a href=\"https:\/\/betterselfcoaching.com\/es\/por-ti\/\" target=\"_blank\" rel=\"noopener\" title=\"\">https:\/\/betterselfcoaching.com\/es\/por-ti\/<\/a><\/li>\n<\/ul>\n<\/div>\n<\/div><\/div>\n\n\n\n<div class=\"wp-block-uagb-container uagb-block-8954c7e8 default uagb-is-root-container\">\n<div class=\"wp-block-uagb-advanced-heading uagb-block-69eb99d8\"><h3 class=\"uagb-heading-text\">4 Se TU, Haz TU, Por TI.<\/h3><\/div>\n\n\n\n<div class=\"wp-block-uagb-advanced-heading uagb-block-dcdf406e\"><h4 class=\"uagb-heading-text\"><strong>Autoempoderamiento<\/strong><\/h4><\/div>\n\n\n\n<div class=\"wp-block-uagb-advanced-heading uagb-block-a9c8fff8\"><h5 class=\"uagb-heading-text\"><strong>De sobrevivir a vibrar \u2022 La transformaci\u00f3n radical que te cambia la vida<\/strong><\/h5><\/div>\n\n\n\n<p style=\"padding-right:var(--wp--preset--spacing--80);padding-left:var(--wp--preset--spacing--80)\">Para ti, dispuesta a comprometerte con el viaje completo: este programa premium entrelaza las tres fases del camino en una experiencia fluida, profunda y para toda la vida. <a href=\"https:\/\/betterselfcoaching.com\/es\/autoempoderamiento\/\" target=\"_blank\" rel=\"noopener\" title=\"\"><strong>TU Autoempoderamiento \u2794<\/strong><\/a><\/p>\n<\/div>\n\n\n\n<div class=\"wp-block-uagb-container uagb-block-a05c5f89 alignfull uagb-is-root-container\"><div class=\"uagb-container-inner-blocks-wrap\">\n<div class=\"wp-block-uagb-advanced-heading uagb-block-0996b975\"><h5 class=\"uagb-heading-text\">C\u00f3mo funciona todo: <\/h5><\/div>\n\n\n\n<p style=\"padding-right:var(--wp--preset--spacing--80);padding-left:var(--wp--preset--spacing--80)\"><strong>Cada fase es un recorrido personalizado de 7 semanas con sesiones semanales de coaching 1:1 online de 90 minutos<\/strong>\u2014independiente, potente y dise\u00f1ado para encontrarte donde est\u00e1s. Puedes hacer una fase cada vez, o comprometerte con el recorrido completo.<\/p>\n\n\n\n<p style=\"padding-right:var(--wp--preset--spacing--80);padding-left:var(--wp--preset--spacing--80)\"><strong>Con base en el Reino Unido, mantengo un style de vida n\u00f3mada. Trabajo con mujeres de todo el mundo.<\/strong> Todos los programas se ofrecen online, en ingl\u00e9s o en espa\u00f1ol\u2014con horarios flexibles, para que las diferencias horarias nunca sean una barrera. Dondequiera que est\u00e9s en el mundo, en tu vida, en tu camino\u2014te encuentro ah\u00ed.<\/p>\n\n\n\n<p style=\"padding-right:var(--wp--preset--spacing--80);padding-left:var(--wp--preset--spacing--80)\"><strong>Mantengo mi carga de clientas 1:1 intencionalmente peque\u00f1a, para poder ofrecerte toda mi presencia.<\/strong> Si est\u00e1s lista para dar la cara por TI y elegirte a TI, yo estoy lista para trabajar contigo.<\/p>\n\n\n\n<p style=\"padding-right:var(--wp--preset--spacing--80);padding-left:var(--wp--preset--spacing--80)\">Si tienes preguntas, explora cada secci\u00f3n en profundidad o env\u00edame un mensaje. Empecemos la conversaci\u00f3n\u2014te responder\u00e9 por email en un plazo de 2 d\u00edas.<\/p>\n\n\n\n<p style=\"padding-right:var(--wp--preset--spacing--80);padding-left:var(--wp--preset--spacing--80)\"><strong>Recuerda: <\/strong>solo t\u00fa puedes dar este primer paso. Pero una vez lo des, no estar\u00e1s sola. Yo estar\u00e9 contigo, a tu lado, en cada paso del camino.<\/p>\n\n\n\n<div class=\"wp-block-button\"><a class=\"wp-block-button__link wp-element-button\" href=\"https:\/\/betterselfcoaching.com\/es\/trabaja-conmigo\/\">Trabaja Conmigo<\/a><\/div>\n<\/div><\/div>\n","protected":false},"excerpt":{"rendered":"<p>Bienvenida a TU Autoempoderamiento El viaje sin disculpas a trav\u00e9s de la Autoconciencia, el Autoquererte y la Autoactualizaci\u00f3n\u2014en TU Autoempoderamiento. No tienes que tenerlo todo resuelto para empezar este viaje. No est\u00e1s rota. Aqu\u00ed es donde comienzas de nuevo\u2014feroz, entera y lista para reclamar tu poder. Esto no es coaching para las que quieren consejos [&hellip;]<\/p>\n","protected":false},"author":1,"featured_media":0,"parent":0,"menu_order":0,"comment_status":"closed","ping_status":"closed","template":"","meta":{"_uag_custom_page_level_css":"","site-sidebar-layout":"default","site-content-layout":"","ast-site-content-layout":"default","site-content-style":"default","site-sidebar-style":"default","ast-global-header-display":"","ast-banner-title-visibility":"","ast-main-header-display":"","ast-hfb-above-header-display":"","ast-hfb-below-header-display":"","ast-hfb-mobile-header-display":"","site-post-title":"disabled","ast-breadcrumbs-content":"","ast-featured-img":"","footer-sml-layout":"","ast-disable-related-posts":"","theme-transparent-header-meta":"","adv-header-id-meta":"","stick-header-meta":"","header-above-stick-meta":"","header-main-stick-meta":"","header-below-stick-meta":"","astra-migrate-meta-layouts":"set","ast-page-background-enabled":"default","ast-page-background-meta":{"desktop":{"background-color":"","background-image":"","background-repeat":"repeat","background-position":"center center","background-size":"auto","background-attachment":"scroll","background-type":"","background-media":"","overlay-type":"","overlay-color":"","overlay-opacity":"","overlay-gradient":""},"tablet":{"background-color":"","background-image":"","background-repeat":"repeat","background-position":"center center","background-size":"auto","background-attachment":"scroll","background-type":"","background-media":"","overlay-type":"","overlay-color":"","overlay-opacity":"","overlay-gradient":""},"mobile":{"background-color":"","background-image":"","background-repeat":"repeat","background-position":"center center","background-size":"auto","background-attachment":"scroll","background-type":"","background-media":"","overlay-type":"","overlay-color":"","overlay-opacity":"","overlay-gradient":""}},"ast-content-background-meta":{"desktop":{"background-color":"var(--ast-global-color-5)","background-image":"","background-repeat":"repeat","background-position":"center center","background-size":"auto","background-attachment":"scroll","background-type":"","background-media":"","overlay-type":"","overlay-color":"","overlay-opacity":"","overlay-gradient":""},"tablet":{"background-color":"var(--ast-global-color-5)","background-image":"","background-repeat":"repeat","background-position":"center center","background-size":"auto","background-attachment":"scroll","background-type":"","background-media":"","overlay-type":"","overlay-color":"","overlay-opacity":"","overlay-gradient":""},"mobile":{"background-color":"var(--ast-global-color-5)","background-image":"","background-repeat":"repeat","background-position":"center center","background-size":"auto","background-attachment":"scroll","background-type":"","background-media":"","overlay-type":"","overlay-color":"","overlay-opacity":"","overlay-gradient":""}},"footnotes":""},"class_list":["post-5375","page","type-page","status-publish","hentry"],"aioseo_notices":[],"uagb_featured_image_src":{"full":false,"thumbnail":false,"medium":false,"medium_large":false,"large":false,"1536x1536":false,"2048x2048":false},"uagb_author_info":{"display_name":"Gabriela","author_link":"https:\/\/betterselfcoaching.com\/es\/author\/betterselfbyggmail-com\/"},"uagb_comment_info":0,"uagb_excerpt":"Bienvenida a TU Autoempoderamiento El viaje sin disculpas a trav\u00e9s de la Autoconciencia, el Autoquererte y la Autoactualizaci\u00f3n\u2014en TU Autoempoderamiento. No tienes que tenerlo todo resuelto para empezar este viaje. No est\u00e1s rota. Aqu\u00ed es donde comienzas de nuevo\u2014feroz, entera y lista para reclamar tu poder. Esto no es coaching para las que quieren consejos&hellip;","_links":{"self":[{"href":"https:\/\/betterselfcoaching.com\/es\/wp-json\/wp\/v2\/pages\/5375","targetHints":{"allow":["GET"]}}],"collection":[{"href":"https:\/\/betterselfcoaching.com\/es\/wp-json\/wp\/v2\/pages"}],"about":[{"href":"https:\/\/betterselfcoaching.com\/es\/wp-json\/wp\/v2\/types\/page"}],"author":[{"embeddable":true,"href":"https:\/\/betterselfcoaching.com\/es\/wp-json\/wp\/v2\/users\/1"}],"replies":[{"embeddable":true,"href":"https:\/\/betterselfcoaching.com\/es\/wp-json\/wp\/v2\/comments?post=5375"}],"version-history":[{"count":17,"href":"https:\/\/betterselfcoaching.com\/es\/wp-json\/wp\/v2\/pages\/5375\/revisions"}],"predecessor-version":[{"id":6010,"href":"https:\/\/betterselfcoaching.com\/es\/wp-json\/wp\/v2\/pages\/5375\/revisions\/6010"}],"wp:attachment":[{"href":"https:\/\/betterselfcoaching.com\/es\/wp-json\/wp\/v2\/media?parent=5375"}],"curies":[{"name":"wp","href":"https:\/\/api.w.org\/{rel}","templated":true}]}}