{"id":5758,"date":"2026-01-08T16:13:59","date_gmt":"2026-01-08T16:13:59","guid":{"rendered":"https:\/\/betterselfcoaching.com\/?page_id=5758"},"modified":"2026-01-08T17:01:03","modified_gmt":"2026-01-08T17:01:03","slug":"betterself-partners","status":"publish","type":"page","link":"https:\/\/betterselfcoaching.com\/es\/betterself-partners\/","title":{"rendered":"BetterSelf Partners"},"content":{"rendered":"\n<div class=\"wp-block-uagb-advanced-heading uagb-block-34a17ba3\"><h1 class=\"uagb-heading-text\">BetterSelf Partners.<\/h1><div class=\"uagb-separator\"><\/div><\/div>\n\n\n\n<div class=\"wp-block-uagb-container uagb-block-36a15b66 alignfull uagb-is-root-container\">\n<div class=\"wp-block-uagb-container uagb-block-9d019ec6\">\n<p>BetterSelf Partners is a handpicked circle of people, businesses, and projects empowering women whom I trust\u2014aligned with BetterSelf Coaching values: human-first, intersectional, and unapologetically trans-affirming.<\/p>\n\n\n\n<p>These partners support the ecosystem around women\u2019s empowerment coaching and identity work.<\/p>\n\n\n\n<p>This is where I share collaborators and resources that support the work we do here: reclaiming the voice, power, presence, and belonging of <strong>ALL women<\/strong>.<\/p>\n\n\n\n<p>Want to collaborate?<\/p>\n\n\n\n<div class=\"wp-block-button\"><a class=\"wp-block-button__link wp-element-button\" href=\"https:\/\/docs.google.com\/forms\/d\/e\/1FAIpQLSdBMjdSvjG-aTAdalaarNDnPRXw6etn7zVgGO2Q-0RDEx-f7g\/viewform?usp=header\">I want to collaborate<\/a><\/div>\n<\/div>\n\n\n\n<div class=\"wp-block-uagb-container uagb-block-61c72853\">\n<p><em>BetterSelf Partners es un c\u00edrculo seleccionado de personas, negocios y proyectos que empoderan a las mujeres en los que conf\u00edo\u2014alineados con los valores de BetterSelf Coaching: humano-primero, interseccional y trans-afirmativo sin disculpas.<\/em><\/p>\n\n\n\n<p><em>Estos partners sostienen el ecosistema alrededor del coaching de empoderamiento femenino y trabajo de identidad.<\/em><\/p>\n\n\n\n<p><em>Aqu\u00ed comparto colaboraciones y recursos que sostienen el trabajo que hacemos: reclamar la voz, el poder, la presencia y el sentido de pertenencia de <strong>TODAS las mujeres<\/strong>.<\/em><\/p>\n\n\n\n<p><em>\u00bfQuieres colaborar? <\/em><\/p>\n\n\n\n<div class=\"wp-block-button\"><a class=\"wp-block-button__link wp-element-button\" href=\"https:\/\/docs.google.com\/forms\/d\/e\/1FAIpQLSe2xZ2sh34m8SA23RXMxHrgQqfKYwuzi8MYvwyC6AZ0FqKKdA\/viewform?usp=header\">Quiero Colaborar.<\/a><\/div>\n<\/div>\n<\/div>\n\n\n\n<div class=\"wp-block-uagb-advanced-heading uagb-block-4e571c93\"><h2 class=\"uagb-heading-text\">Partners.<\/h2><\/div>\n\n\n\n<div class=\"wp-block-uagb-advanced-heading uagb-block-7402daa9\"><h2 class=\"uagb-heading-text\"><strong>Recommended Resources<\/strong>.<\/h2><\/div>\n\n\n\n<p><strong>Support &amp; Safety<\/strong><br>If you\u2019re in crisis, at risk of harm, or experiencing abuse, you deserve immediate, professional help. Coaching is not emergency care.<br>Below are trusted UK resources for urgent support and safety:<\/p>\n\n\n\n<p><em>Si est\u00e1s en crisis, en riesgo de da\u00f1o o sufriendo abuso, mereces ayuda profesional inmediata. El coaching no es atenci\u00f3n de emergencia.<br>A continuaci\u00f3n, encontrar\u00e1s recursos confiables en el Reino Unido para apoyo y seguridad urgente:<\/em><\/p>\n\n\n\n<p>\n  If you\u2019re in crisis, at risk of harm, or experiencing abuse, you deserve immediate, professional help. Coaching is not emergency care.\n  If you or someone else is in immediate danger, call <strong>999<\/strong> (or <strong>112<\/strong>) now.\n<\/p>\n\n<p><strong>Below are trusted UK resources for urgent support and safety:<\/strong><\/p>\n\n<ul>\n  <li>\n    <strong>Samaritans<\/strong>: <a href=\"tel:116123\">116 123<\/a> (free 24\/7 helpline for anyone in distress) \u2014\n    <a href=\"https:\/\/www.samaritans.org\" target=\"_blank\" rel=\"noopener\">Website<\/a>\n  <\/li>\n\n  <li>\n    <strong>National Domestic Abuse Helpline (Refuge)<\/strong>: <a href=\"tel:08082000247\">0808 2000 247<\/a> (24\/7 support) \u2014\n    <a href=\"https:\/\/www.nationaldahelpline.org.uk\" target=\"_blank\" rel=\"noopener\">Website<\/a>\n  <\/li>\n\n  <li>\n    <strong>Mind<\/strong>: <a href=\"tel:03001233393\">0300 123 3393<\/a> (mental health support) \u2014\n    <a href=\"https:\/\/www.mind.org.uk\" target=\"_blank\" rel=\"noopener\">Website<\/a>\n  <\/li>\n\n  <li>\n    <strong>Victim Support<\/strong>: <a href=\"tel:08081689111\">0808 168 9111<\/a> (support for victims of crime) \u2014\n    <a href=\"https:\/\/www.victimsupport.org.uk\" target=\"_blank\" rel=\"noopener\">Website<\/a>\n  <\/li>\n\n  <li>\n    <strong>Stop Hate UK<\/strong>: <a href=\"tel:08001381625\">0800 138 1625<\/a> (hate crime reporting and support) \u2014\n    <a href=\"https:\/\/www.stophateuk.org\" target=\"_blank\" rel=\"noopener\">Website<\/a>\n  <\/li>\n\n  <li>\n    <strong>NHS 111<\/strong>: <a href=\"tel:111\">111<\/a> (urgent health advice, including mental health support) \u2014\n    <a href=\"https:\/\/111.nhs.uk\" target=\"_blank\" rel=\"noopener\">Website<\/a>\n  <\/li>\n<\/ul>\n\n<p><strong>International support (key resources):<\/strong><\/p>\n\n<ul>\n  <li>\n    <strong>United States \u2014 988 Suicide &amp; Crisis Lifeline<\/strong>: <a href=\"tel:988\">988<\/a> \u2014\n    <a href=\"https:\/\/988lifeline.org\" target=\"_blank\" rel=\"noopener\">Website<\/a>\n  <\/li>\n\n  <li>\n    <strong>Spain \u2014 Tel\u00e9fono de la Esperanza<\/strong>: <a href=\"tel:914590055\">914 590 055<\/a> \u2014\n    <a href=\"https:\/\/telefonodelaesperanza.org\" target=\"_blank\" rel=\"noopener\">Website<\/a>\n  <\/li>\n\n  <li>\n    <strong>France \u2014 SOS Amiti\u00e9<\/strong>: <a href=\"tel:0972394000\">09 72 39 40 00<\/a> \u2014\n    <a href=\"https:\/\/www.sos-amitie.com\" target=\"_blank\" rel=\"noopener\">Website<\/a>\n  <\/li>\n<\/ul>\n\n<p>\n  If you\u2019re outside the UK, these international resources can help. For detailed local support, please consult trusted organizations in your area.\n<\/p>\n\n\n\n<div class=\"wp-block-uagb-container uagb-block-2704928d alignfull uagb-is-root-container\"><div class=\"uagb-container-inner-blocks-wrap\">\n<div class=\"wp-block-uagb-container uagb-block-247d3490\">\n<p>You don\u2019t have to carry this alone. If you\u2019re safe and want support beyond these resources, reach out via the <strong><a href=\"https:\/\/betterselfcoaching.com\/contact\/\" target=\"_blank\" rel=\"noopener\" title=\"\">Contact page.<\/a><\/strong><\/p>\n<\/div>\n\n\n\n<div class=\"wp-block-uagb-container uagb-block-df1a6f2e\">\n<p><em>No tienes que cargar con esto sola. Si est\u00e1s a salvo y quieres apoyo m\u00e1s all\u00e1 de estos recursos, escribe <strong><a href=\"https:\/\/betterselfcoaching.com\/es\/contacto\/\" target=\"_blank\" rel=\"noopener\" title=\"\">directamente<\/a><\/strong><\/em><\/p>\n<\/div>\n<\/div><\/div>\n\n\n\n<p><\/p>\n","protected":false},"excerpt":{"rendered":"<p>BetterSelf Partners. BetterSelf Partners is a handpicked circle of people, businesses, and projects empowering women whom I trust\u2014aligned with BetterSelf Coaching values: human-first, intersectional, and unapologetically trans-affirming. These partners support the ecosystem around women\u2019s empowerment coaching and identity work. This is where I share collaborators and resources that support the work we do here: reclaiming [&hellip;]<\/p>\n","protected":false},"author":1,"featured_media":0,"parent":0,"menu_order":0,"comment_status":"closed","ping_status":"closed","template":"","meta":{"_uag_custom_page_level_css":"","site-sidebar-layout":"default","site-content-layout":"","ast-site-content-layout":"default","site-content-style":"default","site-sidebar-style":"default","ast-global-header-display":"","ast-banner-title-visibility":"","ast-main-header-display":"","ast-hfb-above-header-display":"","ast-hfb-below-header-display":"","ast-hfb-mobile-header-display":"","site-post-title":"disabled","ast-breadcrumbs-content":"","ast-featured-img":"","footer-sml-layout":"","ast-disable-related-posts":"","theme-transparent-header-meta":"","adv-header-id-meta":"","stick-header-meta":"","header-above-stick-meta":"","header-main-stick-meta":"","header-below-stick-meta":"","astra-migrate-meta-layouts":"set","ast-page-background-enabled":"default","ast-page-background-meta":{"desktop":{"background-color":"","background-image":"","background-repeat":"repeat","background-position":"center center","background-size":"auto","background-attachment":"scroll","background-type":"","background-media":"","overlay-type":"","overlay-color":"","overlay-opacity":"","overlay-gradient":""},"tablet":{"background-color":"","background-image":"","background-repeat":"repeat","background-position":"center center","background-size":"auto","background-attachment":"scroll","background-type":"","background-media":"","overlay-type":"","overlay-color":"","overlay-opacity":"","overlay-gradient":""},"mobile":{"background-color":"","background-image":"","background-repeat":"repeat","background-position":"center center","background-size":"auto","background-attachment":"scroll","background-type":"","background-media":"","overlay-type":"","overlay-color":"","overlay-opacity":"","overlay-gradient":""}},"ast-content-background-meta":{"desktop":{"background-color":"var(--ast-global-color-5)","background-image":"","background-repeat":"repeat","background-position":"center center","background-size":"auto","background-attachment":"scroll","background-type":"","background-media":"","overlay-type":"","overlay-color":"","overlay-opacity":"","overlay-gradient":""},"tablet":{"background-color":"var(--ast-global-color-5)","background-image":"","background-repeat":"repeat","background-position":"center center","background-size":"auto","background-attachment":"scroll","background-type":"","background-media":"","overlay-type":"","overlay-color":"","overlay-opacity":"","overlay-gradient":""},"mobile":{"background-color":"var(--ast-global-color-5)","background-image":"","background-repeat":"repeat","background-position":"center center","background-size":"auto","background-attachment":"scroll","background-type":"","background-media":"","overlay-type":"","overlay-color":"","overlay-opacity":"","overlay-gradient":""}},"footnotes":""},"class_list":["post-5758","page","type-page","status-publish","hentry"],"aioseo_notices":[],"uagb_featured_image_src":{"full":false,"thumbnail":false,"medium":false,"medium_large":false,"large":false,"1536x1536":false,"2048x2048":false},"uagb_author_info":{"display_name":"Gabriela","author_link":"https:\/\/betterselfcoaching.com\/es\/author\/betterselfbyggmail-com\/"},"uagb_comment_info":0,"uagb_excerpt":"BetterSelf Partners. BetterSelf Partners is a handpicked circle of people, businesses, and projects empowering women whom I trust\u2014aligned with BetterSelf Coaching values: human-first, intersectional, and unapologetically trans-affirming. These partners support the ecosystem around women\u2019s empowerment coaching and identity work. This is where I share collaborators and resources that support the work we do here: reclaiming&hellip;","_links":{"self":[{"href":"https:\/\/betterselfcoaching.com\/es\/wp-json\/wp\/v2\/pages\/5758","targetHints":{"allow":["GET"]}}],"collection":[{"href":"https:\/\/betterselfcoaching.com\/es\/wp-json\/wp\/v2\/pages"}],"about":[{"href":"https:\/\/betterselfcoaching.com\/es\/wp-json\/wp\/v2\/types\/page"}],"author":[{"embeddable":true,"href":"https:\/\/betterselfcoaching.com\/es\/wp-json\/wp\/v2\/users\/1"}],"replies":[{"embeddable":true,"href":"https:\/\/betterselfcoaching.com\/es\/wp-json\/wp\/v2\/comments?post=5758"}],"version-history":[{"count":8,"href":"https:\/\/betterselfcoaching.com\/es\/wp-json\/wp\/v2\/pages\/5758\/revisions"}],"predecessor-version":[{"id":5769,"href":"https:\/\/betterselfcoaching.com\/es\/wp-json\/wp\/v2\/pages\/5758\/revisions\/5769"}],"wp:attachment":[{"href":"https:\/\/betterselfcoaching.com\/es\/wp-json\/wp\/v2\/media?parent=5758"}],"curies":[{"name":"wp","href":"https:\/\/api.w.org\/{rel}","templated":true}]}}