{"id":6120,"date":"2026-04-05T16:02:33","date_gmt":"2026-04-05T16:02:33","guid":{"rendered":"https:\/\/betterselfcoaching.com\/?page_id=6120"},"modified":"2026-04-05T16:02:33","modified_gmt":"2026-04-05T16:02:33","slug":"betterself-para-ti","status":"publish","type":"page","link":"https:\/\/betterselfcoaching.com\/es\/betterself-para-ti\/","title":{"rendered":"BetterSelf4YOU"},"content":{"rendered":"\n<div class=\"wp-block-uagb-advanced-heading uagb-block-aa8e75ac\"><h1 class=\"uagb-heading-text\">BetterSelf4YOU<\/h1><\/div>\n\n\n\n<div class=\"wp-block-uagb-advanced-heading uagb-block-ba363180\"><h2 class=\"uagb-heading-text\"><strong><strong><strong>Elige tu siguiente paso. Sin presi\u00f3n. Sin actuar.<\/strong><\/strong><\/strong> Sin \u201ctengo que\u201d. Sin \u201cdeber\u00eda\u201d. Solo un paso m\u00e1s cerca de TI.<\/h2><\/div>\n\n\n\n<div class=\"wp-block-uagb-container uagb-block-e4d7cc13 alignfull uagb-is-root-container\"><div class=\"uagb-container-inner-blocks-wrap\">\n<div class=\"wp-block-uagb-advanced-heading uagb-block-d47b20dd\"><h5 class=\"uagb-heading-text\"><strong><strong><strong>\u201c<\/strong><\/strong>Si est\u00e1s lista para presentarte por TI y elegir TU, yo estoy lista para trabajar contigo.<strong><strong>\u201d<\/strong><\/strong><\/strong><\/h5><\/div>\n\n\n\n<p style=\"padding-top:var(--wp--preset--spacing--20);padding-right:var(--wp--preset--spacing--70);padding-bottom:var(--wp--preset--spacing--20);padding-left:var(--wp--preset--spacing--70)\">BetterSelf Coaching hace el coaching accesible para TODAS las mujeres\u2014est\u00e9s donde est\u00e9s en el mundo, en tu vida, en tu camino. Yo te encuentro exactamente donde est\u00e1s.<\/p>\n\n\n\n<p style=\"padding-top:var(--wp--preset--spacing--20);padding-right:var(--wp--preset--spacing--70);padding-bottom:var(--wp--preset--spacing--20);padding-left:var(--wp--preset--spacing--70)\">Coaching 1:1 online para mujeres: sesiones individuales, sesiones a medida, programas y productos de coaching. En ingl\u00e9s o en espa\u00f1ol\u2014en todo el mundo. Horarios flexibles disponibles.<\/p>\n\n\n\n<p style=\"padding-top:var(--wp--preset--spacing--20);padding-right:var(--wp--preset--spacing--70);padding-bottom:var(--wp--preset--spacing--20);padding-left:var(--wp--preset--spacing--70)\">\u00bfA\u00fan no sabes por d\u00f3nde empezar? Lo s\u00e9\u2014puede sentirse abrumador: demasiadas preguntas, demasiadas opciones. \u00bfPor qu\u00e9 no me dejas un mensaje? <strong><a href=\"https:\/\/betterselfcoaching.com\/es\/contacto\/\" target=\"_blank\" rel=\"noopener\" title=\"\">Hablemos\u2014solo hablemos\u2192<\/a><\/strong><\/p>\n\n\n\n<div class=\"wp-block-uagb-advanced-heading uagb-block-ab516c32\"><h4 class=\"uagb-heading-text\">Explore todo lo que tenemos para ti :<\/h4><\/div>\n<\/div><\/div>\n\n\n\n<div style=\"height:100px\" aria-hidden=\"true\" class=\"wp-block-spacer\"><\/div>\n\n\n\n<div class=\"wp-block-uagb-container uagb-block-6d2e6a56 alignfull uagb-is-root-container\"><div class=\"uagb-container-inner-blocks-wrap\">\n<div class=\"wp-block-uagb-container uagb-block-bf3baab9\">\n<div class=\"wp-block-uagb-advanced-heading uagb-block-43ee6bfa\"><h3 class=\"uagb-heading-text\"><strong>Programas<\/strong> <\/h3><\/div>\n\n\n\n<div class=\"wp-block-uagb-advanced-heading uagb-block-9b432701\"><h6 class=\"uagb-heading-text\">Desde  \u00a3499<\/h6><\/div>\n<\/div>\n\n\n\n<div class=\"wp-block-uagb-container uagb-block-d1a022bd\">\n<ul class=\"wp-block-list\">\n<li>Programas Base (7 semanas por fase)<\/li>\n\n\n\n<li>Programas Enfoque (4 semanas)<\/li>\n\n\n\n<li>Programas trans\u2011espec\u00edficos (4 \u2013 6 semanas)<\/li>\n\n\n\n<li><strong><a href=\"https:\/\/www.betterselfcoaching.com\/es\/betterself-coaching-programas\/\" target=\"_blank\" rel=\"noopener\" title=\"\">M\u00c1S\u2192<\/a><\/strong><\/li>\n<\/ul>\n<\/div>\n<\/div><\/div>\n\n\n\n<div style=\"height:150px\" aria-hidden=\"true\" class=\"wp-block-spacer\"><\/div>\n\n\n\n<div class=\"wp-block-uagb-container uagb-block-96a9cb44 alignfull uagb-is-root-container\"><div class=\"uagb-container-inner-blocks-wrap\">\n<div class=\"wp-block-uagb-container uagb-block-5a93ed34\">\n<div class=\"wp-block-uagb-advanced-heading uagb-block-fc3d0a75\"><h3 class=\"uagb-heading-text\"><strong>Sesiones individuales + Paquetes<\/strong><\/h3><\/div>\n\n\n\n<div class=\"wp-block-uagb-advanced-heading uagb-block-7d36922d\"><h6 class=\"uagb-heading-text\">Desde   \u00a3150<\/h6><\/div>\n<\/div>\n\n\n\n<ul class=\"wp-block-list\">\n<li>Sesi\u00f3n individual de 90 minutos (claridad + reinicio)<\/li>\n\n\n\n<li>Paquetes de 5 y 10 sesiones (coaching 1:1 a medida)<\/li>\n\n\n\n<li>Empieza peque\u00f1o. Contin\u00faa si quieres m\u00e1s. Sin presi\u00f3n. A tu ritmo.<\/li>\n\n\n\n<li><strong><a href=\"https:\/\/www.betterselfcoaching.com\/es\/sesiones-y-paquetes\/\" target=\"_blank\" rel=\"noopener\" title=\"\">M\u00c1S\u2192<\/a><\/strong><\/li>\n<\/ul>\n<\/div><\/div>\n\n\n\n<div style=\"height:150px\" aria-hidden=\"true\" class=\"wp-block-spacer\"><\/div>\n\n\n\n<div class=\"wp-block-uagb-container uagb-block-4ccd157c alignfull uagb-is-root-container\"><div class=\"uagb-container-inner-blocks-wrap\">\n<div class=\"wp-block-uagb-container uagb-block-3b04bb22\">\n<div class=\"wp-block-uagb-advanced-heading uagb-block-e8af5ace\"><h3 class=\"uagb-heading-text\"><strong>Productos<\/strong><\/h3><\/div>\n\n\n\n<div class=\"wp-block-uagb-advanced-heading uagb-block-1a1156ea\"><h6 class=\"uagb-heading-text\">Desde   \u00a315<\/h6><\/div>\n<\/div>\n\n\n\n<div class=\"wp-block-uagb-container uagb-block-8a48d5c2\">\n<ul class=\"wp-block-list\">\n<li>Herramientas digitales accesibles para el desarrollo personal (a tu ritmo)<\/li>\n\n\n\n<li>Diario + prompts y herramientas de reflexi\u00f3n<\/li>\n\n\n\n<li>Newsletters Core y Enfoque (4\u20137 semanas)<\/li>\n\n\n\n<li><strong>PR\u00d3XIMAMENTE \u2014 en proceso<\/strong><\/li>\n<\/ul>\n<\/div>\n<\/div><\/div>\n\n\n\n<div class=\"wp-block-uagb-container uagb-block-a05c5f89 alignfull uagb-is-root-container\"><div class=\"uagb-container-inner-blocks-wrap\">\n<div class=\"wp-block-uagb-advanced-heading uagb-block-0996b975\"><h5 class=\"uagb-heading-text\">C\u00f3mo funciona todo: <\/h5><\/div>\n\n\n\n<p style=\"padding-right:var(--wp--preset--spacing--80);padding-left:var(--wp--preset--spacing--80)\"><strong>Estoy basada en el Reino Unido y vivo una vida n\u00f3mada. Trabajo con mujeres de todo el mundo.<\/strong> Todos los programas se ofrecen online, en ingl\u00e9s o en espa\u00f1ol\u2014con horarios flexibles, para que los husos horarios no sean una barrera. Est\u00e9s donde est\u00e9s en el mundo, en tu vida, en tu camino\u2014yo te encuentro ah\u00ed.<\/p>\n\n\n\n<p style=\"padding-right:var(--wp--preset--spacing--80);padding-left:var(--wp--preset--spacing--80)\"><strong>Mantengo mi carga de clientas 1:1 intencionalmente peque\u00f1a, para que recibas mi presencia completa.<\/strong> Si est\u00e1s lista para presentarte por TI y elegirte a TI, yo estoy lista para trabajar contigo.<\/p>\n\n\n\n<p style=\"padding-right:var(--wp--preset--spacing--80);padding-left:var(--wp--preset--spacing--80)\">Si tienes preguntas, explora cada secci\u00f3n con calma o env\u00edame un mensaje. Empecemos la conversaci\u00f3n\u2014<strong>te responder\u00e9 por email en un plazo de 2 d\u00edas.<\/strong><\/p>\n\n\n\n<p style=\"padding-right:var(--wp--preset--spacing--80);padding-left:var(--wp--preset--spacing--80)\"><strong>Recuerda:<\/strong> solo t\u00fa puedes dar este primer paso. Yo no puedo hacerlo por ti, pero una vez lo hagas, no caminar\u00e1s sola. Estar\u00e9 contigo, a tu lado, en cada paso del camino.<\/p>\n\n\n\n<div class=\"wp-block-button\"><a class=\"wp-block-button__link wp-element-button\" href=\"https:\/\/betterselfcoaching.com\/es\/trabaja-conmigo\/\">Trabaja Conmigo <\/a><\/div>\n<\/div><\/div>\n\n\n\n<p style=\"padding-top:var(--wp--preset--spacing--80);padding-right:var(--wp--preset--spacing--80);padding-bottom:var(--wp--preset--spacing--80);padding-left:var(--wp--preset--spacing--80);font-size:14px\"><strong>Gabriela<\/strong> \u2022 Fundadora de BetterSelf Coaching \u2022 Coach de vida trans para todas las mujeres \u2022 Empoderamiento e identidad \u2022 Hermandad interseccional, trans\u2011afirmativa \u2022 Coach de vida certificada \u2022 Practicante de EFT y Som\u00e1tica \u2022 Coaching emocional \u2022 No est\u00e1s rota \u2022 <strong><a href=\"https:\/\/betterselfcoaching.com\/es\/conoce-a-tu-coach\/\" target=\"_blank\" rel=\"noopener\" title=\"\">Conoce a tu coach\u2192<\/a><\/strong><\/p>\n\n\n\n<p><\/p>\n","protected":false},"excerpt":{"rendered":"<p>BetterSelf4YOU Elige tu siguiente paso. Sin presi\u00f3n. Sin actuar. Sin \u201ctengo que\u201d. Sin \u201cdeber\u00eda\u201d. Solo un paso m\u00e1s cerca de TI. \u201cSi est\u00e1s lista para presentarte por TI y elegir TU, yo estoy lista para trabajar contigo.\u201d BetterSelf Coaching hace el coaching accesible para TODAS las mujeres\u2014est\u00e9s donde est\u00e9s en el mundo, en tu vida, [&hellip;]<\/p>\n","protected":false},"author":1,"featured_media":0,"parent":0,"menu_order":0,"comment_status":"closed","ping_status":"closed","template":"","meta":{"_uag_custom_page_level_css":"","site-sidebar-layout":"default","site-content-layout":"","ast-site-content-layout":"default","site-content-style":"default","site-sidebar-style":"default","ast-global-header-display":"","ast-banner-title-visibility":"","ast-main-header-display":"","ast-hfb-above-header-display":"","ast-hfb-below-header-display":"","ast-hfb-mobile-header-display":"","site-post-title":"disabled","ast-breadcrumbs-content":"","ast-featured-img":"","footer-sml-layout":"","theme-transparent-header-meta":"","adv-header-id-meta":"","stick-header-meta":"","header-above-stick-meta":"","header-main-stick-meta":"","header-below-stick-meta":"","astra-migrate-meta-layouts":"set","ast-page-background-enabled":"default","ast-page-background-meta":{"desktop":{"background-color":"","background-image":"","background-repeat":"repeat","background-position":"center center","background-size":"auto","background-attachment":"scroll","background-type":"","background-media":"","overlay-type":"","overlay-color":"","overlay-opacity":"","overlay-gradient":""},"tablet":{"background-color":"","background-image":"","background-repeat":"repeat","background-position":"center center","background-size":"auto","background-attachment":"scroll","background-type":"","background-media":"","overlay-type":"","overlay-color":"","overlay-opacity":"","overlay-gradient":""},"mobile":{"background-color":"","background-image":"","background-repeat":"repeat","background-position":"center center","background-size":"auto","background-attachment":"scroll","background-type":"","background-media":"","overlay-type":"","overlay-color":"","overlay-opacity":"","overlay-gradient":""}},"ast-content-background-meta":{"desktop":{"background-color":"var(--ast-global-color-5)","background-image":"","background-repeat":"repeat","background-position":"center center","background-size":"auto","background-attachment":"scroll","background-type":"","background-media":"","overlay-type":"","overlay-color":"","overlay-opacity":"","overlay-gradient":""},"tablet":{"background-color":"var(--ast-global-color-5)","background-image":"","background-repeat":"repeat","background-position":"center center","background-size":"auto","background-attachment":"scroll","background-type":"","background-media":"","overlay-type":"","overlay-color":"","overlay-opacity":"","overlay-gradient":""},"mobile":{"background-color":"var(--ast-global-color-5)","background-image":"","background-repeat":"repeat","background-position":"center center","background-size":"auto","background-attachment":"scroll","background-type":"","background-media":"","overlay-type":"","overlay-color":"","overlay-opacity":"","overlay-gradient":""}},"footnotes":""},"class_list":["post-6120","page","type-page","status-publish","hentry"],"aioseo_notices":[],"uagb_featured_image_src":{"full":false,"thumbnail":false,"medium":false,"medium_large":false,"large":false,"1536x1536":false,"2048x2048":false},"uagb_author_info":{"display_name":"Gabriela","author_link":"https:\/\/betterselfcoaching.com\/es\/author\/betterselfbyggmail-com\/"},"uagb_comment_info":0,"uagb_excerpt":"BetterSelf4YOU Elige tu siguiente paso. Sin presi\u00f3n. Sin actuar. Sin \u201ctengo que\u201d. Sin \u201cdeber\u00eda\u201d. Solo un paso m\u00e1s cerca de TI. \u201cSi est\u00e1s lista para presentarte por TI y elegir TU, yo estoy lista para trabajar contigo.\u201d BetterSelf Coaching hace el coaching accesible para TODAS las mujeres\u2014est\u00e9s donde est\u00e9s en el mundo, en tu vida,&hellip;","_links":{"self":[{"href":"https:\/\/betterselfcoaching.com\/es\/wp-json\/wp\/v2\/pages\/6120","targetHints":{"allow":["GET"]}}],"collection":[{"href":"https:\/\/betterselfcoaching.com\/es\/wp-json\/wp\/v2\/pages"}],"about":[{"href":"https:\/\/betterselfcoaching.com\/es\/wp-json\/wp\/v2\/types\/page"}],"author":[{"embeddable":true,"href":"https:\/\/betterselfcoaching.com\/es\/wp-json\/wp\/v2\/users\/1"}],"replies":[{"embeddable":true,"href":"https:\/\/betterselfcoaching.com\/es\/wp-json\/wp\/v2\/comments?post=6120"}],"version-history":[{"count":7,"href":"https:\/\/betterselfcoaching.com\/es\/wp-json\/wp\/v2\/pages\/6120\/revisions"}],"predecessor-version":[{"id":6201,"href":"https:\/\/betterselfcoaching.com\/es\/wp-json\/wp\/v2\/pages\/6120\/revisions\/6201"}],"wp:attachment":[{"href":"https:\/\/betterselfcoaching.com\/es\/wp-json\/wp\/v2\/media?parent=6120"}],"curies":[{"name":"wp","href":"https:\/\/api.w.org\/{rel}","templated":true}]}}