{"id":6128,"date":"2026-04-05T16:01:06","date_gmt":"2026-04-05T16:01:06","guid":{"rendered":"https:\/\/betterselfcoaching.com\/?page_id=6128"},"modified":"2026-04-05T16:01:06","modified_gmt":"2026-04-05T16:01:06","slug":"empoderamiento-femenino-programas","status":"publish","type":"page","link":"https:\/\/betterselfcoaching.com\/es\/empoderamiento-femenino-programas\/","title":{"rendered":"Programas de Coaching de Empoderamiento femenino \u2014 Identidad. Aceptaci\u00f3n Radical. Pertenencia."},"content":{"rendered":"\n<div class=\"wp-block-uagb-advanced-heading uagb-block-aa8e75ac\"><h1 class=\"uagb-heading-text\"><strong><strong><strong>Programas de Coaching de Empoderamiento femenino \u2014 Identidad. Aceptaci\u00f3n Radical. Pertenencia.<\/strong><\/strong><\/strong><\/h1><\/div>\n\n\n\n<div class=\"wp-block-uagb-advanced-heading uagb-block-ba363180\"><h2 class=\"uagb-heading-text\"><strong><strong>Un viaje sin disculpas a trav\u00e9s de la Autoconciencia, el Autoquererse y la Autopropiedad\u2014hacia el Empoderamiento Emocional.<\/strong><\/strong><\/h2><\/div>\n\n\n\n<div class=\"wp-block-uagb-container uagb-block-0a5ef1e9 alignfull uagb-is-root-container\"><div class=\"uagb-container-inner-blocks-wrap\">\n<div class=\"wp-block-uagb-container uagb-block-9ee3548c\">\n<div class=\"wp-block-uagb-advanced-heading uagb-block-39c28a62\"><h5 class=\"uagb-heading-text\"><strong>\u201cLa \u00fanica validaci\u00f3n que necesitar\u00e1s jam\u00e1s es la tuya.\u201d<\/strong><\/h5><\/div>\n<\/div>\n\n\n\n<div class=\"wp-block-uagb-container uagb-block-d05a25ca\">\n<p style=\"padding-right:var(--wp--preset--spacing--70);padding-left:var(--wp--preset--spacing--70)\">Ni rota ni descosida. Aqu\u00ed es donde comienzas de nuevo\u2014feroz, completa y lista para reclamar tu poder. Esto no es coaching para las de coraz\u00f3n d\u00e9bil. Esto es aceptaci\u00f3n radical, identidad interseccional sin disculpas. Se trata de romper cadenas\u2014de una vez por todas\u2014con un sentido claro de pertenencia. Convi\u00e9rtete en la \u00fanica versi\u00f3n de ti misma. Crea una vida que merezca ser vivida. Deja de sobrevivir\u2014empieza a vivir. Convi\u00e9rtete en la Hero\u00edna de tu propia historia.<\/p>\n\n\n\n<p style=\"padding-right:var(--wp--preset--spacing--70);padding-left:var(--wp--preset--spacing--70)\"><strong>THE program:<\/strong> un viaje que cambia la vida a trav\u00e9s de la Autoconciencia, el Amor Propio y la Auto\u2011propiedad\u2014con un destino final: T\u00da.<\/p>\n<\/div>\n<\/div><\/div>\n\n\n\n<div class=\"wp-block-uagb-container uagb-block-e4d7cc13 alignfull uagb-is-root-container\"><div class=\"uagb-container-inner-blocks-wrap\">\n<div class=\"wp-block-uagb-advanced-heading uagb-block-92ee1ad6\"><h3 class=\"uagb-heading-text\"><strong><strong>\u00bfQu\u00e9 tan lista est\u00e1s para seguir present\u00e1ndote\u2014para seguir eligi\u00e9ndote a TI\u2014sin excusas?<\/strong><\/strong><\/h3><div class=\"uagb-separator\"><\/div><\/div>\n\n\n\n<div class=\"wp-block-uagb-advanced-heading uagb-block-d47b20dd\"><h5 class=\"uagb-heading-text\">Elige tu camino. Comprom\u00e9tete con una fase cada vez\u2014sigue present\u00e1ndote, sigue eligi\u00e9ndote a TI despu\u00e9s de cada una, o haz TODO el viaje de una sola vez hacia YOU\u2013Home.<\/h5><\/div>\n\n\n\n<p style=\"padding-top:var(--wp--preset--spacing--20);padding-right:var(--wp--preset--spacing--70);padding-bottom:var(--wp--preset--spacing--20);padding-left:var(--wp--preset--spacing--70)\">\u00bfEst\u00e1s lista para presentarte y elegirte a TI? En el momento en que respondes con honestidad, algo cambia\u2014dejas de esperar. Empiezas a elegir. Empiezas a convertirte. Empiezas a reclamar tu poder. Empiezas a tomar el control de la narrativa de tu propia historia en el momento en que te eliges a TI. En ese exacto momento, yo estoy lista para trabajar contigo.<\/p>\n<\/div><\/div>\n\n\n\n<div style=\"height:100px\" aria-hidden=\"true\" class=\"wp-block-spacer\"><\/div>\n\n\n\n<div class=\"wp-block-uagb-container uagb-block-6d2e6a56 alignfull uagb-is-root-container\"><div class=\"uagb-container-inner-blocks-wrap\">\n<div class=\"wp-block-uagb-container uagb-block-bf3baab9\">\n<div class=\"wp-block-uagb-advanced-heading uagb-block-43ee6bfa\"><h3 class=\"uagb-heading-text\">1. Se TU <\/h3><\/div>\n\n\n\n<div class=\"wp-block-uagb-advanced-heading uagb-block-9b432701\"><h4 class=\"uagb-heading-text\">Autoconciencia<\/h4><\/div>\n\n\n\n<div class=\"wp-block-uagb-advanced-heading uagb-block-e0b6b4a2\"><h6 class=\"uagb-heading-text\">7 semana  \u00a3850<\/h6><\/div>\n<\/div>\n\n\n\n<div class=\"wp-block-uagb-container uagb-block-d1a022bd\">\n<ul class=\"wp-block-list\">\n<li>Descubre qui\u00e9n eres de verdad, debajo del ruido y de las expectativas.<\/li>\n\n\n\n<li>Explora tu identidad, tus valores y tu experiencia vivida.<\/li>\n\n\n\n<li>Rompe con creencias limitantes y patrones.<\/li>\n\n\n\n<li>Construye una base de aceptaci\u00f3n radical de ti misma.\u00a0   <strong><a href=\"https:\/\/betterselfcoaching.com\/es\/se-tu\/\" target=\"_blank\" rel=\"noopener\" title=\"\">Explora Se TU\u2192<\/a><\/strong><\/li>\n<\/ul>\n<\/div>\n<\/div><\/div>\n\n\n\n<div style=\"height:150px\" aria-hidden=\"true\" class=\"wp-block-spacer\"><\/div>\n\n\n\n<div class=\"wp-block-uagb-container uagb-block-96a9cb44 alignfull uagb-is-root-container\"><div class=\"uagb-container-inner-blocks-wrap\">\n<div class=\"wp-block-uagb-container uagb-block-5a93ed34\">\n<div class=\"wp-block-uagb-advanced-heading uagb-block-fc3d0a75\"><h3 class=\"uagb-heading-text\">2. Haz TU<\/h3><\/div>\n\n\n\n<div class=\"wp-block-uagb-advanced-heading uagb-block-7d36922d\"><h4 class=\"uagb-heading-text\">Autoquererte<\/h4><\/div>\n\n\n\n<div class=\"wp-block-uagb-advanced-heading uagb-block-f7ce8578\"><h6 class=\"uagb-heading-text\">7 Semanas  \u00a3850<\/h6><\/div>\n<\/div>\n\n\n\n<ul class=\"wp-block-list\">\n<li>Entra en el amor feroz y la aceptaci\u00f3n radical\u2014la T\u00da brillante y la T\u00da ca\u00f3tica.<\/li>\n\n\n\n<li>Desaf\u00eda la duda de ti misma y el autosabotaje emocional.<\/li>\n\n\n\n<li>Cultiva l\u00edmites, autocuidado y conexi\u00f3n aut\u00e9ntica. Aprende a amarte sin disculpas.<\/li>\n\n\n\n<li>Construye la base para adue\u00f1arte de tu historia. Entra en tu yo sin disculpas.&nbsp;<strong><a href=\"https:\/\/betterselfcoaching.com\/es\/haz-tu\/\" target=\"_blank\" rel=\"noopener\" title=\"\">Explora Haz TU\u2192<\/a><\/strong><\/li>\n<\/ul>\n<\/div><\/div>\n\n\n\n<div style=\"height:150px\" aria-hidden=\"true\" class=\"wp-block-spacer\"><\/div>\n\n\n\n<div class=\"wp-block-uagb-container uagb-block-4ccd157c alignfull uagb-is-root-container\"><div class=\"uagb-container-inner-blocks-wrap\">\n<div class=\"wp-block-uagb-container uagb-block-3b04bb22\">\n<div class=\"wp-block-uagb-advanced-heading uagb-block-e8af5ace\"><h3 class=\"uagb-heading-text\">3 Por TI<\/h3><\/div>\n\n\n\n<div class=\"wp-block-uagb-advanced-heading uagb-block-1a1156ea\"><h4 class=\"uagb-heading-text\">Autopropiedad<\/h4><\/div>\n\n\n\n<div class=\"wp-block-uagb-advanced-heading uagb-block-47697da6\"><h6 class=\"uagb-heading-text\">7 Semana  \u00a3850<\/h6><\/div>\n<\/div>\n\n\n\n<div class=\"wp-block-uagb-container uagb-block-8a48d5c2\">\n<ul class=\"wp-block-list\">\n<li>Vive tu verdad plenamente y con valent\u00eda.<\/li>\n\n\n\n<li>Alinea tus valores y creencias con tu prop\u00f3sito.<\/li>\n\n\n\n<li>Desarrolla resiliencia, intuici\u00f3n y maestr\u00eda emocional.<\/li>\n\n\n\n<li>Enc\u00e1rnate en la mujer que siempre estuviste destinada a ser. Aqu\u00ed es donde llegas a casa para quedarte\u2014donde tomas las riendas.&nbsp;<strong><a href=\"https:\/\/betterselfcoaching.com\/es\/por-ti\/\" target=\"_blank\" rel=\"noopener\" title=\"\">Explora Por TI\u2192<\/a><\/strong><\/li>\n<\/ul>\n<\/div>\n<\/div><\/div>\n\n\n\n<div class=\"wp-block-uagb-container uagb-block-8954c7e8 alignfull uagb-is-root-container\"><div class=\"uagb-container-inner-blocks-wrap\">\n<div class=\"wp-block-uagb-advanced-heading uagb-block-69eb99d8\"><h3 class=\"uagb-heading-text\">4 SeTU + HazTU + PorTI<\/h3><\/div>\n\n\n\n<div class=\"wp-block-uagb-advanced-heading uagb-block-dcdf406e\"><h4 class=\"uagb-heading-text\">EL viaje completo a TI. <\/h4><\/div>\n\n\n\n<div class=\"wp-block-uagb-advanced-heading uagb-block-a9c8fff8\"><h5 class=\"uagb-heading-text\"><strong>De la supervivencia a vivir plenamente \u2022 La transformaci\u00f3n radical que cambiar\u00e1 tu vida<\/strong><\/h5><\/div>\n\n\n\n<div class=\"wp-block-uagb-advanced-heading uagb-block-7fd2815e\"><h6 class=\"uagb-heading-text\">3 x 7 Semanas  <strong>\u00a32,600<\/strong><\/h6><\/div>\n\n\n\n<p style=\"padding-right:var(--wp--preset--spacing--80);padding-left:var(--wp--preset--spacing--80)\">\u00bfLista para hacerlo todo de una sola vez? El Viaje Completo re\u00fane las tres fases\u2014un solo camino, sin interrupciones, de vuelta a TI. Explora <strong><a href=\"https:\/\/betterselfcoaching.com\/es\/autoempoderamiento\/\" target=\"_blank\" rel=\"noopener\" title=\"\">THE Full Journey\u2794<\/a><\/strong><\/p>\n<\/div><\/div>\n\n\n\n<div class=\"wp-block-uagb-container uagb-block-a05c5f89 alignfull uagb-is-root-container\"><div class=\"uagb-container-inner-blocks-wrap\">\n<div class=\"wp-block-uagb-advanced-heading uagb-block-0996b975\"><h5 class=\"uagb-heading-text\">C\u00f3mo funciona todo:<\/h5><\/div>\n\n\n\n<p style=\"padding-right:var(--wp--preset--spacing--80);padding-left:var(--wp--preset--spacing--80)\"><strong>Cada programa es un viaje independiente de 7 semanas<\/strong>, con sesiones semanales de coaching 1:1 online de 90 minutos\u2014adem\u00e1s de hojas de trabajo, estrategias, apoyo e integraci\u00f3n. Trabajo profundo. Cambio real. Hecho a tu medida.<\/p>\n\n\n\n<p style=\"padding-right:var(--wp--preset--spacing--80);padding-left:var(--wp--preset--spacing--80)\"><strong>Empieza aqu\u00ed (sin fricci\u00f3n)<\/strong>:<strong> <\/strong>Abajo encontrar\u00e1s acceso a mi p\u00e1gina <strong><a href=\"https:\/\/betterselfcoaching.com\/es\/trabaja-conmigo\/\" target=\"_blank\" rel=\"noopener\" title=\"Trabaja Conmigo\">Trabaja Conmigo<\/a><\/strong>. Una vez all\u00ed, cuando est\u00e9s lista, haz clic en <strong><a href=\"https:\/\/betterselfcoaching.com\/es\/trabaja-conmigo\/\" target=\"_blank\" rel=\"noopener\" title=\"\">Me Elijo.<\/a><\/strong> para abrir el formulario de contacto y enviarme un mensaje. Cu\u00e9ntame qu\u00e9 est\u00e1s atravesando, qu\u00e9 quieres en su lugar, y qu\u00e9 programa te llam\u00f3 la atenci\u00f3n\u2014o simplemente sal\u00fadame si a\u00fan no lo sabes. Est\u00e1 bien no saber. Est\u00e1 bien no tener las palabras. Te responder\u00e9 por email en un plazo de 2 d\u00edas, y encontraremos juntas el mejor siguiente paso.<\/p>\n\n\n\n<p style=\"padding-right:var(--wp--preset--spacing--80);padding-left:var(--wp--preset--spacing--80)\"><strong>Una vez que decidamos trabajar juntas,<\/strong> recibir\u00e1s todo lo necesario para empezar: tu contrato (mi compromiso, protecci\u00f3n de datos, l\u00edmites profesionales), tu calendario de sesiones y un enlace seguro de pago por Stripe.<\/p>\n\n\n\n<p style=\"padding-right:var(--wp--preset--spacing--80);padding-left:var(--wp--preset--spacing--80)\"><strong>Tu garant\u00eda:<\/strong> Eres libre de parar en cualquier momento. No hay reembolso por las sesiones ya realizadas\u2014pero solo se te cobrar\u00e1 por las sesiones completadas al precio de sesi\u00f3n individual (<strong>\u00a3150 por sesi\u00f3n<\/strong>). El saldo restante se devolver\u00e1. Sin explicaciones.<\/p>\n\n\n\n<p style=\"padding-right:var(--wp--preset--spacing--80);padding-left:var(--wp--preset--spacing--80)\"><strong>Recuerda:<\/strong> solo t\u00fa puedes dar este primer paso. Solo t\u00fa puedes iniciar la conversaci\u00f3n y hacerme consciente de ti. Esto es tuyo para tomarlo. Yo no puedo hacerlo por ti\u2014pero una vez lo hagas, no lo caminar\u00e1s sola. Estar\u00e9 contigo, justo a tu lado, en cada paso del camino. Por ahora, <a href=\"https:\/\/betterselfcoaching.com\/es\/contacto\/\" target=\"_blank\" rel=\"noopener\" title=\"\"><strong>Hablemos\u2014solo hablemos<\/strong>\u2794<\/a><\/p>\n\n\n\n<div class=\"wp-block-button\"><a class=\"wp-block-button__link wp-element-button\" href=\"https:\/\/betterselfcoaching.com\/es\/trabaja-conmigo\/\">Trabaja Conmigo<\/a><\/div>\n<\/div><\/div>\n\n\n\n<p style=\"padding-top:var(--wp--preset--spacing--80);padding-right:var(--wp--preset--spacing--80);padding-bottom:var(--wp--preset--spacing--80);padding-left:var(--wp--preset--spacing--80);font-size:14px\"><strong>Gabriela<\/strong> \u2022 Fundadora de BetterSelf Coaching \u2022 Coach de vida trans para todas las mujeres \u2022 Empoderamiento e identidad \u2022 Hermandad interseccional, trans\u2011afirmativa \u2022 Coach de vida certificada \u2022 Practicante de EFT y Som\u00e1tica \u2022 Coaching emocional \u2022 No est\u00e1s rota \u2022 <strong><a href=\"https:\/\/betterselfcoaching.com\/es\/conoce-a-tu-coach\/\" target=\"_blank\" rel=\"noopener\" title=\"\">Conoce a tu coach\u2794<\/a><\/strong><\/p>\n\n\n\n<p><\/p>\n","protected":false},"excerpt":{"rendered":"<p>Programas de Coaching de Empoderamiento femenino \u2014 Identidad. Aceptaci\u00f3n Radical. Pertenencia. Un viaje sin disculpas a trav\u00e9s de la Autoconciencia, el Autoquererse y la Autopropiedad\u2014hacia el Empoderamiento Emocional. \u201cLa \u00fanica validaci\u00f3n que necesitar\u00e1s jam\u00e1s es la tuya.\u201d Ni rota ni descosida. Aqu\u00ed es donde comienzas de nuevo\u2014feroz, completa y lista para reclamar tu poder. Esto [&hellip;]<\/p>\n","protected":false},"author":1,"featured_media":0,"parent":0,"menu_order":0,"comment_status":"closed","ping_status":"closed","template":"","meta":{"_uag_custom_page_level_css":"","site-sidebar-layout":"default","site-content-layout":"","ast-site-content-layout":"default","site-content-style":"default","site-sidebar-style":"default","ast-global-header-display":"","ast-banner-title-visibility":"","ast-main-header-display":"","ast-hfb-above-header-display":"","ast-hfb-below-header-display":"","ast-hfb-mobile-header-display":"","site-post-title":"disabled","ast-breadcrumbs-content":"","ast-featured-img":"","footer-sml-layout":"","theme-transparent-header-meta":"","adv-header-id-meta":"","stick-header-meta":"","header-above-stick-meta":"","header-main-stick-meta":"","header-below-stick-meta":"","astra-migrate-meta-layouts":"set","ast-page-background-enabled":"default","ast-page-background-meta":{"desktop":{"background-color":"","background-image":"","background-repeat":"repeat","background-position":"center center","background-size":"auto","background-attachment":"scroll","background-type":"","background-media":"","overlay-type":"","overlay-color":"","overlay-opacity":"","overlay-gradient":""},"tablet":{"background-color":"","background-image":"","background-repeat":"repeat","background-position":"center center","background-size":"auto","background-attachment":"scroll","background-type":"","background-media":"","overlay-type":"","overlay-color":"","overlay-opacity":"","overlay-gradient":""},"mobile":{"background-color":"","background-image":"","background-repeat":"repeat","background-position":"center center","background-size":"auto","background-attachment":"scroll","background-type":"","background-media":"","overlay-type":"","overlay-color":"","overlay-opacity":"","overlay-gradient":""}},"ast-content-background-meta":{"desktop":{"background-color":"var(--ast-global-color-5)","background-image":"","background-repeat":"repeat","background-position":"center center","background-size":"auto","background-attachment":"scroll","background-type":"","background-media":"","overlay-type":"","overlay-color":"","overlay-opacity":"","overlay-gradient":""},"tablet":{"background-color":"var(--ast-global-color-5)","background-image":"","background-repeat":"repeat","background-position":"center center","background-size":"auto","background-attachment":"scroll","background-type":"","background-media":"","overlay-type":"","overlay-color":"","overlay-opacity":"","overlay-gradient":""},"mobile":{"background-color":"var(--ast-global-color-5)","background-image":"","background-repeat":"repeat","background-position":"center center","background-size":"auto","background-attachment":"scroll","background-type":"","background-media":"","overlay-type":"","overlay-color":"","overlay-opacity":"","overlay-gradient":""}},"footnotes":""},"class_list":["post-6128","page","type-page","status-publish","hentry"],"aioseo_notices":[],"uagb_featured_image_src":{"full":false,"thumbnail":false,"medium":false,"medium_large":false,"large":false,"1536x1536":false,"2048x2048":false},"uagb_author_info":{"display_name":"Gabriela","author_link":"https:\/\/betterselfcoaching.com\/es\/author\/betterselfbyggmail-com\/"},"uagb_comment_info":0,"uagb_excerpt":"Programas de Coaching de Empoderamiento femenino \u2014 Identidad. Aceptaci\u00f3n Radical. Pertenencia. Un viaje sin disculpas a trav\u00e9s de la Autoconciencia, el Autoquererse y la Autopropiedad\u2014hacia el Empoderamiento Emocional. \u201cLa \u00fanica validaci\u00f3n que necesitar\u00e1s jam\u00e1s es la tuya.\u201d Ni rota ni descosida. Aqu\u00ed es donde comienzas de nuevo\u2014feroz, completa y lista para reclamar tu poder. Esto&hellip;","_links":{"self":[{"href":"https:\/\/betterselfcoaching.com\/es\/wp-json\/wp\/v2\/pages\/6128","targetHints":{"allow":["GET"]}}],"collection":[{"href":"https:\/\/betterselfcoaching.com\/es\/wp-json\/wp\/v2\/pages"}],"about":[{"href":"https:\/\/betterselfcoaching.com\/es\/wp-json\/wp\/v2\/types\/page"}],"author":[{"embeddable":true,"href":"https:\/\/betterselfcoaching.com\/es\/wp-json\/wp\/v2\/users\/1"}],"replies":[{"embeddable":true,"href":"https:\/\/betterselfcoaching.com\/es\/wp-json\/wp\/v2\/comments?post=6128"}],"version-history":[{"count":6,"href":"https:\/\/betterselfcoaching.com\/es\/wp-json\/wp\/v2\/pages\/6128\/revisions"}],"predecessor-version":[{"id":6205,"href":"https:\/\/betterselfcoaching.com\/es\/wp-json\/wp\/v2\/pages\/6128\/revisions\/6205"}],"wp:attachment":[{"href":"https:\/\/betterselfcoaching.com\/es\/wp-json\/wp\/v2\/media?parent=6128"}],"curies":[{"name":"wp","href":"https:\/\/api.w.org\/{rel}","templated":true}]}}