{"id":6137,"date":"2026-04-05T17:04:00","date_gmt":"2026-04-05T17:04:00","guid":{"rendered":"https:\/\/betterselfcoaching.com\/?page_id=6137"},"modified":"2026-04-05T17:38:12","modified_gmt":"2026-04-05T17:38:12","slug":"programas-enfoque","status":"publish","type":"page","link":"https:\/\/betterselfcoaching.com\/es\/programas-enfoque\/","title":{"rendered":"Programas Enfoque (4 semanas)"},"content":{"rendered":"\n<div class=\"wp-block-uagb-advanced-heading uagb-block-aa8e75ac\"><h1 class=\"uagb-heading-text\"><strong><strong>Programas Enfoque (4 semanas)<\/strong><\/strong><\/h1><\/div>\n\n\n\n<div class=\"wp-block-uagb-advanced-heading uagb-block-ba363180\"><h2 class=\"uagb-heading-text\">Dirigidos, r\u00e1pidos y poderosos. Elige un tema. Haz el trabajo. Siente el cambio.<\/h2><\/div>\n\n\n\n<div class=\"wp-block-uagb-container uagb-block-e4d7cc13 alignfull uagb-is-root-container\"><div class=\"uagb-container-inner-blocks-wrap\">\n<div class=\"wp-block-uagb-advanced-heading uagb-block-d47b20dd\"><h5 class=\"uagb-heading-text\">\u201cVeni, Vidi, Vici \u2014 Vine, vi, venc\u00ed.\u201d<\/h5><\/div>\n\n\n\n<p style=\"padding-top:var(--wp--preset--spacing--20);padding-right:var(--wp--preset--spacing--70);padding-bottom:var(--wp--preset--spacing--20);padding-left:var(--wp--preset--spacing--70)\">La clave est\u00e1 en el nombre: Enfoque significa una cosa: <strong>un patr\u00f3n. Un tema. Cuatro semanas.<\/strong><\/p>\n\n\n\n<p style=\"padding-top:var(--wp--preset--spacing--20);padding-right:var(--wp--preset--spacing--70);padding-bottom:var(--wp--preset--spacing--20);padding-left:var(--wp--preset--spacing--70)\">Estos programas van directo a los bucles emocionales y de comportamiento que te arrastran de vuelta a lo mismo: los mismos errores, las mismas decisiones equivocadas, las mismas situaciones t\u00f3xicas. Eso es \u201cestar estancada\u201d muchas veces: un patr\u00f3n sin resolver que se repite.<\/p>\n\n\n\n<p style=\"padding-top:var(--wp--preset--spacing--20);padding-right:var(--wp--preset--spacing--70);padding-bottom:var(--wp--preset--spacing--20);padding-left:var(--wp--preset--spacing--70)\">En cuatro pasos simples, <strong>lo miramos de frente<\/strong>, <strong>lo resolvemos<\/strong> (lo procesamos, lo sanamos\u2014mismo perro, distinto collar), <strong>lo integramos y seguimos adelante<\/strong>\u2014m\u00e1s ligera, m\u00e1s fuerte, m\u00e1s feliz.<\/p>\n\n\n\n<p style=\"padding-top:var(--wp--preset--spacing--20);padding-right:var(--wp--preset--spacing--70);padding-bottom:var(--wp--preset--spacing--20);padding-left:var(--wp--preset--spacing--70)\">Programas de coaching 1:1 online para Todas las mujeres. En ingl\u00e9s o en espa\u00f1ol\u2014en todo el mundo. Horarios flexibles disponibles.<\/p>\n\n\n\n<p style=\"padding-top:var(--wp--preset--spacing--20);padding-right:var(--wp--preset--spacing--70);padding-bottom:var(--wp--preset--spacing--20);padding-left:var(--wp--preset--spacing--70)\">\u00bfA\u00fan no sabes por d\u00f3nde empezar? Lo s\u00e9\u2014puede sentirse abrumador: demasiadas preguntas, demasiadas opciones. \u00bfPor qu\u00e9 no me dejas un mensaje? <strong>Hablemos\u2014solo hablemos\u2794<\/strong><\/p>\n\n\n\n<div class=\"wp-block-uagb-advanced-heading uagb-block-ab516c32\"><h4 class=\"uagb-heading-text\"><strong>Explora tus opciones:<\/strong><br><\/h4><\/div>\n<\/div><\/div>\n\n\n\n<div style=\"height:100px\" aria-hidden=\"true\" class=\"wp-block-spacer\"><\/div>\n\n\n\n<div class=\"wp-block-uagb-container uagb-block-6d2e6a56 alignfull uagb-is-root-container\"><div class=\"uagb-container-inner-blocks-wrap\">\n<div class=\"wp-block-uagb-container uagb-block-bf3baab9\">\n<div class=\"wp-block-uagb-advanced-heading uagb-block-43ee6bfa\"><h3 class=\"uagb-heading-text\"><strong>Patrones Generacionales<\/strong><\/h3><\/div>\n\n\n\n<div class=\"wp-block-uagb-advanced-heading uagb-block-9b432701\"><h6 class=\"uagb-heading-text\">4 semanas <strong>\u2014<\/strong> \u00a3499<\/h6><\/div>\n<\/div>\n\n\n\n<div class=\"wp-block-uagb-container uagb-block-d1a022bd\">\n<ul class=\"wp-block-list\">\n<li><strong>Patrones Generacionales \u2014 rompe el ciclo<\/strong><\/li>\n\n\n\n<li>Detecta el patr\u00f3n que heredaste\u2014el que sigues repitiendo<\/li>\n\n\n\n<li>Deja de elegir desde la supervivencia\u2014empieza a elegir desde la libertad emocional<\/li>\n\n\n\n<li>Construye l\u00edmites que protejan tu paz interior sin culpa<br><strong><a href=\"https:\/\/www.betterselfcoaching.com\/es\/patrones-generacionales\/\" target=\"_blank\" rel=\"noopener\" title=\"\">M\u00c1S\u2794<\/a><\/strong><\/li>\n<\/ul>\n<\/div>\n<\/div><\/div>\n\n\n\n<div style=\"height:150px\" aria-hidden=\"true\" class=\"wp-block-spacer\"><\/div>\n\n\n\n<div class=\"wp-block-uagb-container uagb-block-96a9cb44 alignfull uagb-is-root-container\"><div class=\"uagb-container-inner-blocks-wrap\">\n<div class=\"wp-block-uagb-container uagb-block-5a93ed34\">\n<div class=\"wp-block-uagb-advanced-heading uagb-block-fc3d0a75\"><h3 class=\"uagb-heading-text\"><strong>Sana TU Ni\u00f1a Interior<\/strong><\/h3><\/div>\n\n\n\n<div class=\"wp-block-uagb-advanced-heading uagb-block-7d36922d\"><h6 class=\"uagb-heading-text\">4 semanas <strong>\u2014<\/strong> \u00a3499<\/h6><\/div>\n<\/div>\n\n\n\n<ul class=\"wp-block-list\">\n<li><strong>Sana TU Ni\u00f1a Interior \u2014 convi\u00e9rtete en la mujer que te mantiene a salvo<\/strong><\/li>\n\n\n\n<li>Conoce a la parte de ti que a\u00fan se siente invisible, insegura o descuidada<\/li>\n\n\n\n<li>Sustituye el autoabandono por confianza en ti misma (en la vida real, no en teor\u00eda)<\/li>\n\n\n\n<li>Aprende a calmarte y, aun as\u00ed, tomar acci\u00f3n alineada<br><strong><a href=\"https:\/\/betterselfcoaching.com\/es\/sana-tu-nina-interior\/\" target=\"_blank\" rel=\"noopener\" title=\"\">M\u00c1S\u2794<\/a><\/strong><\/li>\n<\/ul>\n<\/div><\/div>\n\n\n\n<div style=\"height:150px\" aria-hidden=\"true\" class=\"wp-block-spacer\"><\/div>\n\n\n\n<div class=\"wp-block-uagb-container uagb-block-4ccd157c alignfull uagb-is-root-container\"><div class=\"uagb-container-inner-blocks-wrap\">\n<div class=\"wp-block-uagb-container uagb-block-3b04bb22\">\n<div class=\"wp-block-uagb-advanced-heading uagb-block-e8af5ace\"><h3 class=\"uagb-heading-text\"><strong>De V\u00edctima a Hero\u00edna<\/strong><\/h3><\/div>\n\n\n\n<div class=\"wp-block-uagb-advanced-heading uagb-block-1a1156ea\"><h6 class=\"uagb-heading-text\">4 semanas <strong>\u2014<\/strong> \u00a3499<\/h6><\/div>\n<\/div>\n\n\n\n<div class=\"wp-block-uagb-container uagb-block-8a48d5c2\">\n<ul class=\"wp-block-list\">\n<li><strong>De V\u00edctima a Hero\u00edna \u2014 suelta el pasado\u2014construye tu futuro<\/strong><\/li>\n\n\n\n<li>Rompe la narrativa que te deja atrapada en el \u201c\u00bfpor qu\u00e9 a m\u00ed?\u201d\u2014y adu\u00e9\u00f1ate de tu historia<\/li>\n\n\n\n<li>Convierte el dolor en sabidur\u00eda a trav\u00e9s de claridad, para que tus pr\u00f3ximas decisiones se sientan correctas<\/li>\n\n\n\n<li>Entra en tu agencia con confianza\u2014no m\u00e1s rogar. No m\u00e1s encogerte.<\/li>\n\n\n\n<li><strong>PR\u00d3XIMAMENTE \u2014 en proceso<\/strong><\/li>\n<\/ul>\n<\/div>\n<\/div><\/div>\n\n\n\n<div class=\"wp-block-uagb-container uagb-block-a05c5f89 alignfull uagb-is-root-container\"><div class=\"uagb-container-inner-blocks-wrap\">\n<div class=\"wp-block-uagb-advanced-heading uagb-block-0996b975\"><h5 class=\"uagb-heading-text\">How it all works: <\/h5><\/div>\n\n\n\n<p style=\"padding-right:var(--wp--preset--spacing--80);padding-left:var(--wp--preset--spacing--80)\">Cada programa es un viaje independiente de <strong>4 semanas<\/strong>, con sesiones <strong>semanales de coaching 1:1 online de 90 minutos<\/strong>\u2014adem\u00e1s de hojas de trabajo, estrategias, apoyo e integraci\u00f3n. Trabajo profundo. Cambio real. Hecho a tu medida.<\/p>\n\n\n\n<p style=\"padding-right:var(--wp--preset--spacing--80);padding-left:var(--wp--preset--spacing--80)\"><strong>Empieza aqu\u00ed (sin fricci\u00f3n)<\/strong>: Abajo encontrar\u00e1s acceso a la p\u00e1gina <a href=\"https:\/\/betterselfcoaching.com\/es\/trabaja-conmigo\/\" target=\"_blank\" rel=\"noopener\" title=\"\"><strong>Trabaja Conmigo<\/strong>. <\/a>Una vez all\u00ed, cuando est\u00e9s lista, haz clic en <strong><a href=\"https:\/\/betterselfcoaching.com\/es\/contacto\/\" target=\"_blank\" rel=\"noopener\" title=\"\">Me Elijo<\/a>.<\/strong> para abrir el formulario de contacto y enviarme un mensaje. Cu\u00e9ntame qu\u00e9 est\u00e1s atravesando, qu\u00e9 quieres en su lugar y qu\u00e9 programa te llam\u00f3 la atenci\u00f3n\u2014o simplemente sal\u00fadame si a\u00fan no lo sabes. Est\u00e1 bien no saber. Est\u00e1 bien no tener las palabras. Te responder\u00e9 por email en un plazo de 2 d\u00edas, y encontraremos juntas el mejor siguiente paso.<\/p>\n\n\n\n<p style=\"padding-right:var(--wp--preset--spacing--80);padding-left:var(--wp--preset--spacing--80)\"><strong>Una vez que decidamos trabajar juntas,<\/strong> recibir\u00e1s todo lo necesario para empezar: tu contrato (mi compromiso, protecci\u00f3n de datos, l\u00edmites profesionales), tu calendario de sesiones y un enlace seguro de pago por Stripe.<\/p>\n\n\n\n<p style=\"padding-right:var(--wp--preset--spacing--80);padding-left:var(--wp--preset--spacing--80)\"><strong>Tu garant\u00eda:<\/strong> Eres libre de parar en cualquier momento. No hay reembolso por las sesiones ya realizadas\u2014pero solo se te cobrar\u00e1 por las sesiones completadas al precio de sesi\u00f3n individual (<strong>\u00a3150 por sesi\u00f3n<\/strong>). El saldo restante se devolver\u00e1. Sin explicaciones.<\/p>\n\n\n\n<p style=\"padding-right:var(--wp--preset--spacing--80);padding-left:var(--wp--preset--spacing--80)\">Estoy basada en el Reino Unido y vivo una vida n\u00f3mada. Trabajo con mujeres de todo el mundo. Todos los programas son online, en ingl\u00e9s o en espa\u00f1ol\u2014con horarios flexibles, para que los husos horarios no sean una barrera. Mantengo mi carga de clientas 1:1 intencionalmente peque\u00f1a, para que recibas mi presencia completa. Est\u00e9s donde est\u00e9s en el mundo, en tu vida, en tu camino\u2014yo te encuentro ah\u00ed<\/p>\n\n\n\n<p style=\"padding-right:var(--wp--preset--spacing--80);padding-left:var(--wp--preset--spacing--80)\"><strong>Recuerda:<\/strong> solo t\u00fa puedes dar este primer paso. Solo t\u00fa puedes iniciar la conversaci\u00f3n y hacerme consciente de ti. Esto es tuyo para tomarlo. Yo no puedo hacerlo por ti\u2014pero una vez lo hagas, no lo caminar\u00e1s sola. Estar\u00e9 contigo, justo a tu lado, en cada paso del camino. Por ahora, <strong><a href=\"https:\/\/betterselfcoaching.com\/es\/contacto\/\" target=\"_blank\" rel=\"noopener\" title=\"\">Hablemos\u2014solo hablemos\u2794<\/a><\/strong><\/p>\n\n\n\n<div class=\"wp-block-button\"><a class=\"wp-block-button__link wp-element-button\" href=\"https:\/\/betterselfcoaching.com\/es\/trabaja-conmigo\/\">Trabaja Conmigo<\/a><\/div>\n<\/div><\/div>\n\n\n\n<p style=\"padding-top:var(--wp--preset--spacing--80);padding-right:var(--wp--preset--spacing--80);padding-bottom:var(--wp--preset--spacing--80);padding-left:var(--wp--preset--spacing--80);font-size:14px\"><strong>Gabriela<\/strong> \u2022 Fundadora de BetterSelf Coaching \u2022 Coach de vida trans para todas las mujeres \u2022 Empoderamiento e identidad \u2022 Hermandad interseccional, trans\u2011afirmativa \u2022 Coach de vida certificada \u2022 Practicante de EFT y Som\u00e1tica \u2022 Coaching emocional \u2022 No est\u00e1s rota \u2022 <strong><a href=\"https:\/\/betterselfcoaching.com\/es\/conoce-a-tu-coach\/\" target=\"_blank\" rel=\"noopener\" title=\"\">Conoce a tu coach\u2794<\/a><\/strong><\/p>\n\n\n\n<p><\/p>\n","protected":false},"excerpt":{"rendered":"<p>Programas Enfoque (4 semanas) Dirigidos, r\u00e1pidos y poderosos. Elige un tema. Haz el trabajo. Siente el cambio. \u201cVeni, Vidi, Vici \u2014 Vine, vi, venc\u00ed.\u201d La clave est\u00e1 en el nombre: Enfoque significa una cosa: un patr\u00f3n. Un tema. Cuatro semanas. Estos programas van directo a los bucles emocionales y de comportamiento que te arrastran de [&hellip;]<\/p>\n","protected":false},"author":1,"featured_media":0,"parent":0,"menu_order":0,"comment_status":"closed","ping_status":"closed","template":"","meta":{"_uag_custom_page_level_css":"","site-sidebar-layout":"default","site-content-layout":"","ast-site-content-layout":"default","site-content-style":"default","site-sidebar-style":"default","ast-global-header-display":"","ast-banner-title-visibility":"","ast-main-header-display":"","ast-hfb-above-header-display":"","ast-hfb-below-header-display":"","ast-hfb-mobile-header-display":"","site-post-title":"disabled","ast-breadcrumbs-content":"","ast-featured-img":"","footer-sml-layout":"","theme-transparent-header-meta":"","adv-header-id-meta":"","stick-header-meta":"","header-above-stick-meta":"","header-main-stick-meta":"","header-below-stick-meta":"","astra-migrate-meta-layouts":"set","ast-page-background-enabled":"default","ast-page-background-meta":{"desktop":{"background-color":"","background-image":"","background-repeat":"repeat","background-position":"center center","background-size":"auto","background-attachment":"scroll","background-type":"","background-media":"","overlay-type":"","overlay-color":"","overlay-opacity":"","overlay-gradient":""},"tablet":{"background-color":"","background-image":"","background-repeat":"repeat","background-position":"center center","background-size":"auto","background-attachment":"scroll","background-type":"","background-media":"","overlay-type":"","overlay-color":"","overlay-opacity":"","overlay-gradient":""},"mobile":{"background-color":"","background-image":"","background-repeat":"repeat","background-position":"center center","background-size":"auto","background-attachment":"scroll","background-type":"","background-media":"","overlay-type":"","overlay-color":"","overlay-opacity":"","overlay-gradient":""}},"ast-content-background-meta":{"desktop":{"background-color":"var(--ast-global-color-5)","background-image":"","background-repeat":"repeat","background-position":"center center","background-size":"auto","background-attachment":"scroll","background-type":"","background-media":"","overlay-type":"","overlay-color":"","overlay-opacity":"","overlay-gradient":""},"tablet":{"background-color":"var(--ast-global-color-5)","background-image":"","background-repeat":"repeat","background-position":"center center","background-size":"auto","background-attachment":"scroll","background-type":"","background-media":"","overlay-type":"","overlay-color":"","overlay-opacity":"","overlay-gradient":""},"mobile":{"background-color":"var(--ast-global-color-5)","background-image":"","background-repeat":"repeat","background-position":"center center","background-size":"auto","background-attachment":"scroll","background-type":"","background-media":"","overlay-type":"","overlay-color":"","overlay-opacity":"","overlay-gradient":""}},"footnotes":""},"class_list":["post-6137","page","type-page","status-publish","hentry"],"aioseo_notices":[],"uagb_featured_image_src":{"full":false,"thumbnail":false,"medium":false,"medium_large":false,"large":false,"1536x1536":false,"2048x2048":false},"uagb_author_info":{"display_name":"Gabriela","author_link":"https:\/\/betterselfcoaching.com\/es\/author\/betterselfbyggmail-com\/"},"uagb_comment_info":0,"uagb_excerpt":"Programas Enfoque (4 semanas) Dirigidos, r\u00e1pidos y poderosos. Elige un tema. Haz el trabajo. Siente el cambio. \u201cVeni, Vidi, Vici \u2014 Vine, vi, venc\u00ed.\u201d La clave est\u00e1 en el nombre: Enfoque significa una cosa: un patr\u00f3n. Un tema. Cuatro semanas. Estos programas van directo a los bucles emocionales y de comportamiento que te arrastran de&hellip;","_links":{"self":[{"href":"https:\/\/betterselfcoaching.com\/es\/wp-json\/wp\/v2\/pages\/6137","targetHints":{"allow":["GET"]}}],"collection":[{"href":"https:\/\/betterselfcoaching.com\/es\/wp-json\/wp\/v2\/pages"}],"about":[{"href":"https:\/\/betterselfcoaching.com\/es\/wp-json\/wp\/v2\/types\/page"}],"author":[{"embeddable":true,"href":"https:\/\/betterselfcoaching.com\/es\/wp-json\/wp\/v2\/users\/1"}],"replies":[{"embeddable":true,"href":"https:\/\/betterselfcoaching.com\/es\/wp-json\/wp\/v2\/comments?post=6137"}],"version-history":[{"count":6,"href":"https:\/\/betterselfcoaching.com\/es\/wp-json\/wp\/v2\/pages\/6137\/revisions"}],"predecessor-version":[{"id":6254,"href":"https:\/\/betterselfcoaching.com\/es\/wp-json\/wp\/v2\/pages\/6137\/revisions\/6254"}],"wp:attachment":[{"href":"https:\/\/betterselfcoaching.com\/es\/wp-json\/wp\/v2\/media?parent=6137"}],"curies":[{"name":"wp","href":"https:\/\/api.w.org\/{rel}","templated":true}]}}