{"id":6154,"date":"2026-04-05T15:58:12","date_gmt":"2026-04-05T15:58:12","guid":{"rendered":"https:\/\/betterselfcoaching.com\/?page_id=6154"},"modified":"2026-04-05T15:58:12","modified_gmt":"2026-04-05T15:58:12","slug":"sesiones-y-paquetes","status":"publish","type":"page","link":"https:\/\/betterselfcoaching.com\/es\/sesiones-y-paquetes\/","title":{"rendered":"Sesiones Individuales y paquetes"},"content":{"rendered":"\n<div class=\"wp-block-uagb-advanced-heading uagb-block-1a7cbc4f\"><h1 class=\"uagb-heading-text\">Sesiones Individuales y Paquetes<br><\/h1><\/div>\n\n\n\n<div class=\"wp-block-uagb-advanced-heading uagb-block-9e3792f8\"><h2 class=\"uagb-heading-text\"><strong>Claridad. Desbloqueo. Avance.<\/strong><\/h2><\/div>\n\n\n\n<div class=\"wp-block-uagb-container uagb-block-75abfb07 alignwide uagb-is-root-container\">\n<div class=\"wp-block-uagb-container uagb-block-9c6ee55f\"><\/div>\n\n\n\n<div class=\"wp-block-uagb-container uagb-block-7115af8e\">\n<div class=\"wp-block-uagb-advanced-heading uagb-block-ae6cebea\"><h5 class=\"uagb-heading-text\">Sesiones online 1:1 de 90 minutos para mujeres listas para transformar patrones estancados en avances reales.<\/h5><\/div>\n\n\n\n<p>Hay infinitas razones para trabajar con una coach de vida, y ni una sola raz\u00f3n para seguir atrapada en una vida que ya no te queda. La verdad es que no necesitas ninguna raz\u00f3n.<\/p>\n\n\n\n<div class=\"wp-block-uagb-advanced-heading uagb-block-3209c1d4\"><h6 class=\"uagb-heading-text\">\u00bfEst\u00e1s lista para presentarte y elegirte? Yo estoy lista para trabajar contigo.<\/h6><\/div>\n\n\n\n<ul class=\"wp-block-list\">\n<li>Quiz\u00e1 lo \u00fanico que necesitas es hacer clic en <strong>Trabaja Conmigo<\/strong> y empezar la conversaci\u00f3n, porque muchas veces sentirnos vistas, escuchadas y sostenidas es todo lo que necesitamos\u2026<\/li>\n\n\n\n<li>Quiz\u00e1 esa \u00fanica conversaci\u00f3n sea suficiente. Quiz\u00e1 un poco m\u00e1s.<\/li>\n\n\n\n<li>Quiz\u00e1 quieres enfocarte espec\u00edficamente en ese tema sin resolver que te lleva tiempo molestando.<\/li>\n\n\n\n<li>Quiz\u00e1 solo necesitas hablar de la vida, de TI.<\/li>\n\n\n\n<li>Quiz\u00e1 solo necesitas un empuj\u00f3n, un reset o un reinicio. A todas nos hace falta de vez en cuando.<\/li>\n\n\n\n<li>Quiz\u00e1 no importa, porque sea cual sea tu motivo, tu intenci\u00f3n o tu impulso, es v\u00e1lido\u2014porque t\u00fa eres v\u00e1lida. Y ya est\u00e1<\/li>\n<\/ul>\n\n\n\n<div class=\"wp-block-uagb-advanced-heading uagb-block-d7ad132c\"><h6 class=\"uagb-heading-text\"><strong>TU viaje. TU ritmo. TU tiempo.<\/strong><\/h6><\/div>\n\n\n\n<p>Patrones repetidos, fatiga de decisiones, l\u00edmites, saturaci\u00f3n emocional, retos concretos, disparadores\u2014lo que sea que te est\u00e9 frenando, lo que sea que te quite el sue\u00f1o por la noche, puedo trabajar contigo para <strong>ganar claridad, desbloquear y avanzar<\/strong><\/p>\n\n\n\n<div class=\"wp-block-uagb-advanced-heading uagb-block-0432935c\"><h4 class=\"uagb-heading-text\">Sesiones individuales y paquetes de coaching<\/h4><\/div>\n\n\n\n<p><strong>Sesi\u00f3n individual de 90 minutos:<\/strong> \u00a3150<br><strong>Paquete de 5 sesiones:<\/strong> \u00a3675 <em>(ahorras \u00a375)<\/em><br><strong>Paquete de 10 sesiones:<\/strong> \u00a31,300 <em>(ahorras \u00a3200)<\/em><\/p>\n\n\n\n<p>Puedes empezar con una sesi\u00f3n de 90 minutos. Continuar con un paquete si quieres m\u00e1s. T\u00fa eliges lo que se siente correcto, lo que necesitas\u2014y es v\u00e1lido.<\/p>\n\n\n\n<div class=\"wp-block-uagb-advanced-heading uagb-block-c21554dd\"><h4 class=\"uagb-heading-text\">C\u00f3mo funciona<\/h4><\/div>\n\n\n\n<ul class=\"wp-block-list\">\n<li>Todo empieza contigo eligi\u00e9ndote a TI a trav\u00e9s de <a href=\"https:\/\/betterselfcoaching.com\/es\/trabaja-conmigo\/\" target=\"_blank\" rel=\"noopener\" title=\"\"><strong>Trabaja Conmigo<\/strong><\/a><\/li>\n\n\n\n<li><strong><a href=\"https:\/\/betterselfcoaching.com\/es\/contacto\/\" target=\"_blank\" rel=\"noopener\" title=\"\">Me elijo<\/a><\/strong> abrir\u00e1 el formulario de contacto. Env\u00edame un mensaje breve. Cu\u00e9ntame qu\u00e9 est\u00e1s atravesando y qu\u00e9 quieres en su lugar. Te responder\u00e9 por email en un plazo de 2 d\u00edas con el mejor siguiente paso.<\/li>\n\n\n\n<li>Cuando decidamos trabajar juntas, recibir\u00e1s todo lo que necesitas para empezar: tu contrato de sesi\u00f3n individual o paquete (mi compromiso, protecci\u00f3n de datos, l\u00edmites profesionales\u2014lo aburrido pero necesario para mantenerte a salvo), tu agenda de sesiones y un enlace seguro de pago por Stripe.<\/li>\n\n\n\n<li><strong><strong>Programaci\u00f3n de las sesiones<\/strong> (paquetes):<\/strong> Solo programamos las sesiones individuales, o la primera sesi\u00f3n de cualquier paquete. Los paquetes no funcionan como los programas. Compres 5 o 10 sesiones, puedes programarlas o usarlas cuando lo necesites o cuando te resulte m\u00e1s conveniente. <em>(V\u00e1lidas durante un a\u00f1o desde la fecha de compra.)<\/em><\/li>\n\n\n\n<li><strong>Tu garant\u00eda:<\/strong> Elijas el paquete que elijas, eres libre de parar en cualquier momento. No hay reembolso por las sesiones ya realizadas\u2014pero solo se te cobrar\u00e1 por las sesiones completadas a la tarifa de sesi\u00f3n individual (\u00a3150), y cualquier saldo restante se devolver\u00e1. Sin explicaciones.<\/li>\n<\/ul>\n\n\n\n<div class=\"wp-block-uagb-advanced-heading uagb-block-3c0d22b6\"><h6 class=\"uagb-heading-text\">Sesiones 1:1 semanales o quincenales, a tu ritmo\u2014o cuando sientas que lo necesitas. No hay compromiso: solo claridad, insight y apoyo.<\/h6><\/div>\n\n\n\n<p>Sin atajos, solo insight.<br>Sin adornos, solo resultados.<br>Sin retenerte, te quiero libre e independiente.<br>Cambio radical para ponerte avanzar sin retorno.<\/p>\n\n\n\n<div class=\"wp-block-uagb-advanced-heading uagb-block-a1e2342d\"><h4 class=\"uagb-heading-text\">\u00bfLista para elegir TU?<\/h4><\/div>\n\n\n\n<p><strong>Esta es tu invitaci\u00f3n a empezar la conversaci\u00f3n.<\/strong> A liberarte del ruido y entrar de lleno en tu poder a trav\u00e9s de la claridad, para encontrar tu voz, anclada en tu verdad\u2014esto es coaching emocional donde el insight es el movimiento de poder que necesitamos para mover monta\u00f1as de tu camino.<\/p>\n\n\n\n<p><a href=\"https:\/\/betterselfcoaching.com\/es\/contacto\/\" target=\"_blank\" rel=\"noopener\" title=\"\"><strong>Hablemos, solo hablemo<\/strong>s<strong>\u2794<\/strong><\/a><\/p>\n\n\n\n<div class=\"wp-block-button\"><a class=\"wp-block-button__link wp-element-button\" href=\"https:\/\/betterselfcoaching.com\/es\/trabaja-conmigo\/\">Trabaja Congo<\/a><\/div>\n<\/div>\n\n\n\n<div class=\"wp-block-uagb-container uagb-block-2e76db86\"><\/div>\n<\/div>\n\n\n\n<p style=\"padding-top:var(--wp--preset--spacing--80);padding-right:var(--wp--preset--spacing--80);padding-bottom:var(--wp--preset--spacing--80);padding-left:var(--wp--preset--spacing--80);font-size:14px\"><strong>Gabriela<\/strong> \u2022 Fundadora de BetterSelf Coaching \u2022 Coach de vida trans para todas las mujeres \u2022 Empoderamiento e identidad \u2022 Hermandad interseccional, trans\u2011afirmativa \u2022 Coach de vida certificada \u2022 Practicante de EFT y Som\u00e1tica \u2022 Coaching emocional \u2022 No est\u00e1s rota \u2022 <strong><a href=\"https:\/\/betterselfcoaching.com\/es\/conoce-a-tu-coach\/\" target=\"_blank\" rel=\"noopener\" title=\"\">Conoce a tu coach\u2794<\/a><\/strong><\/p>\n\n\n\n<p><\/p>\n","protected":false},"excerpt":{"rendered":"<p>Sesiones Individuales y Paquetes Claridad. Desbloqueo. Avance. Sesiones online 1:1 de 90 minutos para mujeres listas para transformar patrones estancados en avances reales. Hay infinitas razones para trabajar con una coach de vida, y ni una sola raz\u00f3n para seguir atrapada en una vida que ya no te queda. La verdad es que no necesitas [&hellip;]<\/p>\n","protected":false},"author":1,"featured_media":0,"parent":0,"menu_order":0,"comment_status":"closed","ping_status":"closed","template":"","meta":{"_uag_custom_page_level_css":"","site-sidebar-layout":"default","site-content-layout":"","ast-site-content-layout":"default","site-content-style":"default","site-sidebar-style":"default","ast-global-header-display":"","ast-banner-title-visibility":"","ast-main-header-display":"","ast-hfb-above-header-display":"","ast-hfb-below-header-display":"","ast-hfb-mobile-header-display":"","site-post-title":"disabled","ast-breadcrumbs-content":"","ast-featured-img":"","footer-sml-layout":"","theme-transparent-header-meta":"","adv-header-id-meta":"","stick-header-meta":"","header-above-stick-meta":"","header-main-stick-meta":"","header-below-stick-meta":"","astra-migrate-meta-layouts":"set","ast-page-background-enabled":"default","ast-page-background-meta":{"desktop":{"background-color":"","background-image":"","background-repeat":"repeat","background-position":"center center","background-size":"auto","background-attachment":"scroll","background-type":"","background-media":"","overlay-type":"","overlay-color":"","overlay-opacity":"","overlay-gradient":""},"tablet":{"background-color":"","background-image":"","background-repeat":"repeat","background-position":"center center","background-size":"auto","background-attachment":"scroll","background-type":"","background-media":"","overlay-type":"","overlay-color":"","overlay-opacity":"","overlay-gradient":""},"mobile":{"background-color":"","background-image":"","background-repeat":"repeat","background-position":"center center","background-size":"auto","background-attachment":"scroll","background-type":"","background-media":"","overlay-type":"","overlay-color":"","overlay-opacity":"","overlay-gradient":""}},"ast-content-background-meta":{"desktop":{"background-color":"var(--ast-global-color-5)","background-image":"","background-repeat":"repeat","background-position":"center center","background-size":"auto","background-attachment":"scroll","background-type":"","background-media":"","overlay-type":"","overlay-color":"","overlay-opacity":"","overlay-gradient":""},"tablet":{"background-color":"var(--ast-global-color-5)","background-image":"","background-repeat":"repeat","background-position":"center center","background-size":"auto","background-attachment":"scroll","background-type":"","background-media":"","overlay-type":"","overlay-color":"","overlay-opacity":"","overlay-gradient":""},"mobile":{"background-color":"var(--ast-global-color-5)","background-image":"","background-repeat":"repeat","background-position":"center center","background-size":"auto","background-attachment":"scroll","background-type":"","background-media":"","overlay-type":"","overlay-color":"","overlay-opacity":"","overlay-gradient":""}},"footnotes":""},"class_list":["post-6154","page","type-page","status-publish","hentry"],"aioseo_notices":[],"uagb_featured_image_src":{"full":false,"thumbnail":false,"medium":false,"medium_large":false,"large":false,"1536x1536":false,"2048x2048":false},"uagb_author_info":{"display_name":"Gabriela","author_link":"https:\/\/betterselfcoaching.com\/es\/author\/betterselfbyggmail-com\/"},"uagb_comment_info":0,"uagb_excerpt":"Sesiones Individuales y Paquetes Claridad. Desbloqueo. Avance. Sesiones online 1:1 de 90 minutos para mujeres listas para transformar patrones estancados en avances reales. Hay infinitas razones para trabajar con una coach de vida, y ni una sola raz\u00f3n para seguir atrapada en una vida que ya no te queda. La verdad es que no necesitas&hellip;","_links":{"self":[{"href":"https:\/\/betterselfcoaching.com\/es\/wp-json\/wp\/v2\/pages\/6154","targetHints":{"allow":["GET"]}}],"collection":[{"href":"https:\/\/betterselfcoaching.com\/es\/wp-json\/wp\/v2\/pages"}],"about":[{"href":"https:\/\/betterselfcoaching.com\/es\/wp-json\/wp\/v2\/types\/page"}],"author":[{"embeddable":true,"href":"https:\/\/betterselfcoaching.com\/es\/wp-json\/wp\/v2\/users\/1"}],"replies":[{"embeddable":true,"href":"https:\/\/betterselfcoaching.com\/es\/wp-json\/wp\/v2\/comments?post=6154"}],"version-history":[{"count":3,"href":"https:\/\/betterselfcoaching.com\/es\/wp-json\/wp\/v2\/pages\/6154\/revisions"}],"predecessor-version":[{"id":6163,"href":"https:\/\/betterselfcoaching.com\/es\/wp-json\/wp\/v2\/pages\/6154\/revisions\/6163"}],"wp:attachment":[{"href":"https:\/\/betterselfcoaching.com\/es\/wp-json\/wp\/v2\/media?parent=6154"}],"curies":[{"name":"wp","href":"https:\/\/api.w.org\/{rel}","templated":true}]}}