{"id":6159,"date":"2026-04-05T16:00:29","date_gmt":"2026-04-05T16:00:29","guid":{"rendered":"https:\/\/betterselfcoaching.com\/?page_id=6159"},"modified":"2026-04-05T17:46:02","modified_gmt":"2026-04-05T17:46:02","slug":"programas-trans-especificos","status":"publish","type":"page","link":"https:\/\/betterselfcoaching.com\/es\/programas-trans-especificos\/","title":{"rendered":"Programas Trans-espec\u00edficos"},"content":{"rendered":"\n<div class=\"wp-block-uagb-advanced-heading uagb-block-aa8e75ac\"><h1 class=\"uagb-heading-text\"><strong>Programas Trans-espec\u00edficos<\/strong><\/h1><\/div>\n\n\n\n<div class=\"wp-block-uagb-advanced-heading uagb-block-ba363180\"><h2 class=\"uagb-heading-text\">Para las mujeres trans: Pertenencia. Identidad. Integraci\u00f3n.<\/h2><\/div>\n\n\n\n<div class=\"wp-block-uagb-container uagb-block-e4d7cc13 alignfull uagb-is-root-container\"><div class=\"uagb-container-inner-blocks-wrap\">\n<div class=\"wp-block-uagb-advanced-heading uagb-block-d47b20dd\"><h5 class=\"uagb-heading-text\"><strong><strong><strong>\u201c<\/strong><\/strong><\/strong>Tu identidad no es un problema que resolver. Es una historia que honrar. <strong><strong><strong>\u201d<\/strong><\/strong><\/strong><\/h5><\/div>\n\n\n\n<p style=\"padding-top:var(--wp--preset--spacing--20);padding-right:var(--wp--preset--spacing--70);padding-bottom:var(--wp--preset--spacing--20);padding-left:var(--wp--preset--spacing--70)\">Antes de nada, vamos a poner los puntos sobre las \u00edes para evitar las confusiones.<\/p>\n\n\n\n<p style=\"padding-top:var(--wp--preset--spacing--20);padding-right:var(--wp--preset--spacing--70);padding-bottom:var(--wp--preset--spacing--20);padding-left:var(--wp--preset--spacing--70)\">Soy coach de vida y, con orgullo, una mujer trans. Trabajo dentro del marco del feminismo interseccional, ayudando a toda mujer a reclamar su poder con confianza y determinaci\u00f3n.<\/p>\n\n\n\n<p style=\"padding-top:var(--wp--preset--spacing--20);padding-right:var(--wp--preset--spacing--70);padding-bottom:var(--wp--preset--spacing--20);padding-left:var(--wp--preset--spacing--70)\">Defiendo la diversidad y la inclusi\u00f3n, y acompa\u00f1o a mujeres de todos los rincones de la feminidad\u2014<strong>\u201ctodas las mujeres\u201d<\/strong> significa toda mujer, trans o no trans.<\/p>\n\n\n\n<p style=\"padding-top:var(--wp--preset--spacing--20);padding-right:var(--wp--preset--spacing--70);padding-bottom:var(--wp--preset--spacing--20);padding-left:var(--wp--preset--spacing--70)\">Entonces, \u00bfpor qu\u00e9 programas trans\u2011espec\u00edficos?<\/p>\n\n\n\n<p style=\"padding-top:var(--wp--preset--spacing--20);padding-right:var(--wp--preset--spacing--70);padding-bottom:var(--wp--preset--spacing--20);padding-left:var(--wp--preset--spacing--70)\">Porque s\u00e9 que hay un terreno com\u00fan que muchas mujeres trans compartimos al navegar este mundo\u2014historias de transici\u00f3n que no puedo ignorar: socializaci\u00f3n, seguridad, visibilidad, verg\u00fcenza, pertenencia\u2026 y el cansancio silencioso de estar actuando.<\/p>\n\n\n\n<p style=\"padding-top:var(--wp--preset--spacing--20);padding-right:var(--wp--preset--spacing--70);padding-bottom:var(--wp--preset--spacing--20);padding-left:var(--wp--preset--spacing--70)\">No siempre fue f\u00e1cil para m\u00ed convertirme en la mujer trans segura y sin disculpas que soy hoy. Aprend\u00ed. Lo viv\u00ed. Y s\u00ed\u2014soy prueba viviente de que es posible.<\/p>\n\n\n\n<p style=\"padding-top:var(--wp--preset--spacing--20);padding-right:var(--wp--preset--spacing--70);padding-bottom:var(--wp--preset--spacing--20);padding-left:var(--wp--preset--spacing--70)\">Estos programas son para mujeres trans\u2014no porque est\u00e9s \u201crota\u201d, ni porque necesites que te arreglen\u2014<\/p>\n\n\n\n<p style=\"padding-top:var(--wp--preset--spacing--20);padding-right:var(--wp--preset--spacing--70);padding-bottom:var(--wp--preset--spacing--20);padding-left:var(--wp--preset--spacing--70)\"><strong>Esto es empoderamiento femenino\u2014desde la realidad de la mujer trans. <\/strong><\/p>\n\n\n\n<p style=\"padding-top:var(--wp--preset--spacing--20);padding-right:var(--wp--preset--spacing--70);padding-bottom:var(--wp--preset--spacing--20);padding-left:var(--wp--preset--spacing--70)\">Porque a veces las ra\u00edces son diferentes.<\/p>\n\n\n\n<p style=\"padding-top:var(--wp--preset--spacing--20);padding-right:var(--wp--preset--spacing--70);padding-bottom:var(--wp--preset--spacing--20);padding-left:var(--wp--preset--spacing--70)\">Este es un espacio con <strong>cero gatekeeping<\/strong> y <strong>cero juicio.<\/strong><\/p>\n\n\n\n<p style=\"padding-top:var(--wp--preset--spacing--20);padding-right:var(--wp--preset--spacing--70);padding-bottom:var(--wp--preset--spacing--20);padding-left:var(--wp--preset--spacing--70)\">Y si eres una mujer que ama a una mujer trans (tu hija, tu pareja, tu amiga), o quieres entender estos temas con respeto\u2014t\u00fa tambi\u00e9n eres bienvenida. Cre\u00e9 esto porque s\u00e9 que mi comunidad todav\u00eda lo necesita. <\/p>\n\n\n\n<p style=\"padding-top:var(--wp--preset--spacing--20);padding-right:var(--wp--preset--spacing--70);padding-bottom:var(--wp--preset--spacing--20);padding-left:var(--wp--preset--spacing--70)\">Sin demostrar. Sin explicar. Sin encogerte.<\/p>\n\n\n\n<p style=\"padding-top:var(--wp--preset--spacing--20);padding-right:var(--wp--preset--spacing--70);padding-bottom:var(--wp--preset--spacing--20);padding-left:var(--wp--preset--spacing--70)\">Solo trabajo profundo y honesto\u2014para que puedas vivir como t\u00fa misma, a prop\u00f3sito.<\/p>\n\n\n\n<p style=\"padding-top:var(--wp--preset--spacing--20);padding-right:var(--wp--preset--spacing--70);padding-bottom:var(--wp--preset--spacing--20);padding-left:var(--wp--preset--spacing--70)\">Si todav\u00eda no tienes las palabras, est\u00e1 bien. Empezamos ah\u00ed. <strong><a href=\"https:\/\/betterselfcoaching.com\/es\/contacto\/\" target=\"_blank\" rel=\"noopener\" title=\"\">Hablemos\u2014solo hablemos\u2794<\/a><\/strong><\/p>\n\n\n\n<div class=\"wp-block-uagb-advanced-heading uagb-block-ab516c32\"><h4 class=\"uagb-heading-text\">Elige tu enfoque abajo\u2014empieza con el programa que te llame:<\/h4><\/div>\n<\/div><\/div>\n\n\n\n<div style=\"height:100px\" aria-hidden=\"true\" class=\"wp-block-spacer\"><\/div>\n\n\n\n<div class=\"wp-block-uagb-container uagb-block-6d2e6a56 alignfull uagb-is-root-container\"><div class=\"uagb-container-inner-blocks-wrap\">\n<div class=\"wp-block-uagb-container uagb-block-bf3baab9\">\n<div class=\"wp-block-uagb-advanced-heading uagb-block-43ee6bfa\"><h3 class=\"uagb-heading-text\"><strong><strong>D. <strong><strong><strong>Socializaci\u00f3n Masculina<\/strong><\/strong><\/strong><\/strong><\/strong><\/h3><\/div>\n\n\n\n<div class=\"wp-block-uagb-advanced-heading uagb-block-9b432701\"><h6 class=\"uagb-heading-text\">6 semanas <strong>\u2014<\/strong> \u00a3749<\/h6><\/div>\n<\/div>\n\n\n\n<div class=\"wp-block-uagb-container uagb-block-d1a022bd\">\n<ul class=\"wp-block-list\">\n<li><strong><strong><strong>Desprogramar la Socializaci\u00f3n Masculina \u2014 no te est\u00e1s convirtiendo en ella: est\u00e1s desaprendiendo a \u00e9l<\/strong><\/strong><\/strong><\/li>\n\n\n\n<li>Nombra lo que te ense\u00f1aron a ser, para que deje de dirigir tu vida<\/li>\n\n\n\n<li>Suelta patrones de verg\u00fcenza y conductas de supervivencia que no te pertenecen<\/li>\n\n\n\n<li>Construye tu feminidad desde la verdad, la seguridad y la confianza en ti\u2014en tus t\u00e9rminos<br><strong><a href=\"https:\/\/www.betterselfcoaching.com\/es\/desprogramar-socializacion-masculina\/\" target=\"_blank\" rel=\"noopener\" title=\"\">M\u00c1S\u2794<\/a><\/strong><\/li>\n<\/ul>\n<\/div>\n<\/div><\/div>\n\n\n\n<div style=\"height:150px\" aria-hidden=\"true\" class=\"wp-block-spacer\"><\/div>\n\n\n\n<div class=\"wp-block-uagb-container uagb-block-96a9cb44 alignfull uagb-is-root-container\"><div class=\"uagb-container-inner-blocks-wrap\">\n<div class=\"wp-block-uagb-container uagb-block-5a93ed34\">\n<div class=\"wp-block-uagb-advanced-heading uagb-block-fc3d0a75\"><h3 class=\"uagb-heading-text\"><strong><strong><strong>Reclama tu Transidad<\/strong><\/strong><\/strong><\/h3><\/div>\n\n\n\n<div class=\"wp-block-uagb-advanced-heading uagb-block-7d36922d\"><h6 class=\"uagb-heading-text\">4 semanas <strong>\u2014<\/strong> \u00a3499<\/h6><\/div>\n<\/div>\n\n\n\n<ul class=\"wp-block-list\">\n<li><strong>Reclamar tu Transidad \u2014 volver a casa contigo<\/strong><\/li>\n\n\n\n<li>Conecta con tu identidad\u2014tu verdad, sin disculpas ni actuaci\u00f3n<\/li>\n\n\n\n<li>Convierte la confusi\u00f3n en claridad, para sostenerte en quien eres<\/li>\n\n\n\n<li>Integra tu historia con orgullo, pertenencia y libertad emocional<br><strong><strong><a href=\"https:\/\/betterselfcoaching.com\/es\/reclama-tu-transidad\/\" target=\"_blank\" rel=\"noopener\" title=\"\">M\u00c1S\u2794<\/a><\/strong><\/strong><\/li>\n<\/ul>\n<\/div><\/div>\n\n\n\n<div style=\"height:150px\" aria-hidden=\"true\" class=\"wp-block-spacer\"><\/div>\n\n\n\n<div class=\"wp-block-uagb-container uagb-block-4ccd157c alignfull uagb-is-root-container\"><div class=\"uagb-container-inner-blocks-wrap\">\n<div class=\"wp-block-uagb-container uagb-block-3b04bb22\">\n<div class=\"wp-block-uagb-advanced-heading uagb-block-e8af5ace\"><h3 class=\"uagb-heading-text\"><strong><strong><strong>Cruzar Umbrales<\/strong><\/strong><\/strong><\/h3><\/div>\n\n\n\n<div class=\"wp-block-uagb-advanced-heading uagb-block-1a1156ea\"><h6 class=\"uagb-heading-text\">4 sedans <strong>\u2014<\/strong> \u00a3499<\/h6><\/div>\n<\/div>\n\n\n\n<div class=\"wp-block-uagb-container uagb-block-8a48d5c2\">\n<ul class=\"wp-block-list\">\n<li><strong>Cruzar Umbrales \u2014 un nuevo comienzo, no el final<\/strong><\/li>\n\n\n\n<li>Pre\u2011op: resiliencia emocional\u2014miedo, esperanza, duelo y expectativas<\/li>\n\n\n\n<li>Integraci\u00f3n post\u2011op: recuperaci\u00f3n, vulnerabilidad, confianza corporal y una nueva relaci\u00f3n contigo (y con otras personas)<\/li>\n\n\n\n<li>La cirug\u00eda de reasignaci\u00f3n de sexo no borra qui\u00e9nes somos\u2014profundiza nuestra pertenencia. Puede cambiar c\u00f3mo nos movemos por el mundo, pero seguimos siendo quienes somos\u2014con much\u00edsimo de lo que sentirnos orgullosas.<\/li>\n\n\n\n<li><strong><strong>PR\u00d3XIMAMENTE \u2014 en proceso<\/strong><\/strong><\/li>\n<\/ul>\n<\/div>\n<\/div><\/div>\n\n\n\n<div class=\"wp-block-uagb-container uagb-block-a05c5f89 alignfull uagb-is-root-container\"><div class=\"uagb-container-inner-blocks-wrap\">\n<div class=\"wp-block-uagb-advanced-heading uagb-block-0996b975\"><h5 class=\"uagb-heading-text\">C\u00f3mo funciona todo<\/h5><\/div>\n\n\n\n<p style=\"padding-right:var(--wp--preset--spacing--80);padding-left:var(--wp--preset--spacing--80)\">Cada programa es un viaje independiente de <strong>4\u20136 semanas<\/strong>, con sesiones semanales de coaching <strong>1:1 online de 90 minutos<\/strong>\u2014adem\u00e1s de hojas de trabajo, estrategias, apoyo e integraci\u00f3n. Trabajo profundo. Cambio real. Hecho a tu medida.<\/p>\n\n\n\n<p style=\"padding-right:var(--wp--preset--spacing--80);padding-left:var(--wp--preset--spacing--80)\"><strong>Empieza aqu\u00ed (sin fricci\u00f3n) <\/strong>Abajo encontrar\u00e1s acceso a mi p\u00e1gina <a href=\"https:\/\/betterselfcoaching.com\/es\/trabaja-conmigo\/\" target=\"_blank\" rel=\"noopener\" title=\"\"><strong>Trabaja Conmigo<\/strong>. <\/a>Una vez all\u00ed, cuando est\u00e9s lista, haz clic en <strong><a href=\"https:\/\/betterselfcoaching.com\/es\/contacto\/\" target=\"_blank\" rel=\"noopener\" title=\"\">Me elijo<\/a><\/strong> para abrir el formulario de contacto y enviarme un mensaje. Cu\u00e9ntame qu\u00e9 est\u00e1s atravesando, qu\u00e9 quieres en su lugar y qu\u00e9 programa te llam\u00f3 la atenci\u00f3n\u2014o simplemente sal\u00fadame si a\u00fan no lo sabes. Est\u00e1 bien no saber. <strong>Est\u00e1 bien no tener las palabras. Te responder\u00e9 por email en un plazo de 2 d\u00edas<\/strong>, y encontraremos juntas el mejor siguiente paso.<\/p>\n\n\n\n<p style=\"padding-right:var(--wp--preset--spacing--80);padding-left:var(--wp--preset--spacing--80)\">Cuando decidamos trabajar juntas, recibir\u00e1s todo lo necesario para empezar: tu contrato (mi compromiso, protecci\u00f3n de datos, l\u00edmites profesionales), tu calendario de sesiones y un enlace seguro de pago por Stripe.<\/p>\n\n\n\n<p style=\"padding-right:var(--wp--preset--spacing--80);padding-left:var(--wp--preset--spacing--80)\"><strong>Tu garant\u00eda:<\/strong> Eres libre de parar en cualquier momento. No hay reembolso por las sesiones ya realizadas\u2014pero solo se te cobrar\u00e1 por las sesiones completadas a la tarifa de sesi\u00f3n individual (\u00a3150 por sesi\u00f3n). Cualquier saldo restante se devolver\u00e1. Sin explicaciones.<\/p>\n\n\n\n<p style=\"padding-right:var(--wp--preset--spacing--80);padding-left:var(--wp--preset--spacing--80)\">Estoy basada en el Reino Unido y vivo una vida n\u00f3mada. Trabajo con mujeres de todo el mundo. Todos los programas son online, en ingl\u00e9s o en espa\u00f1ol\u2014con horarios flexibles, para que los husos horarios no sean una barrera. Mantengo mi carga de clientas 1:1 intencionalmente peque\u00f1a, para que recibas mi presencia completa. Est\u00e9s donde est\u00e9s en el mundo, en tu vida, en tu camino\u2014yo te encuentro ah\u00ed.<\/p>\n\n\n\n<p style=\"padding-right:var(--wp--preset--spacing--80);padding-left:var(--wp--preset--spacing--80)\">Recuerda: solo t\u00fa puedes dar este primer paso. Solo t\u00fa puedes iniciar la conversaci\u00f3n y hacerme consciente de ti. Esto es tuyo para tomarlo. Yo no puedo hacerlo por ti\u2014pero una vez lo hagas, no lo caminar\u00e1s sola. Estar\u00e9 contigo, justo a tu lado, en cada paso del camino. Por ahora, <strong><a href=\"https:\/\/betterselfcoaching.com\/es\/contacto\/\" target=\"_blank\" rel=\"noopener\" title=\"\">Hablemos\u2014solo hablemos\u2794<\/a><\/strong><\/p>\n\n\n\n<div class=\"wp-block-button\"><a class=\"wp-block-button__link wp-element-button\" href=\"https:\/\/betterselfcoaching.com\/es\/trabaja-conmigo\/\">Trabaja Conmigo<\/a><\/div>\n<\/div><\/div>\n\n\n\n<p style=\"padding-top:var(--wp--preset--spacing--80);padding-right:var(--wp--preset--spacing--80);padding-bottom:var(--wp--preset--spacing--80);padding-left:var(--wp--preset--spacing--80);font-size:14px\">Gabriela \u2022 Fundadora de BetterSelf Coaching \u2022 Coach de vida trans para todas las mujeres \u2022 Empoderamiento e identidad \u2022 Hermandad interseccional, trans\u2011afirmativa \u2022 Coach de vida certificada \u2022 Practicante de EFT y Som\u00e1tica \u2022 Coaching emocional \u2022 No est\u00e1s rota \u2022 <strong><a href=\"https:\/\/betterselfcoaching.com\/es\/conoce-a-tu-coach\/\" target=\"_blank\" rel=\"noopener\" title=\"\">Conoce a tu coach\u2794<\/a><\/strong><\/p>\n\n\n\n<p><\/p>\n","protected":false},"excerpt":{"rendered":"<p>Programas Trans-espec\u00edficos Para las mujeres trans: Pertenencia. Identidad. Integraci\u00f3n. \u201cTu identidad no es un problema que resolver. Es una historia que honrar. \u201d Antes de nada, vamos a poner los puntos sobre las \u00edes para evitar las confusiones. Soy coach de vida y, con orgullo, una mujer trans. Trabajo dentro del marco del feminismo interseccional, [&hellip;]<\/p>\n","protected":false},"author":1,"featured_media":0,"parent":0,"menu_order":0,"comment_status":"closed","ping_status":"closed","template":"","meta":{"_uag_custom_page_level_css":"","site-sidebar-layout":"default","site-content-layout":"","ast-site-content-layout":"default","site-content-style":"default","site-sidebar-style":"default","ast-global-header-display":"","ast-banner-title-visibility":"","ast-main-header-display":"","ast-hfb-above-header-display":"","ast-hfb-below-header-display":"","ast-hfb-mobile-header-display":"","site-post-title":"disabled","ast-breadcrumbs-content":"","ast-featured-img":"","footer-sml-layout":"","theme-transparent-header-meta":"","adv-header-id-meta":"","stick-header-meta":"","header-above-stick-meta":"","header-main-stick-meta":"","header-below-stick-meta":"","astra-migrate-meta-layouts":"set","ast-page-background-enabled":"default","ast-page-background-meta":{"desktop":{"background-color":"","background-image":"","background-repeat":"repeat","background-position":"center center","background-size":"auto","background-attachment":"scroll","background-type":"","background-media":"","overlay-type":"","overlay-color":"","overlay-opacity":"","overlay-gradient":""},"tablet":{"background-color":"","background-image":"","background-repeat":"repeat","background-position":"center center","background-size":"auto","background-attachment":"scroll","background-type":"","background-media":"","overlay-type":"","overlay-color":"","overlay-opacity":"","overlay-gradient":""},"mobile":{"background-color":"","background-image":"","background-repeat":"repeat","background-position":"center center","background-size":"auto","background-attachment":"scroll","background-type":"","background-media":"","overlay-type":"","overlay-color":"","overlay-opacity":"","overlay-gradient":""}},"ast-content-background-meta":{"desktop":{"background-color":"var(--ast-global-color-5)","background-image":"","background-repeat":"repeat","background-position":"center center","background-size":"auto","background-attachment":"scroll","background-type":"","background-media":"","overlay-type":"","overlay-color":"","overlay-opacity":"","overlay-gradient":""},"tablet":{"background-color":"var(--ast-global-color-5)","background-image":"","background-repeat":"repeat","background-position":"center center","background-size":"auto","background-attachment":"scroll","background-type":"","background-media":"","overlay-type":"","overlay-color":"","overlay-opacity":"","overlay-gradient":""},"mobile":{"background-color":"var(--ast-global-color-5)","background-image":"","background-repeat":"repeat","background-position":"center center","background-size":"auto","background-attachment":"scroll","background-type":"","background-media":"","overlay-type":"","overlay-color":"","overlay-opacity":"","overlay-gradient":""}},"footnotes":""},"class_list":["post-6159","page","type-page","status-publish","hentry"],"aioseo_notices":[],"uagb_featured_image_src":{"full":false,"thumbnail":false,"medium":false,"medium_large":false,"large":false,"1536x1536":false,"2048x2048":false},"uagb_author_info":{"display_name":"Gabriela","author_link":"https:\/\/betterselfcoaching.com\/es\/author\/betterselfbyggmail-com\/"},"uagb_comment_info":0,"uagb_excerpt":"Programas Trans-espec\u00edficos Para las mujeres trans: Pertenencia. Identidad. Integraci\u00f3n. \u201cTu identidad no es un problema que resolver. Es una historia que honrar. \u201d Antes de nada, vamos a poner los puntos sobre las \u00edes para evitar las confusiones. Soy coach de vida y, con orgullo, una mujer trans. Trabajo dentro del marco del feminismo interseccional,&hellip;","_links":{"self":[{"href":"https:\/\/betterselfcoaching.com\/es\/wp-json\/wp\/v2\/pages\/6159","targetHints":{"allow":["GET"]}}],"collection":[{"href":"https:\/\/betterselfcoaching.com\/es\/wp-json\/wp\/v2\/pages"}],"about":[{"href":"https:\/\/betterselfcoaching.com\/es\/wp-json\/wp\/v2\/types\/page"}],"author":[{"embeddable":true,"href":"https:\/\/betterselfcoaching.com\/es\/wp-json\/wp\/v2\/users\/1"}],"replies":[{"embeddable":true,"href":"https:\/\/betterselfcoaching.com\/es\/wp-json\/wp\/v2\/comments?post=6159"}],"version-history":[{"count":7,"href":"https:\/\/betterselfcoaching.com\/es\/wp-json\/wp\/v2\/pages\/6159\/revisions"}],"predecessor-version":[{"id":6258,"href":"https:\/\/betterselfcoaching.com\/es\/wp-json\/wp\/v2\/pages\/6159\/revisions\/6258"}],"wp:attachment":[{"href":"https:\/\/betterselfcoaching.com\/es\/wp-json\/wp\/v2\/media?parent=6159"}],"curies":[{"name":"wp","href":"https:\/\/api.w.org\/{rel}","templated":true}]}}